{"id":10367,"date":"2024-09-18T15:20:48","date_gmt":"2024-09-18T18:20:48","guid":{"rendered":"https:\/\/easypath.com.br\/politica-de-privacidad\/"},"modified":"2025-02-04T19:01:57","modified_gmt":"2025-02-04T22:01:57","slug":"politica-de-privacidad","status":"publish","type":"page","link":"https:\/\/easypath.com.br\/es\/politica-de-privacidad\/","title":{"rendered":"Pol\u00edtica de privacidad"},"content":{"rendered":"\t\t<div data-elementor-type=\"wp-page\" data-elementor-id=\"10367\" class=\"elementor elementor-10367 elementor-3\" data-elementor-post-type=\"page\">\n\t\t\t\t<div class=\"elementor-element elementor-element-672e1021 e-flex e-con-boxed e-con e-parent\" data-id=\"672e1021\" data-element_type=\"container\" data-e-type=\"container\">\n\t\t\t\t\t<div class=\"e-con-inner\">\n\t\t\t\t<div class=\"elementor-element elementor-element-244e0572 elementor-widget elementor-widget-text-editor\" data-id=\"244e0572\" data-element_type=\"widget\" data-e-type=\"widget\" data-widget_type=\"text-editor.default\">\n\t\t\t\t<div class=\"elementor-widget-container\">\n\t\t\t\t\t\t\t\t\t\n<h2>Visi\u00f3n general de nuestra Pol\u00edtica de privacidad<\/h2>\n<p>Tu privacidad es importante para nosotros. EasyPath respeta tu privacidad con respecto a cualquier informaci\u00f3n que podamos recopilar de ti a trav\u00e9s de nuestro sitio web easypath.com.br <\/p>\n<p>S\u00f3lo solicitamos informaci\u00f3n personal cuando realmente la necesitamos para prestarte un servicio. Lo hacemos por medios justos y legales, con tu conocimiento y consentimiento. Tambi\u00e9n te decimos por qu\u00e9 la recogemos y c\u00f3mo se utilizar\u00e1.  <\/p>\n<p>S\u00f3lo conservamos la informaci\u00f3n recopilada durante el tiempo necesario para prestar el servicio solicitado. Cuando almacenamos datos, los protegemos con medios comercialmente aceptables para evitar p\u00e9rdidas y robos, as\u00ed como el acceso, la divulgaci\u00f3n, la copia, el uso o la modificaci\u00f3n no autorizados. <\/p>\n<p><strong>No compartimos informaci\u00f3n personal identificable p\u00fablicamente ni con terceros, excepto cuando lo exige la ley.<\/strong><\/p>\n<p>Nuestro sitio web puede contener enlaces a sitios web externos no gestionados por nosotros. Ten en cuenta que no tenemos control sobre el contenido y las pr\u00e1cticas de estos sitios y no podemos aceptar responsabilidad alguna por sus respectivas pol\u00edticas de privacidad. Por favor, compru\u00e9balas siempre que sea necesario.  <\/p>\n<p>Eres libre de rechazar nuestra solicitud de informaci\u00f3n personal, entendiendo que es posible que no podamos prestarte algunos de los servicios que necesitas.<\/p>\n<p>Tu uso continuado de nuestro sitio web se considerar\u00e1 una aceptaci\u00f3n de nuestras pr\u00e1cticas en torno a la privacidad y la informaci\u00f3n personal. Si tienes alguna pregunta sobre c\u00f3mo tratamos los datos de los usuarios y la informaci\u00f3n personal, ponte en contacto con nosotros. <\/p>\n<p><br>Tipos de datos recogidos Los datos personales que recogemos son los siguientes:<\/p>\n<ul>\n<li>Nombre y apellidos<\/li>\n<li>CNPJ<\/li>\n<li>Nombre de la empresa<\/li>\n<li>Correo electr\u00f3nico<\/li>\n<li>Tel\u00e9fono<\/li>\n<li>Direcci\u00f3n<\/li>\n<\/ul>\n<p>Recogemos estos datos para los siguientes fines:<\/p>\n<ul>\n<li>Para identificar y autenticar a los usuarios de nuestro sitio web;<\/li>\n<li>Para procesar los presupuestos realizados en nuestro sitio;<\/li>\n<li>Para enviar comunicaciones sobre nuestros productos, servicios, promociones, anuncios y noticias;<\/li>\n<li>Para satisfacer las solicitudes de los usuarios a trav\u00e9s de nuestros canales de servicio;<\/li>\n<li>Para cumplir las obligaciones legales y fiscales derivadas de nuestras actividades.<\/li>\n<\/ul>\n<h3>Base jur\u00eddica para el tratamiento de datos personales<\/h3>\n<p>La base jur\u00eddica para el tratamiento de tus datos personales es tu consentimiento expreso y libre, que nos otorgas al aceptar esta pol\u00edtica de privacidad, nuestras condiciones de uso, as\u00ed como nuestra pol\u00edtica de compra al utilizar nuestro sitio web. Puedes retirar tu consentimiento en cualquier momento poni\u00e9ndote en contacto con nosotros a trav\u00e9s de nuestros canales de atenci\u00f3n al cliente. La retirada de tu consentimiento no afecta a la legalidad del tratamiento realizado sobre la base de tu consentimiento previo.  <\/p>\n<h3>Destinatarios de los datos personales<\/h3>\n<p>Tus datos personales pueden ser compartidos con los siguientes destinatarios:<\/p>\n<ul>\n<li>Proveedores y socios que nos prestan servicios relacionados con nuestro sitio web, como alojamiento, procesamiento de pagos, entrega de productos, env\u00edo de correos electr\u00f3nicos, an\u00e1lisis de datos, etc.<\/li>\n<li>Autoridades p\u00fablicas competentes que nos soliciten datos personales en cumplimiento de la ley o de una orden judicial.<\/li>\n<\/ul>\n<h3>Derechos de los usuarios<\/h3>\n<p>Tienes los siguientes derechos en relaci\u00f3n con tus datos personales:<\/p>\n<p><strong>Acceso:<\/strong> puedes solicitar una copia de tus datos personales que conservamos;<\/p>\n<ul>\n<li><strong>Rectificaci\u00f3n:<\/strong> puedes solicitar que se corrijan o actualicen tus datos personales si son incorrectos o est\u00e1n incompletos;<\/li>\n<li><strong>Supresi\u00f3n:<\/strong> puedes solicitar la supresi\u00f3n de tus datos personales que ya no sean necesarios para los fines para los que fueron recogidos;<\/li>\n<li><strong>Revocaci\u00f3n:<\/strong> puedes revocar tu consentimiento para el tratamiento de tus datos personales en cualquier momento, sin que ello afecte a la licitud del tratamiento realizado sobre la base del consentimiento anterior.<\/li>\n<\/ul>\n<p>Para ejercer tus derechos, puedes ponerte en contacto con nosotros a trav\u00e9s de nuestros canales de servicio, indicando tu nombre completo, direcci\u00f3n de correo electr\u00f3nico y el derecho que deseas ejercer. Responderemos a tu solicitud en un plazo m\u00e1ximo de 15 d\u00edas. <\/p>\n<h3>Seguridad de los datos personales<\/h3>\n<p>Tomamos las medidas t\u00e9cnicas y organizativas adecuadas para proteger tus datos personales contra p\u00e9rdida, robo, acceso no autorizado, divulgaci\u00f3n, alteraci\u00f3n o destrucci\u00f3n. Entre las medidas que utilizamos se encuentran: <\/p>\n<ul>\n<li>Cifrado de datos en tr\u00e1nsito y en reposo;<\/li>\n<li>Control de acceso restringido a los datos personales;<\/li>\n<li>Supervisi\u00f3n y auditor\u00eda de las actividades de tratamiento de datos personales;<\/li>\n<li>Formar y concienciar a nuestros empleados sobre las buenas pr\u00e1cticas en materia de protecci\u00f3n de datos.<\/li>\n<li>Utilizamos un certificado SSL para proteger el sitio y empleamos medios para combatir el SPAM y el PHISHING.<\/li>\n<li>Sin embargo, ning\u00fan sistema es completamente seguro y est\u00e1 exento de riesgos. En caso de que se produzca una violaci\u00f3n de datos que pueda suponer un riesgo o da\u00f1o significativo para los interesados, lo notificaremos a las autoridades competentes y a los interesados afectados, tal y como establece la LGPD. <\/li>\n<\/ul>\n<h3>Descargo de responsabilidad<\/h3>\n<p>Aunque nos comprometemos a proteger la seguridad de la tienda virtual, el Sitio no otorga ninguna garant\u00eda en relaci\u00f3n con la disponibilidad, continuidad del funcionamiento o infalibilidad de los servicios y\/o contenidos, ni de que \u00e9stos sean \u00fatiles para la realizaci\u00f3n de ninguna actividad en particular. Adem\u00e1s, teniendo en cuenta las caracter\u00edsticas del medio Internet, el Sitio no garantiza la seguridad y privacidad de los Contenidos fuera del dominio del Sitio, salvo en los t\u00e9rminos de la Pol\u00edtica de Privacidad, ni que los mismos sean ininterrumpidos, libres de virus u otros problemas, errores y ataques y, en particular, no garantiza que terceros no autorizados no puedan acceder y eventualmente interceptar, borrar, alterar, modificar o manipular de cualquier forma los datos presentes y\/o transmitidos a sus servidores. <\/p>\n<h3>Transferencia internacional de datos<\/h3>\n<p>En principio, EasyPath no transfiere internacionalmente los datos personales de los Usuarios, pero en caso necesario se compromete a cumplir todos los requisitos del art. 33 de la LGPD.<\/p>\n<h3>Cookies, Google Analytics y otras tecnolog\u00edas<\/h3>\n<p>Este sitio web utiliza Google Analytics, un servicio de an\u00e1lisis de Internet prestado por la empresa estadounidense Google Inc. El servicio Google Analytics utiliza \u00abcookies\u00bb, que son archivos de texto ubicados en tu ordenador, para ayudar al sitio a analizar c\u00f3mo lo utilizan los usuarios. <\/p>\n<p>La informaci\u00f3n que genera la cookie acerca de tu uso del sitio (incluyendo tu direcci\u00f3n IP, ubicaci\u00f3n geogr\u00e1fica, fuente de referencia, tipo de navegador, duraci\u00f3n de la visita y p\u00e1ginas visitadas) ser\u00e1 directamente transmitida y archivada por Google de forma an\u00f3nima en los servidores de su sede central en Estados Unidos.<\/p>\n<p>Google utilizar\u00e1 esta informaci\u00f3n con el fin de evaluar tu uso del sitio web, generar informes sobre la actividad del sitio web para los operadores del mismo y ofrecer otros servicios relacionados con la actividad del sitio web y el uso de Internet.<\/p>\n<p>Google podr\u00e1 transmitir dicha informaci\u00f3n a terceros cuando as\u00ed se lo requiera la legislaci\u00f3n, o cuando dichos terceros procesen la informaci\u00f3n por cuenta de Google. Google no asociar\u00e1 tu direcci\u00f3n IP con ning\u00fan otro dato del que disponga Google. <\/p>\n<p>Puedes rechazar el uso de cookies seleccionando la configuraci\u00f3n apropiada en tu navegador, sin embargo, ten en cuenta que si haces esto es posible que no puedas utilizar todas las funcionalidades de este sitio web, as\u00ed como no tener acceso completo a los servicios de Google Inc.<\/p>\n<p>Al utilizar este sitio web, consientes el tratamiento de informaci\u00f3n acerca de ti por Google en la forma y para los fines arriba indicados.<\/p>\n<p>Tambi\u00e9n utilizamos tecnolog\u00edas de la empresa Meta, que controla las plataformas Instagram, Facebook, Messenger y WhatsApp. Utilizamos etiquetas de p\u00edxel con diversos fines para medir el comportamiento del sitio y de nuestros usuarios, y no conservamos estos datos ni los compartimos de forma inapropiada. <\/p>\n<p>Utilizamos esta informaci\u00f3n para comprender y analizar datos, administrar nuestro sitio, conocer el comportamiento de los usuarios en el sitio, mejorar tu experiencia de navegaci\u00f3n y recopilar informaci\u00f3n demogr\u00e1fica sobre nuestra base de usuarios en su conjunto. EasyPath puede utilizar esta informaci\u00f3n en nuestros servicios de marketing y publicidad en su conjunto. <\/p>\n<h3>Cambios en la pol\u00edtica de privacidad<\/h3>\n<p>Podemos cambiar esta pol\u00edtica de privacidad en cualquier momento por motivos legales u operativos. Siempre que se produzca un cambio, publicaremos la nueva versi\u00f3n en nuestro sitio web e informaremos a nuestros usuarios por correo electr\u00f3nico u otros medios apropiados. La nueva pol\u00edtica entrar\u00e1 en vigor a partir de la fecha de su publicaci\u00f3n. Te recomendamos que revises peri\u00f3dicamente esta pol\u00edtica para mantenerte informado sobre nuestras pr\u00e1cticas de privacidad.   <\/p>\n<h3>Ponte en contacto con<\/h3>\n<p>Si tienes alguna pregunta, sugerencia o queja sobre esta pol\u00edtica de privacidad o sobre el tratamiento de tus datos personales por parte de EasyPath, ponte en contacto con nosotros a trav\u00e9s de los siguientes medios:<\/p>\n<p><strong>Correo electr\u00f3nico:<\/strong> <a href=\"mailto:diagnosticos@grupoerviegas.com.br\">diagnosticos@grupoerviegas.com.br<\/a><\/p>\n<p><strong>Tel\u00e9fono\/WhatsApp:<\/strong> (11) 5034-2227 &#8211; <a href=\"https:\/\/wa.me\/+551150342227\" target=\"_blank\" rel=\"noopener\">Haz clic aqu\u00ed<\/a> para abrir WhatsApp<\/p>\n<p><strong>Direcci\u00f3n<\/strong>: Alameda Plut\u00e3o, 593 &#8211; American Park Empresarial Nr, Indaiatuba &#8211; SP, 13347-656<\/p>\n<p>Esta pol\u00edtica de privacidad se actualiz\u00f3 por \u00faltima vez el 01\/02\/2025.<\/p>\t\t\t\t\t\t\t\t<\/div>\n\t\t\t\t<\/div>\n\t\t\t\t\t<\/div>\n\t\t\t\t<\/div>\n\t\t\t\t<\/div>\n\t\t","protected":false},"excerpt":{"rendered":"<p>Visi\u00f3n general de nuestra Pol\u00edtica de privacidad Tu privacidad es importante para nosotros. EasyPath respeta tu privacidad con respecto a cualquier informaci\u00f3n que podamos recopilar de ti a trav\u00e9s de nuestro sitio web easypath.com.br S\u00f3lo solicitamos informaci\u00f3n personal cuando realmente la necesitamos para prestarte un servicio. Lo hacemos por medios justos y legales, con tu&hellip;<\/p>\n","protected":false},"author":1,"featured_media":0,"parent":0,"menu_order":0,"comment_status":"closed","ping_status":"open","template":"","meta":{"footnotes":""},"class_list":["post-10367","page","type-page","status-publish","hentry"],"_links":{"self":[{"href":"https:\/\/easypath.com.br\/es\/wp-json\/wp\/v2\/pages\/10367","targetHints":{"allow":["GET"]}}],"collection":[{"href":"https:\/\/easypath.com.br\/es\/wp-json\/wp\/v2\/pages"}],"about":[{"href":"https:\/\/easypath.com.br\/es\/wp-json\/wp\/v2\/types\/page"}],"author":[{"embeddable":true,"href":"https:\/\/easypath.com.br\/es\/wp-json\/wp\/v2\/users\/1"}],"replies":[{"embeddable":true,"href":"https:\/\/easypath.com.br\/es\/wp-json\/wp\/v2\/comments?post=10367"}],"version-history":[{"count":1,"href":"https:\/\/easypath.com.br\/es\/wp-json\/wp\/v2\/pages\/10367\/revisions"}],"predecessor-version":[{"id":10368,"href":"https:\/\/easypath.com.br\/es\/wp-json\/wp\/v2\/pages\/10367\/revisions\/10368"}],"wp:attachment":[{"href":"https:\/\/easypath.com.br\/es\/wp-json\/wp\/v2\/media?parent=10367"}],"curies":[{"name":"wp","href":"https:\/\/api.w.org\/{rel}","templated":true}]}}