{"id":10369,"date":"2024-11-27T14:40:45","date_gmt":"2024-11-27T17:40:45","guid":{"rendered":"https:\/\/easypath.com.br\/politica-de-compras\/"},"modified":"2025-02-04T19:03:58","modified_gmt":"2025-02-04T22:03:58","slug":"politica-de-compras","status":"publish","type":"page","link":"https:\/\/easypath.com.br\/es\/politica-de-compras\/","title":{"rendered":"Pol\u00edtica de compras"},"content":{"rendered":"\t\t<div data-elementor-type=\"wp-page\" data-elementor-id=\"10369\" class=\"elementor elementor-10369 elementor-6930\" data-elementor-post-type=\"page\">\n\t\t\t\t<div class=\"elementor-element elementor-element-40d3e1ea e-flex e-con-boxed e-con e-parent\" data-id=\"40d3e1ea\" data-element_type=\"container\" data-e-type=\"container\">\n\t\t\t\t\t<div class=\"e-con-inner\">\n\t\t\t\t<div class=\"elementor-element elementor-element-675f5351 elementor-widget elementor-widget-text-editor\" data-id=\"675f5351\" data-element_type=\"widget\" data-e-type=\"widget\" data-widget_type=\"text-editor.default\">\n\t\t\t\t<div class=\"elementor-widget-container\">\n\t\t\t\t\t\t\t\t\t\n<h2>Visi\u00f3n general de nuestra pol\u00edtica de compras<\/h2>\n<h3>Informaci\u00f3n general<\/h3>\n<p>Bienvenido al sitio web de EasyPath.<\/p>\n<p>Esta Pol\u00edtica de Compras describe los procedimientos para solicitar y tramitar ofertas a trav\u00e9s de nuestro sitio web.<\/p>\n<h3>Proceso de oferta<\/h3>\n<ol>\n<li><strong>Solicitar un presupuesto<\/strong>: Los presupuestos se pueden realizar a trav\u00e9s de <a href=\"https:\/\/easypath.com.br\">www.easypath.com.br<\/a> de forma totalmente gratuita y sin ning\u00fan pago ni tasa. Para solicitar un presupuesto en s\u00f3lo unos minutos, a\u00f1ade los productos deseados a la bolsa de presupuestos. <\/li>\n<li><strong>Formulario de<\/strong> presupuesto: Despu\u00e9s de a\u00f1adir los productos a la bolsa, debes rellenar un formulario con los datos personales necesarios para el presupuesto.<\/li>\n<li><strong>Enviar una<\/strong> solicitud de presupuesto: Cuando env\u00edes una solicitud de presupuesto, ser\u00e1 procesada por nuestro equipo.<\/li>\n<\/ol>\n<h3>Tiempo de respuesta<\/h3>\n<p>Respondemos a los presupuestos en un plazo de 48 horas. Un asesor especializado se pondr\u00e1 en contacto contigo a trav\u00e9s de la direcci\u00f3n de correo electr\u00f3nico facilitada en el formulario durante el proceso de solicitud de presupuesto. <\/p>\n<h3>Requisitos para solicitar un presupuesto<\/h3>\n<p>Para solicitar un presupuesto, necesitaremos la siguiente informaci\u00f3n:<\/p>\n<ul>\n<li>Nombre<\/li>\n<li>Apellido<\/li>\n<li>Tipo de persona (particular o empresa)<\/li>\n<li>N\u00famero CPF\/CNPJ (Opcional)<\/li>\n<li>Pa\u00eds<\/li>\n<li>C\u00d3DIGO POSTAL<\/li>\n<li>Direcci\u00f3n completa<\/li>\n<li>Barrio<\/li>\n<li>Ciudad<\/li>\n<li>Estado<\/li>\n<li>Tel\u00e9fono<\/li>\n<li>Direcci\u00f3n de correo electr\u00f3nico<\/li>\n<\/ul>\n<h3>T\u00e9rminos y condiciones<\/h3>\n<h4>Validez de las cotizaciones<\/h4>\n<p>Los presupuestos son v\u00e1lidos <strong>durante 5 d\u00edas<\/strong> a partir de la fecha en que se env\u00edan al cliente. Transcurrido este plazo, el presupuesto puede estar sujeto a cambios. <\/p>\n<h4>Responsabilidades<\/h4>\n<p>EasyPath se compromete a mantener seguros los datos de los clientes, tal y como se describe en nuestra <a href=\"https:\/\/easypath.com.br\/es\/politica-de-privacidad\/\">Pol\u00edtica de privacidad<\/a>. No nos responsabilizamos de las posibles discrepancias que puedan surgir entre el presupuesto facilitado y el precio final de los productos si el presupuesto ha caducado. El presupuesto se procesar\u00e1 de acuerdo con los datos proporcionados por el cliente. Si alguno de los datos es incorrecto al enviar el presupuesto, ponte en contacto con nuestro equipo de atenci\u00f3n al cliente para realizar las correcciones necesarias.   <\/p>\n<h3>Confidencialidad y privacidad<\/h3>\n<h4>Uso y protecci\u00f3n de la informaci\u00f3n<\/h4>\n<p>La informaci\u00f3n facilitada por los clientes se utiliza exclusivamente para preparar y enviar los presupuestos solicitados. Toda la informaci\u00f3n est\u00e1 protegida de acuerdo con nuestra <a href=\"https:\/\/easypath.com.br\/es\/politica-de-privacidad\/\">Pol\u00edtica de privacidad<\/a> y no se compartir\u00e1 con terceros sin el consentimiento del cliente. <\/p>\n<h4>Declaraci\u00f3n de confidencialidad<\/h4>\n<p>Los presupuestos solicitados y respondidos se tratan con la m\u00e1xima confidencialidad. Garantizamos que los detalles de los presupuestos no se divulgar\u00e1n a terceros, salvo que lo exija la ley o con el consentimiento expreso del cliente. <\/p>\n<h3>Limitaciones y exclusiones<\/h3>\n<h4>Geograf\u00eda y productos<\/h4>\n<p>Actualmente, los productos EasyPath s\u00f3lo est\u00e1n disponibles en los pa\u00edses de Am\u00e9rica Latina.<\/p>\n<h3>Exenci\u00f3n de responsabilidad<\/h3>\n<p>Los presupuestos proporcionados por el sitio web EasyPath no constituyen una oferta de venta vinculante. Los presupuestos son s\u00f3lo estimaciones de precios y condiciones, y est\u00e1n sujetos a cambios. El sitio no es responsable de las diferencias entre el presupuesto proporcionado y los precios finales de los productos en el momento de la compra. Como tal, el sitio web EasyPath es un mero intermediario entre el cliente y el asesor de ventas.     <\/p>\n<h3>Contacto y asistencia<\/h3>\n<p>Para preguntas y asistencia sobre presupuestos, ponte en contacto con nosotros a trav\u00e9s de los siguientes canales:<\/p>\n<ul>\n<li><strong>Correo electr\u00f3nico<\/strong>: <a href=\"mailto:diagnosticos@grupoerviegas.com.br\">diagnosticos@grupoerviegas.com.br<\/a><\/li>\n<li><strong>Tel\u00e9fono\/WhatsApp:<\/strong> <a href=\"https:\/\/wa.me\/+551150342227\" target=\"_blank\" rel=\"noopener\">(11) 5034-2227<\/a><\/li>\n<li><strong>Horario:<\/strong> de lunes a jueves de 08:30 a 17:30 y viernes de 08:00 a 17:00<\/li>\n<\/ul>\t\t\t\t\t\t\t\t<\/div>\n\t\t\t\t<\/div>\n\t\t\t\t\t<\/div>\n\t\t\t\t<\/div>\n\t\t\t\t<\/div>\n\t\t","protected":false},"excerpt":{"rendered":"<p>Visi\u00f3n general de nuestra pol\u00edtica de compras Informaci\u00f3n general Bienvenido al sitio web de EasyPath. Esta Pol\u00edtica de Compras describe los procedimientos para solicitar y tramitar ofertas a trav\u00e9s de nuestro sitio web. Proceso de oferta Solicitar un presupuesto: Los presupuestos se pueden realizar a trav\u00e9s de www.easypath.com.br de forma totalmente gratuita y sin ning\u00fan&hellip;<\/p>\n","protected":false},"author":1,"featured_media":0,"parent":0,"menu_order":0,"comment_status":"closed","ping_status":"open","template":"","meta":{"footnotes":""},"class_list":["post-10369","page","type-page","status-publish","hentry"],"_links":{"self":[{"href":"https:\/\/easypath.com.br\/es\/wp-json\/wp\/v2\/pages\/10369","targetHints":{"allow":["GET"]}}],"collection":[{"href":"https:\/\/easypath.com.br\/es\/wp-json\/wp\/v2\/pages"}],"about":[{"href":"https:\/\/easypath.com.br\/es\/wp-json\/wp\/v2\/types\/page"}],"author":[{"embeddable":true,"href":"https:\/\/easypath.com.br\/es\/wp-json\/wp\/v2\/users\/1"}],"replies":[{"embeddable":true,"href":"https:\/\/easypath.com.br\/es\/wp-json\/wp\/v2\/comments?post=10369"}],"version-history":[{"count":1,"href":"https:\/\/easypath.com.br\/es\/wp-json\/wp\/v2\/pages\/10369\/revisions"}],"predecessor-version":[{"id":10370,"href":"https:\/\/easypath.com.br\/es\/wp-json\/wp\/v2\/pages\/10369\/revisions\/10370"}],"wp:attachment":[{"href":"https:\/\/easypath.com.br\/es\/wp-json\/wp\/v2\/media?parent=10369"}],"curies":[{"name":"wp","href":"https:\/\/api.w.org\/{rel}","templated":true}]}}