{"id":11317,"date":"2025-02-19T22:57:55","date_gmt":"2025-02-20T01:57:55","guid":{"rendered":"https:\/\/easypath.com.br\/finalizar-presupuesto\/"},"modified":"2025-02-22T00:39:02","modified_gmt":"2025-02-22T03:39:02","slug":"finalizar-presupuesto","status":"publish","type":"page","link":"https:\/\/easypath.com.br\/es\/finalizar-presupuesto\/","title":{"rendered":"Finalizar presupuesto"},"content":{"rendered":"\t\t<div data-elementor-type=\"wp-page\" data-elementor-id=\"11317\" class=\"elementor elementor-11317 elementor-11302\" data-elementor-post-type=\"page\">\n\t\t\t\t<div class=\"elementor-element elementor-element-714b30a5 e-flex e-con-boxed e-con e-parent\" data-id=\"714b30a5\" data-element_type=\"container\" data-e-type=\"container\">\n\t\t\t\t\t<div class=\"e-con-inner\">\n\t\t\t\t<div class=\"elementor-element elementor-element-551822d3 elementor-widget elementor-widget-shortcode\" data-id=\"551822d3\" data-element_type=\"widget\" data-e-type=\"widget\" data-widget_type=\"shortcode.default\">\n\t\t\t\t<div class=\"elementor-widget-container\">\n\t\t\t\t\t\t\t<div class=\"elementor-shortcode\"><div class=\"woocommerce\"><\/div><\/div>\n\t\t\t\t\t\t<\/div>\n\t\t\t\t<\/div>\n\t\t\t\t\t<\/div>\n\t\t\t\t<\/div>\n\t\t<div class=\"elementor-element elementor-element-7b58bf52 e-flex e-con-boxed e-con e-parent\" data-id=\"7b58bf52\" data-element_type=\"container\" data-e-type=\"container\">\n\t\t\t\t\t<div class=\"e-con-inner\">\n\t\t<div class=\"elementor-element elementor-element-6f46db2f e-con-full e-flex e-con e-child\" data-id=\"6f46db2f\" data-element_type=\"container\" data-e-type=\"container\">\n\t\t\t\t<div class=\"elementor-element elementor-element-58a9079 elementor-widget elementor-widget-image\" data-id=\"58a9079\" data-element_type=\"widget\" data-e-type=\"widget\" data-widget_type=\"image.default\">\n\t\t\t\t<div class=\"elementor-widget-container\">\n\t\t\t\t\t\t\t\t\t\t\t\t\t\t\t<img fetchpriority=\"high\" decoding=\"async\" width=\"750\" height=\"100\" src=\"https:\/\/easypath.com.br\/wp-content\/uploads\/2025\/01\/header-cotacao-segura-site-cytoliq.webp\" class=\"attachment-full size-full wp-image-10237\" alt=\"\" srcset=\"https:\/\/easypath.com.br\/wp-content\/uploads\/2025\/01\/header-cotacao-segura-site-cytoliq.webp 750w, https:\/\/easypath.com.br\/wp-content\/uploads\/2025\/01\/header-cotacao-segura-site-cytoliq-300x40.webp 300w, https:\/\/easypath.com.br\/wp-content\/uploads\/2025\/01\/header-cotacao-segura-site-cytoliq-370x49.webp 370w, https:\/\/easypath.com.br\/wp-content\/uploads\/2025\/01\/header-cotacao-segura-site-cytoliq-600x80.webp 600w\" sizes=\"(max-width: 750px) 100vw, 750px\" \/>\t\t\t\t\t\t\t\t\t\t\t\t\t\t\t<\/div>\n\t\t\t\t<\/div>\n\t\t\t\t<\/div>\n\t\t<div class=\"elementor-element elementor-element-3e4b63c9 e-con-full e-flex e-con e-child\" data-id=\"3e4b63c9\" data-element_type=\"container\" data-e-type=\"container\">\n\t\t\t\t<div class=\"elementor-element elementor-element-1e306c14 elementor-widget elementor-widget-heading\" data-id=\"1e306c14\" data-element_type=\"widget\" data-e-type=\"widget\" data-widget_type=\"heading.default\">\n\t\t\t\t<div class=\"elementor-widget-container\">\n\t\t\t\t\t<h4 class=\"elementor-heading-title elementor-size-default\">\u00bfPor qu\u00e9 elegir EasyPath?<\/h4>\t\t\t\t<\/div>\n\t\t\t\t<\/div>\n\t\t\t\t<div class=\"elementor-element elementor-element-2a3b3b89 elementor-widget elementor-widget-text-editor\" data-id=\"2a3b3b89\" data-element_type=\"widget\" data-e-type=\"widget\" data-widget_type=\"text-editor.default\">\n\t\t\t\t<div class=\"elementor-widget-container\">\n\t\t\t\t\t\t\t\t\t<p>En EasyPath, innovaci\u00f3n y calidad van de la mano para transformar la rutina de los laboratorios de anatom\u00eda patol\u00f3gica. Nuestro compromiso es ofrecer soluciones completas que garanticen precisi\u00f3n, eficacia y practicidad en el d\u00eda a d\u00eda de los profesionales del sector. <\/p>\n\t\t\t\t\t\t\t\t<\/div>\n\t\t\t\t<\/div>\n\t\t\t\t<\/div>\n\t\t\t\t\t<\/div>\n\t\t\t\t<\/div>\n\t\t\t\t<\/div>\n\t\t","protected":false},"excerpt":{"rendered":"<p>\u00bfPor qu\u00e9 elegir EasyPath? En EasyPath, innovaci\u00f3n y calidad van de la mano para transformar la rutina de los laboratorios de anatom\u00eda patol\u00f3gica. Nuestro compromiso es ofrecer soluciones completas que garanticen precisi\u00f3n, eficacia y practicidad en el d\u00eda a d\u00eda de los profesionales del sector.<\/p>\n","protected":false},"author":1,"featured_media":0,"parent":0,"menu_order":0,"comment_status":"closed","ping_status":"closed","template":"elementor_header_footer","meta":{"footnotes":""},"class_list":["post-11317","page","type-page","status-publish","hentry"],"_links":{"self":[{"href":"https:\/\/easypath.com.br\/es\/wp-json\/wp\/v2\/pages\/11317","targetHints":{"allow":["GET"]}}],"collection":[{"href":"https:\/\/easypath.com.br\/es\/wp-json\/wp\/v2\/pages"}],"about":[{"href":"https:\/\/easypath.com.br\/es\/wp-json\/wp\/v2\/types\/page"}],"author":[{"embeddable":true,"href":"https:\/\/easypath.com.br\/es\/wp-json\/wp\/v2\/users\/1"}],"replies":[{"embeddable":true,"href":"https:\/\/easypath.com.br\/es\/wp-json\/wp\/v2\/comments?post=11317"}],"version-history":[{"count":3,"href":"https:\/\/easypath.com.br\/es\/wp-json\/wp\/v2\/pages\/11317\/revisions"}],"predecessor-version":[{"id":11320,"href":"https:\/\/easypath.com.br\/es\/wp-json\/wp\/v2\/pages\/11317\/revisions\/11320"}],"wp:attachment":[{"href":"https:\/\/easypath.com.br\/es\/wp-json\/wp\/v2\/media?parent=11317"}],"curies":[{"name":"wp","href":"https:\/\/api.w.org\/{rel}","templated":true}]}}