{"id":10018,"date":"2024-09-22T20:27:23","date_gmt":"2024-09-22T23:27:23","guid":{"rendered":"https:\/\/easypath.com.br\/loja\/sin%20categor\u00eda\/impresora-de-cassettes-histologicos-jq-c\/"},"modified":"2025-10-09T12:44:33","modified_gmt":"2025-10-09T15:44:33","slug":"impresora-de-cassettes-histologicos-jq-c","status":"publish","type":"product","link":"https:\/\/easypath.com.br\/es\/loja\/impresoras\/impresora-de-cassettes-histologicos-jq-c\/","title":{"rendered":"Impresora de cassettes histol\u00f3gicos &#8211; JQ-C"},"content":{"rendered":"<h1>\u00a1Descubre la revoluci\u00f3n de la impresi\u00f3n de cassettes con la EasyPath JQ-C!<\/h1>\n<h2>Precisi\u00f3n excepcional<\/h2>\n<p>La <strong>impresora l\u00e1ser<\/strong> <strong>EasyPath<\/strong> <strong>JQ-C<\/strong> redefine el est\u00e1ndar en <strong>histolog\u00eda<\/strong>. Dise\u00f1ada para ofrecer <strong>econom\u00eda<\/strong>, <strong>seguridad de trazabilidad<\/strong> y <strong>alta productividad<\/strong>, es la <strong>impresora<\/strong> que tu laboratorio necesita. <\/p>\n<p>Con tecnolog\u00eda <strong>l\u00e1ser de luz fr\u00eda<\/strong>, la JQ-C ofrece una resoluci\u00f3n de <strong>2540 PPP<\/strong>, lo que garantiza impresiones suaves, finas y precisas, sin manchas ni distorsiones. Su grabado permanente resiste todos los disolventes utilizados en la histolog\u00eda rutinaria, por lo que es la elecci\u00f3n perfecta para los <strong>casetes histol\u00f3gicos<\/strong>. <\/p>\n<h2>Practicidad y eficacia<\/h2>\n<p>Sin necesidad de calentamiento previo, la JQ-C empieza a funcionar inmediatamente, optimizando tu flujo de trabajo. Con rotaci\u00f3n y carga autom\u00e1ticas, se pueden cambiar sin herramientas seis tubos para diferentes casetes, lo que te da <strong>libertad<\/strong> y agilidad. <\/p>\n<h2>Versatilidad insuperable<\/h2>\n<p>Imprime en cassettes con lados de 30\u00b0 y\/o 45\u00b0, con o sin tapa, lo que da a tu laboratorio la flexibilidad de elegir los mejores <strong>casetes<\/strong> seg\u00fan la relaci\u00f3n coste-beneficio.<\/p>\n<h2>Alta velocidad y productividad<\/h2>\n<p>Capaz de imprimir hasta 1200 cassettes por hora, la JQ-C es la <strong>impresora de cassettes<\/strong> m\u00e1s r\u00e1pida y productiva del mercado. Su l\u00e1ser tiene una vida \u00fatil de 50.000 horas, lo que garantiza un excelente retorno de la inversi\u00f3n. <\/p>\n<h2>Compatibilidad y conectividad<\/h2>\n<p>Compatible con los sistemas LIS de laboratorio, el JQ-C identifica diversos caracteres, s\u00edmbolos, gr\u00e1ficos y c\u00f3digos QR, llevando la trazabilidad a un nuevo nivel.<\/p>\n<h2>Dimensiones y garant\u00eda<\/h2>\n<ul>\n<li>Tensi\u00f3n: 100~240V \/ 50-60 Hz (bivoltios)<\/li>\n<li>Capacidad: 600 cassettes (6 tubos de 100 cassettes)<\/li>\n<li>Dimensiones: 37 cm (alto) x 30 cm (ancho) x 51 cm (fondo)<\/li>\n<li>Peso: 18 kg (peso neto) &#8211; 25 kg (peso bruto)<\/li>\n<li>Garant\u00eda: 12 meses contra defectos de fabricaci\u00f3n.<\/li>\n<\/ul>\n<h3>Transforma tu rutina de laboratorio<\/h3>\n<p>Transforma tu rutina de laboratorio con el <strong>EasyPath JQ-C<\/strong>. \ud83d\ude80 Precisi\u00f3n, rapidez e innovaci\u00f3n para un diagn\u00f3stico excelente. <\/p>\n","protected":false},"excerpt":{"rendered":"<ul>\n<li><strong>Precisi\u00f3n excepcional<\/strong>: impresi\u00f3n suave y precisa con una resoluci\u00f3n de 2540 PPP.<\/li>\n<li><strong>Alta productividad<\/strong>: Imprime hasta 1200 cassettes por hora.<\/li>\n<li><strong>Eficacia y practicidad<\/strong>: sin necesidad de calentamiento previo y cambios r\u00e1pidos.<\/li>\n<li><strong>Compatibilidad total<\/strong>: integraci\u00f3n con los sistemas LIS del laboratorio.<\/li>\n<li><strong>Ahorro significativo<\/strong>: sin costes de cartuchos de tinta ni cintas.<\/li>\n<\/ul>\n","protected":false},"featured_media":8470,"comment_status":"open","ping_status":"closed","template":"","meta":[],"product_brand":[],"product_cat":[808],"product_tag":[278,811,809,826],"class_list":{"0":"post-10018","1":"product","2":"type-product","3":"status-publish","4":"has-post-thumbnail","6":"product_cat-impresoras","7":"product_tag-histologia-es","8":"product_tag-histopatologia-es","9":"product_tag-impresora","10":"product_tag-patologia-es","12":"first","13":"instock","14":"shipping-taxable","15":"purchasable","16":"product-type-simple","17":"col-xs-6 col-sm-4","18":"col-md-3 col-lg-2","19":"un-6-cols"},"_links":{"self":[{"href":"https:\/\/easypath.com.br\/es\/wp-json\/wp\/v2\/product\/10018","targetHints":{"allow":["GET"]}}],"collection":[{"href":"https:\/\/easypath.com.br\/es\/wp-json\/wp\/v2\/product"}],"about":[{"href":"https:\/\/easypath.com.br\/es\/wp-json\/wp\/v2\/types\/product"}],"replies":[{"embeddable":true,"href":"https:\/\/easypath.com.br\/es\/wp-json\/wp\/v2\/comments?post=10018"}],"version-history":[{"count":1,"href":"https:\/\/easypath.com.br\/es\/wp-json\/wp\/v2\/product\/10018\/revisions"}],"predecessor-version":[{"id":17543,"href":"https:\/\/easypath.com.br\/es\/wp-json\/wp\/v2\/product\/10018\/revisions\/17543"}],"wp:featuredmedia":[{"embeddable":true,"href":"https:\/\/easypath.com.br\/es\/wp-json\/wp\/v2\/media\/8470"}],"wp:attachment":[{"href":"https:\/\/easypath.com.br\/es\/wp-json\/wp\/v2\/media?parent=10018"}],"wp:term":[{"taxonomy":"product_brand","embeddable":true,"href":"https:\/\/easypath.com.br\/es\/wp-json\/wp\/v2\/product_brand?post=10018"},{"taxonomy":"product_cat","embeddable":true,"href":"https:\/\/easypath.com.br\/es\/wp-json\/wp\/v2\/product_cat?post=10018"},{"taxonomy":"product_tag","embeddable":true,"href":"https:\/\/easypath.com.br\/es\/wp-json\/wp\/v2\/product_tag?post=10018"}],"curies":[{"name":"wp","href":"https:\/\/api.w.org\/{rel}","templated":true}]}}