{"id":10020,"date":"2024-09-22T20:15:24","date_gmt":"2024-09-22T23:15:24","guid":{"rendered":"https:\/\/easypath.com.br\/loja\/sin%20categor\u00eda\/impresora-de-portaobjetos-histologicos-jq-l\/"},"modified":"2025-10-09T13:18:00","modified_gmt":"2025-10-09T16:18:00","slug":"impresora-de-portaobjetos-histologicos-jq-l","status":"publish","type":"product","link":"https:\/\/easypath.com.br\/es\/loja\/impresoras\/impresora-de-portaobjetos-histologicos-jq-l\/","title":{"rendered":"Impresora de portaobjetos histol\u00f3gicos &#8211; JQ-L"},"content":{"rendered":"<h1>JQ-L &#8211; Impresora l\u00e1ser para portaobjetos histol\u00f3gicos<\/h1>\n<h2>Eficacia y tecnolog\u00eda en la impresi\u00f3n de l\u00e1minas<\/h2>\n<p>La <strong>impresora JQ-L<\/strong> es la soluci\u00f3n ideal para los laboratorios que buscan una <strong>impresora de portaobjetos<\/strong> moderna y de alto rendimiento. Dise\u00f1ada para proporcionar ahorro, seguridad de trazabilidad e identificaci\u00f3n permanente en portaobjetos con borde de color, la JQ-L est\u00e1 reconocida como la impresora m\u00e1s eficaz y tecnol\u00f3gica del mercado. <\/p>\n<h2>Precisi\u00f3n de impresi\u00f3n superior<\/h2>\n<p>Con tecnolog\u00eda de <strong>impresi\u00f3n l\u00e1ser de luz fr\u00eda<\/strong>, la JQ-L ofrece una alta resoluci\u00f3n de 2540 PPP, lo que garantiza impresiones suaves, finas y precisas. Esta tecnolog\u00eda evita las manchas y la distorsi\u00f3n, garantizando que la informaci\u00f3n permanezca en las hojas, incluso frente a disolventes como el xileno. Esta precisi\u00f3n tambi\u00e9n favorece la lectura de c\u00f3digos de barras o c\u00f3digos QR, aumentando la trazabilidad de las muestras a lo largo del tiempo.  <\/p>\n<h2>Practicidad y facilidad de uso<\/h2>\n<p>No es necesario que las impresoras convencionales se calienten previamente, la JQ-L empieza a imprimir en cuanto se enciende. Su panel frontal de f\u00e1cil acceso simplifica el funcionamiento y el mantenimiento. <\/p>\n<h2>Seguridad y permanencia<\/h2>\n<p>Con un <strong>l\u00e1ser de luz fr\u00eda<\/strong> de baja energ\u00eda, el JQ-L garantiza registros precisos y permanentes, resistentes a los disolventes utilizados en la <strong>histolog\u00eda<\/strong> rutinaria. Esta caracter\u00edstica es esencial para mantener la integridad de la informaci\u00f3n durante largos periodos. <\/p>\n<h2>Velocidad y alta productividad<\/h2>\n<p>Capaz de almacenar hasta 100 diapositivas por carga, la JQ-L imprime entre 20 diapositivas por minuto, con un total de 1.200 diapositivas por hora. Esta velocidad la convierte en la impresora m\u00e1s r\u00e1pida y productiva del mercado, ideal para laboratorios que exigen eficacia. <\/p>\n<h2>Ahorro y rendimiento de la inversi\u00f3n<\/h2>\n<p>La JQ-L elimina la necesidad de cartuchos de tinta, cintas y otros consumibles habituales en las impresoras tradicionales. Con un l\u00e1ser que tiene una vida \u00fatil de 50.000 horas, el equipo reduce los costes de funcionamiento, proporcionando un excelente retorno de la inversi\u00f3n a corto y medio plazo. <\/p>\n<h2>Compatibilidad y conectividad<\/h2>\n<p>Compatible con los sistemas LIS de laboratorio, el JQ-L es capaz de identificar diversos caracteres, s\u00edmbolos, gr\u00e1ficos y c\u00f3digos QR, adapt\u00e1ndose perfectamente a las necesidades del laboratorio.<\/p>\n<h2>Especificaciones T\u00e9cnicas<\/h2>\n<ul>\n<li>Tensi\u00f3n: 100~240V \/ 50-60 Hz (bivoltios);<\/li>\n<li>Capacidad: 100 portaobjetos por tubo;<\/li>\n<li>Dimensiones: 34 cm (alto) x 20 cm (ancho) x 46 cm (fondo);<\/li>\n<li>Peso: 17 kg (peso neto) \/ 23 kg (peso bruto);<\/li>\n<li>Registro ANVISA: Exento.<\/li>\n<\/ul>\n<h2>Contenido del paquete<\/h2>\n<p>Viene con:<\/p>\n<ul>\n<li>Manual t\u00e9cnico y de funcionamiento en portugu\u00e9s;<\/li>\n<li>Cable de alimentaci\u00f3n est\u00e1ndar brasile\u00f1o.<\/li>\n<\/ul>\n<h2>Garant\u00eda y seguridad<\/h2>\n<p>El producto est\u00e1 garantizado contra defectos de fabricaci\u00f3n durante 12 meses y no se cubren los da\u00f1os debidos a un uso inadecuado.<\/p>\n<h2>Transforma tu rutina de laboratorio con la impresora de portaobjetos JQ-L<\/h2>\n<p>Experimenta la tecnolog\u00eda punta de la <strong>Impresora JQ-L<\/strong>, que aporta innovaci\u00f3n y practicidad a tus procesos <strong>de impresi\u00f3n de portaobjetos<\/strong>, elevando el nivel de calidad y eficacia de tu laboratorio de <strong>histolog\u00eda<\/strong>.<\/p>\n","protected":false},"excerpt":{"rendered":"<ul>\n<li>Impresi\u00f3n permanente de alta resoluci\u00f3n (2540 PPP) para diapositivas con borde de color.<\/li>\n<li>Compatible con los sistemas LIS, lo que aumenta la trazabilidad de las muestras.<\/li>\n<li>Impresi\u00f3n r\u00e1pida, con una capacidad de 1.200 hojas por hora.<\/li>\n<li>Eliminaci\u00f3n de los costes de cartuchos de tinta y cintas, ofreciendo un excelente retorno de la inversi\u00f3n.<\/li>\n<li>F\u00e1cil manejo con panel de acceso frontal y sin necesidad de calentamiento previo.<\/li>\n<\/ul>\n","protected":false},"featured_media":8111,"comment_status":"open","ping_status":"closed","template":"","meta":[],"product_brand":[],"product_cat":[808],"product_tag":[],"class_list":{"0":"post-10020","1":"product","2":"type-product","3":"status-publish","4":"has-post-thumbnail","6":"product_cat-impresoras","8":"first","9":"instock","10":"shipping-taxable","11":"purchasable","12":"product-type-simple","13":"col-xs-6 col-sm-4","14":"col-md-3 col-lg-2","15":"un-6-cols"},"_links":{"self":[{"href":"https:\/\/easypath.com.br\/es\/wp-json\/wp\/v2\/product\/10020","targetHints":{"allow":["GET"]}}],"collection":[{"href":"https:\/\/easypath.com.br\/es\/wp-json\/wp\/v2\/product"}],"about":[{"href":"https:\/\/easypath.com.br\/es\/wp-json\/wp\/v2\/types\/product"}],"replies":[{"embeddable":true,"href":"https:\/\/easypath.com.br\/es\/wp-json\/wp\/v2\/comments?post=10020"}],"version-history":[{"count":1,"href":"https:\/\/easypath.com.br\/es\/wp-json\/wp\/v2\/product\/10020\/revisions"}],"predecessor-version":[{"id":17642,"href":"https:\/\/easypath.com.br\/es\/wp-json\/wp\/v2\/product\/10020\/revisions\/17642"}],"wp:featuredmedia":[{"embeddable":true,"href":"https:\/\/easypath.com.br\/es\/wp-json\/wp\/v2\/media\/8111"}],"wp:attachment":[{"href":"https:\/\/easypath.com.br\/es\/wp-json\/wp\/v2\/media?parent=10020"}],"wp:term":[{"taxonomy":"product_brand","embeddable":true,"href":"https:\/\/easypath.com.br\/es\/wp-json\/wp\/v2\/product_brand?post=10020"},{"taxonomy":"product_cat","embeddable":true,"href":"https:\/\/easypath.com.br\/es\/wp-json\/wp\/v2\/product_cat?post=10020"},{"taxonomy":"product_tag","embeddable":true,"href":"https:\/\/easypath.com.br\/es\/wp-json\/wp\/v2\/product_tag?post=10020"}],"curies":[{"name":"wp","href":"https:\/\/api.w.org\/{rel}","templated":true}]}}