{"id":10029,"date":"2024-09-22T20:15:30","date_gmt":"2024-09-22T23:15:30","guid":{"rendered":"https:\/\/easypath.com.br\/loja\/sin%20categor\u00eda\/microtomo-rotatorio-manual-crux\/"},"modified":"2025-10-09T13:17:37","modified_gmt":"2025-10-09T16:17:37","slug":"microtomo-rotatorio-manual-crux","status":"publish","type":"product","link":"https:\/\/easypath.com.br\/es\/loja\/microtomos-y-criostatos\/microtomo-rotatorio-manual-crux\/","title":{"rendered":"Micr\u00f3tomo rotatorio manual &#8211; Crux"},"content":{"rendered":"<h1>Micr\u00f3tomo Crux &#8211; Micr\u00f3tomo rotatorio manual de alta precisi\u00f3n<\/h1>\n<h2>Precisi\u00f3n y versatilidad para la microtom\u00eda<\/h2>\n<p>El <strong>microtomo Crux<\/strong> es un <strong>microtomo rotatorio manual<\/strong> dise\u00f1ado para realizar secciones histol\u00f3gicas de alta precisi\u00f3n. Con un ajuste del grosor de corte de 0 a 60 \u00b5m, el equipo es ideal para satisfacer las exigencias de los laboratorios de <strong>histolog\u00eda<\/strong>, ofreciendo precisi\u00f3n y fiabilidad en cada secci\u00f3n. <\/p>\n<h2>Ajustes de corte personalizados<\/h2>\n<p>El micr\u00f3tomo tiene un dial en el panel con incrementos de ajuste del grosor de corte que van de 0 a 60 \u00b5m:<\/p>\n<ul>\n<li>De 0 a 2,0 micras en incrementos de 0,5 \u00b5m;<\/li>\n<li>De 2 micras a 10 micras en incrementos de 1 \u00b5m;<\/li>\n<li>De 10 micras a 20 micras en incrementos de 2 \u00b5m;<\/li>\n<li>De 20 micras a 60 micras en incrementos de 5 \u00b5m.<\/li>\n<\/ul>\n<h2>Subbase con Desplazamiento Pr\u00e1ctico<\/h2>\n<p>La sub-base del Microtomo Crux se desplaza hacia delante y hacia atr\u00e1s para alojar los portacuchillas desechables para parafina, resina y cuchillas permanentes. Con un portacuchillas de perfil alto y bajo, este equipo garantiza seguridad y facilidad de uso. <\/p>\n<h2>Muestreo f\u00e1cil y seguro<\/h2>\n<p>El portamuestras tipo vise permite cambiar r\u00e1pidamente de casete y es adecuado para muestras de tama\u00f1o 55&#215;55 mm. El dispositivo de orientaci\u00f3n de la muestra funciona en los ejes X e Y, con un rango de angulaci\u00f3n de 8 a 360 grados, lo que favorece unos cortes precisos y fiables. <\/p>\n<h2>Rectificado r\u00e1pido y ajuste fino<\/h2>\n<p>Equipado con un volante de ajuste fino, el Microtomo Crux ofrece una ligereza y seguridad extremas con un bloqueo en cualquier posici\u00f3n. El mecanismo de esmerilado r\u00e1pido se activa al final de cada ciclo de la palanca lateral, lo que permite un proceso eficaz y sin riesgos. <\/p>\n<h2>Especificaciones t\u00e9cnicas del microtomo<\/h2>\n<ul>\n<li>Dimensiones: 300 mm (anchura) x 570 mm (profundidad) x 270 mm (altura);<\/li>\n<li>Peso: 35 kg (peso bruto) \/ 30 kg (peso neto);<\/li>\n<li>Registro ANVISA: MS 80071430022;<\/li>\n<li>Marca: EasyPath.<\/li>\n<\/ul>\n<h2>Contenido del paquete<\/h2>\n<p>Viene con:<\/p>\n<ul>\n<li>Una caja de navajas desechables de alto perfil que contiene 5 unidades DuraEdge\/EasyPath;<\/li>\n<li>Soporte para navajas desechables de perfil alto y bajo;<\/li>\n<li>Soporte de morsa para casetes o bloques de parafina\/resina;<\/li>\n<li>Portacassette r\u00e1pido;<\/li>\n<li>Bandeja de residuos.<\/li>\n<\/ul>\n<h2>Opciones<\/h2>\n<ul>\n<li>Soporte de navajas desechables para resina;<\/li>\n<li>Soporte en forma de U para navaja permanente (tama\u00f1os 12, 14 y 16 cm);<\/li>\n<li>Navajas desechables para resina (caja de 50 unidades);<\/li>\n<li>Navajas de parafina desechables (de perfil alto y bajo, cada uno en una caja que contiene 50 piezas);<\/li>\n<li>Navaja permanente (tama\u00f1os 12, 14 \u00f3 16 cm).<\/li>\n<\/ul>\n<h2>Transforma tus procesos histol\u00f3gicos con la tecnolog\u00eda<\/h2>\n<p>El <strong>microtomo Crux<\/strong> es la soluci\u00f3n ideal para los profesionales de <strong>la microtom\u00eda<\/strong> que buscan <strong>un equipo de histolog\u00eda<\/strong> de alto rendimiento. Con su tecnolog\u00eda avanzada y su dise\u00f1o funcional, este microtomo rotatorio garantiza cortes de calidad superior para diagn\u00f3sticos precisos. <\/p>\n","protected":false},"excerpt":{"rendered":"<ul>\n<li>Ajuste del grosor de corte de 0 a 60 \u00b5m para mayor flexibilidad en la microtom\u00eda.<\/li>\n<li>Sub-base con pr\u00e1ctico desplazamiento para alojar distintos soportes de maquinilla.<\/li>\n<li>Dispositivo de orientaci\u00f3n de muestras con rango de angulaci\u00f3n de 8 a 360 grados.<\/li>\n<li>Mecanismo de afilado r\u00e1pido para una mayor eficacia en los procesos de corte.<\/li>\n<li>Volante de ajuste fino, ligero y seguro, que se bloquea en cualquier posici\u00f3n.<\/li>\n<\/ul>\n","protected":false},"featured_media":7241,"comment_status":"open","ping_status":"closed","template":"","meta":[],"product_brand":[],"product_cat":[867],"product_tag":[278,826],"class_list":{"0":"post-10029","1":"product","2":"type-product","3":"status-publish","4":"has-post-thumbnail","6":"product_cat-microtomos-y-criostatos","7":"product_tag-histologia-es","8":"product_tag-patologia-es","10":"first","11":"instock","12":"shipping-taxable","13":"purchasable","14":"product-type-simple","15":"col-xs-6 col-sm-4","16":"col-md-3 col-lg-2","17":"un-6-cols"},"_links":{"self":[{"href":"https:\/\/easypath.com.br\/es\/wp-json\/wp\/v2\/product\/10029","targetHints":{"allow":["GET"]}}],"collection":[{"href":"https:\/\/easypath.com.br\/es\/wp-json\/wp\/v2\/product"}],"about":[{"href":"https:\/\/easypath.com.br\/es\/wp-json\/wp\/v2\/types\/product"}],"replies":[{"embeddable":true,"href":"https:\/\/easypath.com.br\/es\/wp-json\/wp\/v2\/comments?post=10029"}],"version-history":[{"count":1,"href":"https:\/\/easypath.com.br\/es\/wp-json\/wp\/v2\/product\/10029\/revisions"}],"predecessor-version":[{"id":17641,"href":"https:\/\/easypath.com.br\/es\/wp-json\/wp\/v2\/product\/10029\/revisions\/17641"}],"wp:featuredmedia":[{"embeddable":true,"href":"https:\/\/easypath.com.br\/es\/wp-json\/wp\/v2\/media\/7241"}],"wp:attachment":[{"href":"https:\/\/easypath.com.br\/es\/wp-json\/wp\/v2\/media?parent=10029"}],"wp:term":[{"taxonomy":"product_brand","embeddable":true,"href":"https:\/\/easypath.com.br\/es\/wp-json\/wp\/v2\/product_brand?post=10029"},{"taxonomy":"product_cat","embeddable":true,"href":"https:\/\/easypath.com.br\/es\/wp-json\/wp\/v2\/product_cat?post=10029"},{"taxonomy":"product_tag","embeddable":true,"href":"https:\/\/easypath.com.br\/es\/wp-json\/wp\/v2\/product_tag?post=10029"}],"curies":[{"name":"wp","href":"https:\/\/api.w.org\/{rel}","templated":true}]}}