{"id":10087,"date":"2024-09-22T20:23:26","date_gmt":"2024-09-22T23:23:26","guid":{"rendered":"https:\/\/easypath.com.br\/loja\/sin%20categor\u00eda\/histofile-sistema-de-archivo-de-portaobjetos\/"},"modified":"2025-05-27T17:30:21","modified_gmt":"2025-05-27T20:30:21","slug":"histofile-sistema-de-archivo-de-portaobjetos","status":"publish","type":"product","link":"https:\/\/easypath.com.br\/es\/loja\/organizacion-y-almacenamiento\/organizadores-de-laminas-y-cassettes\/sistema-histofile-es\/histofile-sistema-de-archivo-de-portaobjetos\/","title":{"rendered":"HistoFile &#8211; Sistema de Archivo de Portaobjetos"},"content":{"rendered":"<h1>Sistema de archivo de portaobjetos Histofile &#8211; Organizaci\u00f3n y protecci\u00f3n de portaobjetos de microscop\u00eda<\/h1>\n<h2>Almacenamiento seguro y pr\u00e1ctico<\/h2>\n<p>El <strong>sistema de archivo de portaobjetos Histofile<\/strong> es una soluci\u00f3n completa para el almacenamiento seguro y organizado de portaobjetos de microscop\u00eda. Con <strong>10 cajones<\/strong> y <strong>130 soportes extra\u00edbles<\/strong>, este sistema de archivo es ideal para laboratorios que necesitan una forma eficaz de archivar y acceder a grandes vol\u00famenes de portaobjetos de forma r\u00e1pida y c\u00f3moda. <\/p>\n<h2>Dise\u00f1o robusto y duradero<\/h2>\n<p>Fabricados <strong>en acero y pintados con esmalte sint\u00e9tico texturizado (epoxi)<\/strong>, los Portaobjetos Histofile ofrecen <strong>una gran resistencia<\/strong> y durabilidad para el uso diario en entornos de laboratorio. Los cajones est\u00e1n dise\u00f1ados para soportar el peso de los soportes extra\u00edbles y mantener las gu\u00edas organizadas y protegidas. <\/p>\n<h2>Organizaci\u00f3n e identificaci\u00f3n sencillas<\/h2>\n<p>Cada caj\u00f3n del <strong>Sistema Histofile<\/strong> tiene un <strong>espacio dedicado para las etiquetas de identificaci\u00f3n<\/strong>,  <\/p>\n","protected":false},"excerpt":{"rendered":"<ul>\n<li><strong>Organizaci\u00f3n eficaz:<\/strong> Sistema con 10 cajones y 130 soportes extra\u00edbles para guardar f\u00e1cilmente las preparaciones microsc\u00f3picas y acceder r\u00e1pidamente a ellas.<\/li>\n<li><strong>Alta resistencia:<\/strong> Fabricado en acero y pintado en esmalte sint\u00e9tico texturizado (epoxi), garantizando durabilidad y resistencia en el uso diario.<\/li>\n<li><strong>Mayor seguridad:<\/strong> Equipado con 2 llaves para bloquear los cajones, ofrece seguridad al guardar las cuchillas.<\/li>\n<li><strong>F\u00e1cil identificaci\u00f3n:<\/strong> Cada caj\u00f3n tiene un espacio dedicado para las etiquetas de identificaci\u00f3n, optimizando la organizaci\u00f3n de las hojas.<\/li>\n<li><strong>Capacidad:<\/strong> 80.000 hojas<\/li>\n<\/ul>\n","protected":false},"featured_media":7441,"comment_status":"open","ping_status":"closed","template":"","meta":[],"product_brand":[],"product_cat":[418],"product_tag":[],"class_list":{"0":"post-10087","1":"product","2":"type-product","3":"status-publish","4":"has-post-thumbnail","6":"product_cat-sistema-histofile-es","8":"first","9":"instock","10":"shipping-taxable","11":"purchasable","12":"product-type-simple","13":"col-xs-6 col-sm-4","14":"col-md-3 col-lg-2","15":"un-6-cols"},"_links":{"self":[{"href":"https:\/\/easypath.com.br\/es\/wp-json\/wp\/v2\/product\/10087","targetHints":{"allow":["GET"]}}],"collection":[{"href":"https:\/\/easypath.com.br\/es\/wp-json\/wp\/v2\/product"}],"about":[{"href":"https:\/\/easypath.com.br\/es\/wp-json\/wp\/v2\/types\/product"}],"replies":[{"embeddable":true,"href":"https:\/\/easypath.com.br\/es\/wp-json\/wp\/v2\/comments?post=10087"}],"version-history":[{"count":1,"href":"https:\/\/easypath.com.br\/es\/wp-json\/wp\/v2\/product\/10087\/revisions"}],"predecessor-version":[{"id":10998,"href":"https:\/\/easypath.com.br\/es\/wp-json\/wp\/v2\/product\/10087\/revisions\/10998"}],"wp:featuredmedia":[{"embeddable":true,"href":"https:\/\/easypath.com.br\/es\/wp-json\/wp\/v2\/media\/7441"}],"wp:attachment":[{"href":"https:\/\/easypath.com.br\/es\/wp-json\/wp\/v2\/media?parent=10087"}],"wp:term":[{"taxonomy":"product_brand","embeddable":true,"href":"https:\/\/easypath.com.br\/es\/wp-json\/wp\/v2\/product_brand?post=10087"},{"taxonomy":"product_cat","embeddable":true,"href":"https:\/\/easypath.com.br\/es\/wp-json\/wp\/v2\/product_cat?post=10087"},{"taxonomy":"product_tag","embeddable":true,"href":"https:\/\/easypath.com.br\/es\/wp-json\/wp\/v2\/product_tag?post=10087"}],"curies":[{"name":"wp","href":"https:\/\/api.w.org\/{rel}","templated":true}]}}