{"id":10098,"date":"2024-11-03T15:29:48","date_gmt":"2024-11-03T18:29:48","guid":{"rendered":"https:\/\/easypath.com.br\/loja\/sin%20categor\u00eda\/placa-personalizada-165x95mm-frente\/"},"modified":"2025-05-27T17:29:52","modified_gmt":"2025-05-27T20:29:52","slug":"placa-personalizada-165x95mm-frente","status":"publish","type":"product","link":"https:\/\/easypath.com.br\/es\/loja\/organizacion-y-almacenamiento\/conservadoras-termicas\/accesorios-para-personalizacion\/placa-personalizada-165x95mm-frente\/","title":{"rendered":"Placa personalizada 165x95mm &#8211; Frente"},"content":{"rendered":"<h1>Placa frontal personalizada 165x95mm para neveras EasyCooler<\/h1>\n<h2>Identificaci\u00f3n profesional con personalizaci\u00f3n exclusiva<\/h2>\n<p>La <strong>Placa Frontal Personalizada<\/strong> est\u00e1 fabricada en aluminio muy resistente y dise\u00f1ada para fijarse en la parte frontal de los EasyCoolers. Con unas dimensiones de **165x95mm**, se puede personalizar con **logotipo, c\u00f3digo de barras, numeraci\u00f3n y s\u00edmbolos de seguridad**, como **peligro biol\u00f3gico y material infeccioso**, garantizando una identificaci\u00f3n clara y profesional.   <\/p>\n<h2>Gran durabilidad y resistencia para uso profesional<\/h2>\n<p>Dise\u00f1ada para un uso intensivo en laboratorios y para el transporte de materiales biol\u00f3gicos**, la placa tiene un acabado resistente a la intemperie y una impresi\u00f3n de alta calidad, lo que garantiza que la informaci\u00f3n perdure en el tiempo.  <\/p>\n<h2>Seguridad y trazabilidad en el transporte<\/h2>\n<p>Adem\u00e1s de personalizar y estandarizar tu EasyCooler, la **placa frontal personalizada** proporciona **una trazabilidad y organizaci\u00f3n eficaces**, evitando intercambios y garantizando el cumplimiento de la normativa para el transporte de muestras biol\u00f3gicas y suministros sensibles.  <\/p>\n","protected":false},"excerpt":{"rendered":"<p>Para fijar a la zona frontal de las neveras EasyCooler<\/p>\n","protected":false},"featured_media":8027,"comment_status":"open","ping_status":"closed","template":"","meta":[],"product_brand":[],"product_cat":[415],"product_tag":[],"class_list":{"0":"post-10098","1":"product","2":"type-product","3":"status-publish","4":"has-post-thumbnail","6":"product_cat-accesorios-para-personalizacion","8":"first","9":"instock","10":"shipping-taxable","11":"purchasable","12":"product-type-simple","13":"col-xs-6 col-sm-4","14":"col-md-3 col-lg-2","15":"un-6-cols"},"_links":{"self":[{"href":"https:\/\/easypath.com.br\/es\/wp-json\/wp\/v2\/product\/10098","targetHints":{"allow":["GET"]}}],"collection":[{"href":"https:\/\/easypath.com.br\/es\/wp-json\/wp\/v2\/product"}],"about":[{"href":"https:\/\/easypath.com.br\/es\/wp-json\/wp\/v2\/types\/product"}],"replies":[{"embeddable":true,"href":"https:\/\/easypath.com.br\/es\/wp-json\/wp\/v2\/comments?post=10098"}],"version-history":[{"count":1,"href":"https:\/\/easypath.com.br\/es\/wp-json\/wp\/v2\/product\/10098\/revisions"}],"predecessor-version":[{"id":11004,"href":"https:\/\/easypath.com.br\/es\/wp-json\/wp\/v2\/product\/10098\/revisions\/11004"}],"wp:featuredmedia":[{"embeddable":true,"href":"https:\/\/easypath.com.br\/es\/wp-json\/wp\/v2\/media\/8027"}],"wp:attachment":[{"href":"https:\/\/easypath.com.br\/es\/wp-json\/wp\/v2\/media?parent=10098"}],"wp:term":[{"taxonomy":"product_brand","embeddable":true,"href":"https:\/\/easypath.com.br\/es\/wp-json\/wp\/v2\/product_brand?post=10098"},{"taxonomy":"product_cat","embeddable":true,"href":"https:\/\/easypath.com.br\/es\/wp-json\/wp\/v2\/product_cat?post=10098"},{"taxonomy":"product_tag","embeddable":true,"href":"https:\/\/easypath.com.br\/es\/wp-json\/wp\/v2\/product_tag?post=10098"}],"curies":[{"name":"wp","href":"https:\/\/api.w.org\/{rel}","templated":true}]}}