{"id":10099,"date":"2024-09-22T20:23:34","date_gmt":"2024-09-22T23:23:34","guid":{"rendered":"https:\/\/easypath.com.br\/loja\/sin%20categor\u00eda\/bolsa-de-soporte-extraible-histofile\/"},"modified":"2025-05-27T17:30:21","modified_gmt":"2025-05-27T20:30:21","slug":"bolsa-de-soporte-extraible-histofile","status":"publish","type":"product","link":"https:\/\/easypath.com.br\/es\/loja\/organizacion-y-almacenamiento\/organizadores-de-laminas-y-cassettes\/accesorios-para-archivadores\/bolsa-de-soporte-extraible-histofile\/","title":{"rendered":"Manija de soporte extra\u00edble &#8211; Histofile"},"content":{"rendered":"<h2>Extractor de soporte met\u00e1lico extra\u00edble para HistoFile<\/h2>\n<p>El <strong>Extractor Met\u00e1lico de Soporte<\/strong> Desmontable es un accesorio esencial para el <strong>Archivo HistoFile<\/strong>. Fabricado en pl\u00e1stico especial y resistente, este dispositivo facilita la extracci\u00f3n del soporte extra\u00edble para casetes o portaobjetos de los cajones del archivador. Proporciona mayor agilidad y seguridad al manipular y organizar los materiales archivados.  <\/p>\n","protected":false},"excerpt":{"rendered":"<p>Extractor de soporte met\u00e1lico extra\u00edble para HistoFile El Extractor Met\u00e1lico de Soporte Desmontable es un accesorio esencial para el Archivo HistoFile. Fabricado en pl\u00e1stico especial y resistente, este dispositivo facilita la extracci\u00f3n del soporte extra\u00edble para casetes o portaobjetos de los cajones del archivador. Proporciona mayor agilidad y seguridad al manipular y organizar los materiales&hellip;<\/p>\n","protected":false},"featured_media":8451,"comment_status":"open","ping_status":"closed","template":"","meta":[],"product_brand":[],"product_cat":[419],"product_tag":[],"class_list":{"0":"post-10099","1":"product","2":"type-product","3":"status-publish","4":"has-post-thumbnail","6":"product_cat-accesorios-para-archivadores","8":"first","9":"instock","10":"shipping-taxable","11":"purchasable","12":"product-type-simple","13":"col-xs-6 col-sm-4","14":"col-md-3 col-lg-2","15":"un-6-cols"},"_links":{"self":[{"href":"https:\/\/easypath.com.br\/es\/wp-json\/wp\/v2\/product\/10099","targetHints":{"allow":["GET"]}}],"collection":[{"href":"https:\/\/easypath.com.br\/es\/wp-json\/wp\/v2\/product"}],"about":[{"href":"https:\/\/easypath.com.br\/es\/wp-json\/wp\/v2\/types\/product"}],"replies":[{"embeddable":true,"href":"https:\/\/easypath.com.br\/es\/wp-json\/wp\/v2\/comments?post=10099"}],"version-history":[{"count":1,"href":"https:\/\/easypath.com.br\/es\/wp-json\/wp\/v2\/product\/10099\/revisions"}],"predecessor-version":[{"id":11006,"href":"https:\/\/easypath.com.br\/es\/wp-json\/wp\/v2\/product\/10099\/revisions\/11006"}],"wp:featuredmedia":[{"embeddable":true,"href":"https:\/\/easypath.com.br\/es\/wp-json\/wp\/v2\/media\/8451"}],"wp:attachment":[{"href":"https:\/\/easypath.com.br\/es\/wp-json\/wp\/v2\/media?parent=10099"}],"wp:term":[{"taxonomy":"product_brand","embeddable":true,"href":"https:\/\/easypath.com.br\/es\/wp-json\/wp\/v2\/product_brand?post=10099"},{"taxonomy":"product_cat","embeddable":true,"href":"https:\/\/easypath.com.br\/es\/wp-json\/wp\/v2\/product_cat?post=10099"},{"taxonomy":"product_tag","embeddable":true,"href":"https:\/\/easypath.com.br\/es\/wp-json\/wp\/v2\/product_tag?post=10099"}],"curies":[{"name":"wp","href":"https:\/\/api.w.org\/{rel}","templated":true}]}}