{"id":10103,"date":"2024-09-22T20:23:43","date_gmt":"2024-09-22T23:23:43","guid":{"rendered":"https:\/\/easypath.com.br\/loja\/sin%20categor\u00eda\/sistema-de-archivo-de-portaobjetos-histobox\/"},"modified":"2025-11-14T11:20:52","modified_gmt":"2025-11-14T14:20:52","slug":"sistema-de-archivo-de-portaobjetos-histobox","status":"publish","type":"product","link":"https:\/\/easypath.com.br\/es\/loja\/organizacion-y-almacenamiento\/organizadores-de-laminas-y-cassettes\/sistema-histobox-es\/sistema-de-archivo-de-portaobjetos-histobox\/","title":{"rendered":"Sistema de Archivo de Portaobjetos HistoBox"},"content":{"rendered":"<h1>Portaobjetos HistoBOX &#8211; Almacenamiento eficaz y seguro para portaobjetos de microscop\u00eda<\/h1>\n<h2>Gran capacidad de almacenamiento<\/h2>\n<p><strong>HistoBOX Portaobjetos<\/strong> es ideal para almacenar portaobjetos de microscop\u00eda, ya que ofrece <strong>capacidad para hasta 1500 portaobjetos<\/strong> de gran resistencia. Sus <strong>paredes dobles<\/strong> garantizan durabilidad y mayor apilabilidad, proporcionando un sistema de almacenamiento eficaz y seguro para tu laboratorio. <\/p>\n<h2>Dise\u00f1o pr\u00e1ctico y funcional<\/h2>\n<p>Con <strong>divisores<\/strong> en acorde\u00f3n y 8 columnas, la HistoBOX Lminas es f\u00e1cil de montar y aprovecha al m\u00e1ximo el espacio \u00fatil de su interior. Su moderno dise\u00f1o sin herrajes hace que sea r\u00e1pida de montar, con un <strong>triple cierre<\/strong> que incluye una solapa superior y otra lateral, garantizando una manipulaci\u00f3n segura y pr\u00e1ctica. <\/p>\n<h2>Resistencia y durabilidad para un uso continuo<\/h2>\n<p>Fabricada con cart\u00f3n muy resistente, la HistoBOX Portaobjetos es ideal para el uso diario en entornos de laboratorio. Las <strong>paredes dobles en los cuatro lados<\/strong> ofrecen una excelente durabilidad y resistencia, permitiendo un mayor apilamiento sin comprometer la integridad de los portaobjetos almacenados. <\/p>\n<h2>Organizaci\u00f3n e identificaci\u00f3n sencillas<\/h2>\n<p>Cada columna de las Hojas HistoBOX tiene una <strong>etiqueta de identificaci\u00f3n frontal<\/strong>, que facilita la organizaci\u00f3n y el seguimiento de las hojas. Adem\u00e1s, viene con <strong>2 recortadores en forma de L<\/strong> para colocar correctamente las l\u00e1minas, garantizando que el almacenamiento sea pr\u00e1ctico y eficaz. <\/p>\n<h2>Especificaciones del HistoBOX para portaobjetos<\/h2>\n<ul>\n<li>Capacidad: 1500 portaobjetos<\/li>\n<li>Material: Cart\u00f3n de alta resistencia con doble pared<\/li>\n<li>Tabiques acorde\u00f3n de 8 columnas<\/li>\n<li>Cierre triple con solapa superior y lateral<\/li>\n<li>Incluye 2 recortadores en L para colocar los portaobjetos<\/li>\n<li>Etiquetas de identificaci\u00f3n frontales para cada columna<\/li>\n<li>Exento de registro en ANVISA<\/li>\n<\/ul>\n","protected":false},"excerpt":{"rendered":"<ul>\n<li><strong>Gran capacidad de almacenamiento:<\/strong> admite hasta 1500 portaobjetos de microscopio, ideal para laboratorios de gran volumen.<\/li>\n<li><strong>Dise\u00f1o pr\u00e1ctico y compacto:<\/strong> sistema de tabiques en acorde\u00f3n de 8 columnas que optimiza el uso del espacio interior y facilita el montaje.<\/li>\n<li><strong>Resistencia y durabilidad:<\/strong> Las paredes dobles laterales ofrecen mayor resistencia y permiten un mayor apilamiento sin comprometer la integridad.<\/li>\n<li><strong>Organizaci\u00f3n simplificada:<\/strong> etiquetas de identificaci\u00f3n individuales por columna para la trazabilidad y organizaci\u00f3n de los portaobjetos.<\/li>\n<li><strong>Cierre seguro:<\/strong> cierre triple con solapa superior y lateral, que garantiza un almacenamiento y transporte seguros de los portaobjetos.<\/li>\n<\/ul>\n","protected":false},"featured_media":7607,"comment_status":"open","ping_status":"closed","template":"","meta":[],"product_brand":[],"product_cat":[417],"product_tag":[],"class_list":{"0":"post-10103","1":"product","2":"type-product","3":"status-publish","4":"has-post-thumbnail","6":"product_cat-sistema-histobox-es","8":"first","9":"instock","10":"shipping-taxable","11":"purchasable","12":"product-type-simple","13":"col-xs-6 col-sm-4","14":"col-md-3 col-lg-2","15":"un-6-cols"},"_links":{"self":[{"href":"https:\/\/easypath.com.br\/es\/wp-json\/wp\/v2\/product\/10103","targetHints":{"allow":["GET"]}}],"collection":[{"href":"https:\/\/easypath.com.br\/es\/wp-json\/wp\/v2\/product"}],"about":[{"href":"https:\/\/easypath.com.br\/es\/wp-json\/wp\/v2\/types\/product"}],"replies":[{"embeddable":true,"href":"https:\/\/easypath.com.br\/es\/wp-json\/wp\/v2\/comments?post=10103"}],"version-history":[{"count":1,"href":"https:\/\/easypath.com.br\/es\/wp-json\/wp\/v2\/product\/10103\/revisions"}],"predecessor-version":[{"id":11010,"href":"https:\/\/easypath.com.br\/es\/wp-json\/wp\/v2\/product\/10103\/revisions\/11010"}],"wp:featuredmedia":[{"embeddable":true,"href":"https:\/\/easypath.com.br\/es\/wp-json\/wp\/v2\/media\/7607"}],"wp:attachment":[{"href":"https:\/\/easypath.com.br\/es\/wp-json\/wp\/v2\/media?parent=10103"}],"wp:term":[{"taxonomy":"product_brand","embeddable":true,"href":"https:\/\/easypath.com.br\/es\/wp-json\/wp\/v2\/product_brand?post=10103"},{"taxonomy":"product_cat","embeddable":true,"href":"https:\/\/easypath.com.br\/es\/wp-json\/wp\/v2\/product_cat?post=10103"},{"taxonomy":"product_tag","embeddable":true,"href":"https:\/\/easypath.com.br\/es\/wp-json\/wp\/v2\/product_tag?post=10103"}],"curies":[{"name":"wp","href":"https:\/\/api.w.org\/{rel}","templated":true}]}}