{"id":10105,"date":"2024-09-22T20:23:32","date_gmt":"2024-09-22T23:23:32","guid":{"rendered":"https:\/\/easypath.com.br\/loja\/sin%20categor\u00eda\/soporte-extraible-histofile-canal\/"},"modified":"2025-05-27T17:30:21","modified_gmt":"2025-05-27T20:30:21","slug":"soporte-extraible-histofile-canal","status":"publish","type":"product","link":"https:\/\/easypath.com.br\/es\/loja\/organizacion-y-almacenamiento\/organizadores-de-laminas-y-cassettes\/accesorios-para-archivadores\/soporte-extraible-histofile-canal\/","title":{"rendered":"Soporte extra\u00edble HistoFile &#8211; Canal"},"content":{"rendered":"<h2>Soporte extra\u00edble HistoFile &#8211; Canal<\/h2>\n<p>El <strong>Soporte Extra\u00edble HistoFile &#8211; Canal<\/strong> es ideal para guardar casetes o diapositivas en el archivo HistoFile. Fabricado en pl\u00e1stico resistente, este soporte est\u00e1 dise\u00f1ado para retirarlo f\u00e1cilmente con el <strong>Extractor de Soportes<\/strong> Desmontables, un accesorio que garantiza la practicidad y seguridad en la organizaci\u00f3n y manipulaci\u00f3n de materiales. El canal facilita el almacenamiento y el acceso r\u00e1pido a los casetes y portaobjetos, optimizando la eficacia en el laboratorio.  <\/p>\n","protected":false},"excerpt":{"rendered":"<p>Soporte extra\u00edble HistoFile &#8211; Canal El Soporte Extra\u00edble HistoFile &#8211; Canal es ideal para guardar casetes o diapositivas en el archivo HistoFile. Fabricado en pl\u00e1stico resistente, este soporte est\u00e1 dise\u00f1ado para retirarlo f\u00e1cilmente con el Extractor de Soportes Desmontables, un accesorio que garantiza la practicidad y seguridad en la organizaci\u00f3n y manipulaci\u00f3n de materiales. El&hellip;<\/p>\n","protected":false},"featured_media":8456,"comment_status":"open","ping_status":"closed","template":"","meta":[],"product_brand":[],"product_cat":[419],"product_tag":[],"class_list":{"0":"post-10105","1":"product","2":"type-product","3":"status-publish","4":"has-post-thumbnail","6":"product_cat-accesorios-para-archivadores","8":"first","9":"instock","10":"shipping-taxable","11":"purchasable","12":"product-type-simple","13":"col-xs-6 col-sm-4","14":"col-md-3 col-lg-2","15":"un-6-cols"},"_links":{"self":[{"href":"https:\/\/easypath.com.br\/es\/wp-json\/wp\/v2\/product\/10105","targetHints":{"allow":["GET"]}}],"collection":[{"href":"https:\/\/easypath.com.br\/es\/wp-json\/wp\/v2\/product"}],"about":[{"href":"https:\/\/easypath.com.br\/es\/wp-json\/wp\/v2\/types\/product"}],"replies":[{"embeddable":true,"href":"https:\/\/easypath.com.br\/es\/wp-json\/wp\/v2\/comments?post=10105"}],"version-history":[{"count":1,"href":"https:\/\/easypath.com.br\/es\/wp-json\/wp\/v2\/product\/10105\/revisions"}],"predecessor-version":[{"id":11012,"href":"https:\/\/easypath.com.br\/es\/wp-json\/wp\/v2\/product\/10105\/revisions\/11012"}],"wp:featuredmedia":[{"embeddable":true,"href":"https:\/\/easypath.com.br\/es\/wp-json\/wp\/v2\/media\/8456"}],"wp:attachment":[{"href":"https:\/\/easypath.com.br\/es\/wp-json\/wp\/v2\/media?parent=10105"}],"wp:term":[{"taxonomy":"product_brand","embeddable":true,"href":"https:\/\/easypath.com.br\/es\/wp-json\/wp\/v2\/product_brand?post=10105"},{"taxonomy":"product_cat","embeddable":true,"href":"https:\/\/easypath.com.br\/es\/wp-json\/wp\/v2\/product_cat?post=10105"},{"taxonomy":"product_tag","embeddable":true,"href":"https:\/\/easypath.com.br\/es\/wp-json\/wp\/v2\/product_tag?post=10105"}],"curies":[{"name":"wp","href":"https:\/\/api.w.org\/{rel}","templated":true}]}}