{"id":14409,"date":"2025-02-21T13:03:10","date_gmt":"2025-02-21T16:03:10","guid":{"rendered":"https:\/\/easypath.com.br\/loja\/sin%20categor\u00eda\/gata-3-clon-l50-823-2\/"},"modified":"2026-04-16T17:35:21","modified_gmt":"2026-04-16T20:35:21","slug":"gata-3-clon-l50-823-2","status":"publish","type":"product","link":"https:\/\/easypath.com.br\/es\/loja\/inmunohistoquimica-e-hibridacion\/anticuerpos\/anticuerpos-primarios\/gata-3-clon-l50-823-2\/","title":{"rendered":"GATA-3, clon L50-823"},"content":{"rendered":"<p>GATA-3 (prote\u00edna de uni\u00f3n a GATA 3), monoclonal de rat\u00f3n, clon L50-823, isotipo IgG1\/kappa, vial con 0,1ml y 1ml (Concentrado) o 1ml y 6ml (Listo para usar), para tejidos incluidos en parafina, marca EasyPath &#8211; RUO (Procedimiento de investigaci\u00f3n o IN HOUSE).<\/p>\n","protected":false},"excerpt":{"rendered":"<p>GATA-3 (prote\u00edna de uni\u00f3n a GATA 3), monoclonal de rat\u00f3n, clon L50-823, isotipo IgG1\/kappa, vial con 0,1ml y 1ml (Concentrado) o 1ml y 6ml (Listo para usar), para tejidos incluidos en parafina, marca EasyPath &#8211; RUO (Procedimiento de investigaci\u00f3n o IN HOUSE).<\/p>\n","protected":false},"featured_media":9022,"comment_status":"open","ping_status":"closed","template":"","meta":[],"product_brand":[],"product_cat":[399],"product_tag":[],"class_list":{"0":"post-14409","1":"product","2":"type-product","3":"status-publish","4":"has-post-thumbnail","6":"product_cat-anticuerpos-primarios","8":"first","9":"instock","10":"shipping-taxable","11":"purchasable","12":"product-type-variable","13":"col-xs-6 col-sm-4","14":"col-md-3 col-lg-2","15":"un-6-cols"},"_links":{"self":[{"href":"https:\/\/easypath.com.br\/es\/wp-json\/wp\/v2\/product\/14409","targetHints":{"allow":["GET"]}}],"collection":[{"href":"https:\/\/easypath.com.br\/es\/wp-json\/wp\/v2\/product"}],"about":[{"href":"https:\/\/easypath.com.br\/es\/wp-json\/wp\/v2\/types\/product"}],"replies":[{"embeddable":true,"href":"https:\/\/easypath.com.br\/es\/wp-json\/wp\/v2\/comments?post=14409"}],"version-history":[{"count":1,"href":"https:\/\/easypath.com.br\/es\/wp-json\/wp\/v2\/product\/14409\/revisions"}],"predecessor-version":[{"id":17498,"href":"https:\/\/easypath.com.br\/es\/wp-json\/wp\/v2\/product\/14409\/revisions\/17498"}],"wp:featuredmedia":[{"embeddable":true,"href":"https:\/\/easypath.com.br\/es\/wp-json\/wp\/v2\/media\/9022"}],"wp:attachment":[{"href":"https:\/\/easypath.com.br\/es\/wp-json\/wp\/v2\/media?parent=14409"}],"wp:term":[{"taxonomy":"product_brand","embeddable":true,"href":"https:\/\/easypath.com.br\/es\/wp-json\/wp\/v2\/product_brand?post=14409"},{"taxonomy":"product_cat","embeddable":true,"href":"https:\/\/easypath.com.br\/es\/wp-json\/wp\/v2\/product_cat?post=14409"},{"taxonomy":"product_tag","embeddable":true,"href":"https:\/\/easypath.com.br\/es\/wp-json\/wp\/v2\/product_tag?post=14409"}],"curies":[{"name":"wp","href":"https:\/\/api.w.org\/{rel}","templated":true}]}}