{"id":15038,"date":"2025-03-21T11:14:38","date_gmt":"2025-03-21T14:14:38","guid":{"rendered":"https:\/\/easypath.com.br\/loja\/sin%20categor\u00eda\/alcohol-etilico-hidratado-al-70\/"},"modified":"2026-04-20T17:57:49","modified_gmt":"2026-04-20T20:57:49","slug":"alcohol-etilico-hidratado-al-70","status":"publish","type":"product","link":"https:\/\/easypath.com.br\/es\/loja\/histologia-es\/preparacion-de-soluciones\/formol-alcohol-xilol\/alcohol-etilico-hidratado-al-70\/","title":{"rendered":"Alcohol et\u00edlico hidratado al 70"},"content":{"rendered":"<h1>Alcohol et\u00edlico hidratado al 70% &#8211; \u00bfQu\u00e9 es y para qu\u00e9 sirve?<\/h1>\n<p><strong>El alcohol et\u00edlico hidratado<\/strong> al 70% es un reactivo esencial para los laboratorios de histolog\u00eda y citolog\u00eda, muy utilizado en el procesamiento y tinci\u00f3n de muestras biol\u00f3gicas. Su f\u00f3rmula de alta pureza garantiza una fijaci\u00f3n y conservaci\u00f3n eficaces de los tejidos, adem\u00e1s de actuar como desinfectante en los entornos de laboratorio. <\/p>\n<h2>Caracter\u00edsticas del alcohol et\u00edlico hidratado al 70<\/h2>\n<ul>\n<li><strong>F\u00f3rmula qu\u00edmica:<\/strong> C\u2082H\u2086O<\/li>\n<li><strong>CAS:<\/strong> 64-17-5<\/li>\n<li><strong>Grado alcoh\u00f3lico:<\/strong> M\u00ednimo 70\u00baGL<\/li>\n<li><strong>Peso molecular:<\/strong> 46,07 g\/mol<\/li>\n<li><strong>Grado de pureza:<\/strong> M\u00ednimo 70% P\/P INPM<\/li>\n<li><strong>Volumen disponible:<\/strong> 1 Litro y 5 Litros<\/li>\n<li><strong>Botella:<\/strong> HDPE resistente<\/li>\n<\/ul>\n<h3>Aplicaciones del alcohol et\u00edlico hidratado al 70% en los laboratorios<\/h3>\n<p>O <strong>El alcohol al 70 %<\/strong> desempe\u00f1a un papel fundamental en diversas aplicaciones de laboratorio, entre ellas <\/p>\n<ul>\n<li><strong>Procesamiento histocitol\u00f3gico:<\/strong> Facilita la fijaci\u00f3n y tinci\u00f3n de tejidos para an\u00e1lisis microsc\u00f3picos precisos.<\/li>\n<li><strong>Desinfecci\u00f3n y asepsia:<\/strong> Muy utilizado para limpiar bancos, equipos y superficies de laboratorio.<\/li>\n<li><strong>Uso como reactivo P.A.:<\/strong> Adecuado para experimentos que requieren un alto grado de pureza qu\u00edmica.<\/li>\n<\/ul>\n<p>Con su composici\u00f3n normalizada, <strong>el alcohol et\u00edlico 70<\/strong> es indispensable para garantizar la seguridad y la eficacia en los procedimientos de laboratorio de alto nivel.<\/p>\n","protected":false},"excerpt":{"rendered":"<ul>\n<li>Elimina bacterias, virus y hongos, garantizando un <strong>entorno seguro e higi\u00e9nico.<\/strong><\/li>\n<li><strong>Se evapora r\u00e1pidamente<\/strong> sin dejar residuos y se seca r\u00e1pidamente.<\/li>\n<li>Muy utilizado para la asepsia de superficies e<strong> instrumental de laboratorio.<\/strong><\/li>\n<li><strong>Es muy compatible<\/strong> con los procedimientos histocitol\u00f3gicos, optimizando la fijaci\u00f3n de los tejidos.<\/li>\n<li><strong>Seguro para su uso en laboratorios<\/strong>, siempre que se manipule correctamente.<\/li>\n<\/ul>\n","protected":false},"featured_media":15020,"comment_status":"open","ping_status":"closed","template":"","meta":[],"product_brand":[],"product_cat":[382],"product_tag":[494,493,645],"class_list":{"0":"post-15038","1":"product","2":"type-product","3":"status-publish","4":"has-post-thumbnail","6":"product_cat-formol-alcohol-xilol","7":"product_tag-alcohol","8":"product_tag-alcohol-etilico","9":"product_tag-alcohol-hidratado","11":"first","12":"instock","13":"shipping-taxable","14":"purchasable","15":"product-type-variable","16":"has-default-attributes","17":"col-xs-6 col-sm-4","18":"col-md-3 col-lg-2","19":"un-6-cols"},"_links":{"self":[{"href":"https:\/\/easypath.com.br\/es\/wp-json\/wp\/v2\/product\/15038","targetHints":{"allow":["GET"]}}],"collection":[{"href":"https:\/\/easypath.com.br\/es\/wp-json\/wp\/v2\/product"}],"about":[{"href":"https:\/\/easypath.com.br\/es\/wp-json\/wp\/v2\/types\/product"}],"replies":[{"embeddable":true,"href":"https:\/\/easypath.com.br\/es\/wp-json\/wp\/v2\/comments?post=15038"}],"version-history":[{"count":1,"href":"https:\/\/easypath.com.br\/es\/wp-json\/wp\/v2\/product\/15038\/revisions"}],"predecessor-version":[{"id":17459,"href":"https:\/\/easypath.com.br\/es\/wp-json\/wp\/v2\/product\/15038\/revisions\/17459"}],"wp:featuredmedia":[{"embeddable":true,"href":"https:\/\/easypath.com.br\/es\/wp-json\/wp\/v2\/media\/15020"}],"wp:attachment":[{"href":"https:\/\/easypath.com.br\/es\/wp-json\/wp\/v2\/media?parent=15038"}],"wp:term":[{"taxonomy":"product_brand","embeddable":true,"href":"https:\/\/easypath.com.br\/es\/wp-json\/wp\/v2\/product_brand?post=15038"},{"taxonomy":"product_cat","embeddable":true,"href":"https:\/\/easypath.com.br\/es\/wp-json\/wp\/v2\/product_cat?post=15038"},{"taxonomy":"product_tag","embeddable":true,"href":"https:\/\/easypath.com.br\/es\/wp-json\/wp\/v2\/product_tag?post=15038"}],"curies":[{"name":"wp","href":"https:\/\/api.w.org\/{rel}","templated":true}]}}