{"id":15044,"date":"2025-03-21T11:14:39","date_gmt":"2025-03-21T14:14:39","guid":{"rendered":"https:\/\/easypath.com.br\/loja\/sin%20categor\u00eda\/alcohol-etilico-hidratado-95\/"},"modified":"2026-03-26T09:19:49","modified_gmt":"2026-03-26T12:19:49","slug":"alcohol-etilico-hidratado-95","status":"publish","type":"product","link":"https:\/\/easypath.com.br\/es\/loja\/histologia-es\/preparacion-de-soluciones\/formol-alcohol-xilol\/alcohol-etilico-hidratado-95\/","title":{"rendered":"Alcohol et\u00edlico hidratado 95%"},"content":{"rendered":"<h1>Alcohol et\u00edlico al 95% &#8211; \u00bfQu\u00e9 es y para qu\u00e9 sirve?<\/h1>\n<p>El <strong>alcohol et\u00edlico<\/strong> al 95% es un reactivo de gran pureza utilizado en los laboratorios de histolog\u00eda y citolog\u00eda. Su alto contenido en alcohol proporciona eficacia en el procesamiento y tinci\u00f3n de muestras biol\u00f3gicas, adem\u00e1s de utilizarse en la asepsia y desinfecci\u00f3n de entornos de laboratorio. <\/p>\n<h2>Caracter\u00edsticas del alcohol et\u00edlico al 95%<\/h2>\n<ul>\n<li><strong>F\u00f3rmula qu\u00edmica:<\/strong> C\u2082H\u2085OH<\/li>\n<li><strong>CAS:<\/strong> 64-17-5<\/li>\n<li><strong>Grado alcoh\u00f3lico:<\/strong> M\u00ednimo 95\u00baGL<\/li>\n<li><strong>Peso molecular:<\/strong> 46,07 g\/mol<\/li>\n<li><strong>Grado de pureza:<\/strong> M\u00ednimo 95% P\/P INPM<\/li>\n<li><strong>Volumen disponible:<\/strong> 1 Litro y 5 Litros<\/li>\n<li><strong>Botella:<\/strong> HDPE resistente<\/li>\n<\/ul>\n<h3>Aplicaciones del alcohol et\u00edlico al 95% en los laboratorios<\/h3>\n<p>O <strong>El alcohol et\u00edlico al 95%<\/strong> se utiliza ampliamente en diversas aplicaciones de laboratorio, como: <\/p>\n<ul>\n<li><strong>Procesamiento histocitol\u00f3gico:<\/strong> Esencial para deshidratar y te\u00f1ir tejidos, garantizando im\u00e1genes microsc\u00f3picas precisas.<\/li>\n<li><strong>Desinfecci\u00f3n y asepsia:<\/strong> se utiliza para higienizar las mesas de laboratorio, los instrumentos y el material.<\/li>\n<li><strong>Uso como reactivo P.A.:<\/strong> Adecuado para experimentos que requieren un alto grado de pureza qu\u00edmica.<\/li>\n<\/ul>\n<p>Con su elevada pureza, <strong>el alcohol et\u00edlico al 95%<\/strong> es indispensable para garantizar la seguridad y la precisi\u00f3n en procedimientos de laboratorio muy complejos.<\/p>\n","protected":false},"excerpt":{"rendered":"<ul>\n<li><strong>Tiene una gran capacidad de deshidrataci\u00f3n<\/strong>, lo que optimiza el procesamiento de tejidos histol\u00f3gicos.<\/li>\n<li>Se evapora r\u00e1pidamente sin dejar residuos, garantizando un<strong> entorno limpio y seguro.<\/strong><\/li>\n<li><strong>Muy utilizado<\/strong> en la asepsia de laboratorio para evitar la contaminaci\u00f3n.<\/li>\n<li><strong>Reactivo esencial<\/strong> para diversos an\u00e1lisis de laboratorio y procesos qu\u00edmicos.<\/li>\n<li><strong>Manipulaci\u00f3n segura<\/strong> en entornos controlados, siempre que se tomen las precauciones adecuadas.<\/li>\n<\/ul>\n","protected":false},"featured_media":15029,"comment_status":"open","ping_status":"closed","template":"","meta":[],"product_brand":[],"product_cat":[382],"product_tag":[494,493,645],"class_list":{"0":"post-15044","1":"product","2":"type-product","3":"status-publish","4":"has-post-thumbnail","6":"product_cat-formol-alcohol-xilol","7":"product_tag-alcohol","8":"product_tag-alcohol-etilico","9":"product_tag-alcohol-hidratado","11":"first","12":"instock","13":"shipping-taxable","14":"purchasable","15":"product-type-variable","16":"col-xs-6 col-sm-4","17":"col-md-3 col-lg-2","18":"un-6-cols"},"_links":{"self":[{"href":"https:\/\/easypath.com.br\/es\/wp-json\/wp\/v2\/product\/15044","targetHints":{"allow":["GET"]}}],"collection":[{"href":"https:\/\/easypath.com.br\/es\/wp-json\/wp\/v2\/product"}],"about":[{"href":"https:\/\/easypath.com.br\/es\/wp-json\/wp\/v2\/types\/product"}],"replies":[{"embeddable":true,"href":"https:\/\/easypath.com.br\/es\/wp-json\/wp\/v2\/comments?post=15044"}],"version-history":[{"count":1,"href":"https:\/\/easypath.com.br\/es\/wp-json\/wp\/v2\/product\/15044\/revisions"}],"predecessor-version":[{"id":17461,"href":"https:\/\/easypath.com.br\/es\/wp-json\/wp\/v2\/product\/15044\/revisions\/17461"}],"wp:featuredmedia":[{"embeddable":true,"href":"https:\/\/easypath.com.br\/es\/wp-json\/wp\/v2\/media\/15029"}],"wp:attachment":[{"href":"https:\/\/easypath.com.br\/es\/wp-json\/wp\/v2\/media?parent=15044"}],"wp:term":[{"taxonomy":"product_brand","embeddable":true,"href":"https:\/\/easypath.com.br\/es\/wp-json\/wp\/v2\/product_brand?post=15044"},{"taxonomy":"product_cat","embeddable":true,"href":"https:\/\/easypath.com.br\/es\/wp-json\/wp\/v2\/product_cat?post=15044"},{"taxonomy":"product_tag","embeddable":true,"href":"https:\/\/easypath.com.br\/es\/wp-json\/wp\/v2\/product_tag?post=15044"}],"curies":[{"name":"wp","href":"https:\/\/api.w.org\/{rel}","templated":true}]}}