{"id":15113,"date":"2025-03-21T11:14:39","date_gmt":"2025-03-21T14:14:39","guid":{"rendered":"https:\/\/easypath.com.br\/loja\/sin%20categor\u00eda\/easydesc-fast-descalcificador-rapido-de-base-acida\/"},"modified":"2026-04-07T11:25:52","modified_gmt":"2026-04-07T14:25:52","slug":"easydesc-fast-descalcificador-rapido-de-base-acida","status":"publish","type":"product","link":"https:\/\/easypath.com.br\/es\/loja\/histologia-es\/preparacion-de-soluciones\/descalcificadores-es\/easydesc-fast-descalcificador-rapido-de-base-acida\/","title":{"rendered":"EasyDesc Fast &#8211; Descalcificador r\u00e1pido de base \u00e1cida"},"content":{"rendered":"<h1>EasyDesc Fast: Soluci\u00f3n descalcificadora r\u00e1pida y eficaz para histolog\u00eda<\/h1>\n<p>Optimiza los procesos de tu laboratorio con el <strong>descalcificador<\/strong> <strong>EasyDesc Fast<\/strong>, una <strong>soluci\u00f3n<\/strong> descalcificadora <strong>\u00e1cida<\/strong> de alto rendimiento especialmente desarrollada para descalcificar <strong>estructuras \u00f3seas<\/strong>, m\u00e9dula \u00f3sea y tejidos mineralizados. <\/p>\n<h2>Principales ventajas<\/h2>\n<ul>\n<li><strong>Rapidez y eficacia<\/strong>: Garantiza resultados r\u00e1pidos con este <strong>descalcificador<\/strong> formulado para uso profesional.<\/li>\n<li><strong>Versatilidad<\/strong>: Ideal para una amplia variedad de aplicaciones, incluidas muestras \u00f3seas y tejidos mineralizados.<\/li>\n<li><strong>Gran capacidad<\/strong>: botellas de 1 y 5 litros, perfectas para laboratorios medianos y grandes.<\/li>\n<li><strong>Calidad garantizada<\/strong>: Producto de la renombrada marca EasyPath, un referente en soluciones de laboratorio.<\/li>\n<\/ul>\n<h2>\u00bfPor qu\u00e9 elegir EasyDesc Fast?<\/h2>\n<p>Elegir el <strong>descalcificador<\/strong> EasyDesc Fast proporciona no s\u00f3lo una <strong>soluci\u00f3n descalcificadora<\/strong> de alta calidad, sino tambi\u00e9n una experiencia optimizada para los profesionales que buscan precisi\u00f3n y agilidad en sus diagn\u00f3sticos. Su f\u00f3rmula <strong>a base de \u00e1cidos<\/strong> est\u00e1 cuidadosamente dise\u00f1ada para mantener la integridad de los tejidos al tiempo que elimina eficazmente el calcio. <\/p>\n<p>Garantiza un rendimiento superior y unos resultados fiables con EasyDesc Fast. Ideal para laboratorios que exigen excelencia en sus procesos de descalcificaci\u00f3n. <\/p>\n","protected":false},"excerpt":{"rendered":"<ul>\n<li><strong>Seguridad del proceso<\/strong>: Minimiza el riesgo de da\u00f1o tisular durante el procedimiento de descalcificaci\u00f3n.<\/li>\n<li><strong>Amplia compatibilidad<\/strong>: Adecuada para diferentes tipos de tejidos mineralizados, garantizando flexibilidad de uso.<\/li>\n<li><strong>Alta concentraci\u00f3n<\/strong>: Potente f\u00f3rmula para una eliminaci\u00f3n eficaz y r\u00e1pida del calcio.<\/li>\n<li><strong>Reducci\u00f3n de Tiempos<\/strong>: Permite procesos de laboratorio m\u00e1s \u00e1giles, aumentando la productividad.<\/li>\n<\/ul>\n","protected":false},"featured_media":15057,"comment_status":"open","ping_status":"closed","template":"","meta":[],"product_brand":[],"product_cat":[644],"product_tag":[],"class_list":{"0":"post-15113","1":"product","2":"type-product","3":"status-publish","4":"has-post-thumbnail","6":"product_cat-descalcificadores-es","8":"first","9":"instock","10":"shipping-taxable","11":"purchasable","12":"product-type-variable","13":"col-xs-6 col-sm-4","14":"col-md-3 col-lg-2","15":"un-6-cols"},"_links":{"self":[{"href":"https:\/\/easypath.com.br\/es\/wp-json\/wp\/v2\/product\/15113","targetHints":{"allow":["GET"]}}],"collection":[{"href":"https:\/\/easypath.com.br\/es\/wp-json\/wp\/v2\/product"}],"about":[{"href":"https:\/\/easypath.com.br\/es\/wp-json\/wp\/v2\/types\/product"}],"replies":[{"embeddable":true,"href":"https:\/\/easypath.com.br\/es\/wp-json\/wp\/v2\/comments?post=15113"}],"version-history":[{"count":1,"href":"https:\/\/easypath.com.br\/es\/wp-json\/wp\/v2\/product\/15113\/revisions"}],"predecessor-version":[{"id":17456,"href":"https:\/\/easypath.com.br\/es\/wp-json\/wp\/v2\/product\/15113\/revisions\/17456"}],"wp:featuredmedia":[{"embeddable":true,"href":"https:\/\/easypath.com.br\/es\/wp-json\/wp\/v2\/media\/15057"}],"wp:attachment":[{"href":"https:\/\/easypath.com.br\/es\/wp-json\/wp\/v2\/media?parent=15113"}],"wp:term":[{"taxonomy":"product_brand","embeddable":true,"href":"https:\/\/easypath.com.br\/es\/wp-json\/wp\/v2\/product_brand?post=15113"},{"taxonomy":"product_cat","embeddable":true,"href":"https:\/\/easypath.com.br\/es\/wp-json\/wp\/v2\/product_cat?post=15113"},{"taxonomy":"product_tag","embeddable":true,"href":"https:\/\/easypath.com.br\/es\/wp-json\/wp\/v2\/product_tag?post=15113"}],"curies":[{"name":"wp","href":"https:\/\/api.w.org\/{rel}","templated":true}]}}