{"id":17298,"date":"2025-09-12T15:34:48","date_gmt":"2025-09-12T18:34:48","guid":{"rendered":"https:\/\/easypath.com.br\/loja\/sin categor\u00eda\/anticuerpo-fitc-anti-cadena-ligera-lambda-humana-mc24-ic6-concentrado\/"},"modified":"2026-04-20T17:55:31","modified_gmt":"2026-04-20T20:55:31","slug":"anticuerpo-fitc-anti-cadena-ligera-lambda-humana-mc24-ic6-concentrado","status":"publish","type":"product","link":"https:\/\/easypath.com.br\/es\/loja\/inmunohistoquimica-e-hibridacion\/anticuerpos\/anticuerpos-de-fluoresceina-fitc\/anticuerpo-fitc-anti-cadena-ligera-lambda-humana-mc24-ic6-concentrado\/","title":{"rendered":"Anticuerpo FITC &#8211; Anti-Cadena Ligera Lambda Humana (Mc24-IC6) &#8211; Concentrado"},"content":{"rendered":"<p>Anticuerpo de inmunoglobulina de cadena ligera lambda &#8211; FITC, policlonal producido en conejo para Inmunofluorescencia (IF) en secciones histol\u00f3gicas congeladas, isotipo IgG1, vial con 1ml 2ml (l\u00edquido &#8211; concentrado). Marca EasyPath. Producto RUO (Para investigaci\u00f3n o uso en procedimientos internos)  <\/p>\n","protected":false},"excerpt":{"rendered":"<p>Anticuerpo de inmunoglobulina de cadena ligera lambda &#8211; FITC, policlonal producido en conejo para Inmunofluorescencia (IF) en secciones histol\u00f3gicas congeladas, isotipo IgG1, vial con 1ml 2ml (l\u00edquido &#8211; concentrado). Marca EasyPath. Producto RUO (Para investigaci\u00f3n o uso en procedimientos internos)<\/p>\n","protected":false},"featured_media":16761,"comment_status":"open","ping_status":"closed","template":"","meta":[],"product_brand":[],"product_cat":[760],"product_tag":[761,765,762,763,456,766,455,764],"class_list":{"0":"post-17298","1":"product","2":"type-product","3":"status-publish","4":"has-post-thumbnail","6":"product_cat-anticuerpos-de-fluoresceina-fitc","7":"product_tag-anticuerpo","8":"product_tag-fitc-es","9":"product_tag-fluoresceina-es","10":"product_tag-fluorescencia-es","11":"product_tag-ihq-es","12":"product_tag-inmunoensayo","13":"product_tag-inmunohistoquimica","14":"product_tag-marcador-es","16":"first","17":"instock","18":"shipping-taxable","19":"purchasable","20":"product-type-variable","21":"col-xs-6 col-sm-4","22":"col-md-3 col-lg-2","23":"un-6-cols"},"_links":{"self":[{"href":"https:\/\/easypath.com.br\/es\/wp-json\/wp\/v2\/product\/17298","targetHints":{"allow":["GET"]}}],"collection":[{"href":"https:\/\/easypath.com.br\/es\/wp-json\/wp\/v2\/product"}],"about":[{"href":"https:\/\/easypath.com.br\/es\/wp-json\/wp\/v2\/types\/product"}],"replies":[{"embeddable":true,"href":"https:\/\/easypath.com.br\/es\/wp-json\/wp\/v2\/comments?post=17298"}],"version-history":[{"count":0,"href":"https:\/\/easypath.com.br\/es\/wp-json\/wp\/v2\/product\/17298\/revisions"}],"wp:featuredmedia":[{"embeddable":true,"href":"https:\/\/easypath.com.br\/es\/wp-json\/wp\/v2\/media\/16761"}],"wp:attachment":[{"href":"https:\/\/easypath.com.br\/es\/wp-json\/wp\/v2\/media?parent=17298"}],"wp:term":[{"taxonomy":"product_brand","embeddable":true,"href":"https:\/\/easypath.com.br\/es\/wp-json\/wp\/v2\/product_brand?post=17298"},{"taxonomy":"product_cat","embeddable":true,"href":"https:\/\/easypath.com.br\/es\/wp-json\/wp\/v2\/product_cat?post=17298"},{"taxonomy":"product_tag","embeddable":true,"href":"https:\/\/easypath.com.br\/es\/wp-json\/wp\/v2\/product_tag?post=17298"}],"curies":[{"name":"wp","href":"https:\/\/api.w.org\/{rel}","templated":true}]}}