{"id":17310,"date":"2025-09-12T15:34:42","date_gmt":"2025-09-12T18:34:42","guid":{"rendered":"https:\/\/easypath.com.br\/loja\/sin categor\u00eda\/anticuerpo-fitc-anti-albumina-humana-concentrado\/"},"modified":"2026-04-20T17:55:42","modified_gmt":"2026-04-20T20:55:42","slug":"anticuerpo-fitc-anti-albumina-humana-concentrado","status":"publish","type":"product","link":"https:\/\/easypath.com.br\/es\/loja\/inmunohistoquimica-e-hibridacion\/anticuerpos\/anticuerpos-de-fluoresceina-fitc\/anticuerpo-fitc-anti-albumina-humana-concentrado\/","title":{"rendered":"Anticuerpo FITC &#8211; Anti-Alb\u00famina Humana &#8211; Concentrado"},"content":{"rendered":"<p>Anticuerpo antialb\u00famina humana &#8211; FITC, policlonal (producido en conejos) para Inmunofluorescencia (IF) en secciones histol\u00f3gicas congeladas, isotipo IgG, vial con 1ml y 2ml (l\u00edquido &#8211; concentrado). Marca EasyPath. Producto RUO (Para investigaci\u00f3n o uso en procedimientos internos)  <\/p>\n","protected":false},"excerpt":{"rendered":"<p>Anticuerpo antialb\u00famina humana &#8211; FITC, policlonal (producido en conejos) para Inmunofluorescencia (IF) en secciones histol\u00f3gicas congeladas, isotipo IgG, vial con 1ml y 2ml (l\u00edquido &#8211; concentrado). Marca EasyPath. Producto RUO (Para investigaci\u00f3n o uso en procedimientos internos)<\/p>\n","protected":false},"featured_media":16752,"comment_status":"open","ping_status":"closed","template":"","meta":[],"product_brand":[],"product_cat":[760],"product_tag":[761,765,762,763,456,766,455,764],"class_list":{"0":"post-17310","1":"product","2":"type-product","3":"status-publish","4":"has-post-thumbnail","6":"product_cat-anticuerpos-de-fluoresceina-fitc","7":"product_tag-anticuerpo","8":"product_tag-fitc-es","9":"product_tag-fluoresceina-es","10":"product_tag-fluorescencia-es","11":"product_tag-ihq-es","12":"product_tag-inmunoensayo","13":"product_tag-inmunohistoquimica","14":"product_tag-marcador-es","16":"first","17":"instock","18":"shipping-taxable","19":"purchasable","20":"product-type-variable","21":"col-xs-6 col-sm-4","22":"col-md-3 col-lg-2","23":"un-6-cols"},"_links":{"self":[{"href":"https:\/\/easypath.com.br\/es\/wp-json\/wp\/v2\/product\/17310","targetHints":{"allow":["GET"]}}],"collection":[{"href":"https:\/\/easypath.com.br\/es\/wp-json\/wp\/v2\/product"}],"about":[{"href":"https:\/\/easypath.com.br\/es\/wp-json\/wp\/v2\/types\/product"}],"replies":[{"embeddable":true,"href":"https:\/\/easypath.com.br\/es\/wp-json\/wp\/v2\/comments?post=17310"}],"version-history":[{"count":0,"href":"https:\/\/easypath.com.br\/es\/wp-json\/wp\/v2\/product\/17310\/revisions"}],"wp:featuredmedia":[{"embeddable":true,"href":"https:\/\/easypath.com.br\/es\/wp-json\/wp\/v2\/media\/16752"}],"wp:attachment":[{"href":"https:\/\/easypath.com.br\/es\/wp-json\/wp\/v2\/media?parent=17310"}],"wp:term":[{"taxonomy":"product_brand","embeddable":true,"href":"https:\/\/easypath.com.br\/es\/wp-json\/wp\/v2\/product_brand?post=17310"},{"taxonomy":"product_cat","embeddable":true,"href":"https:\/\/easypath.com.br\/es\/wp-json\/wp\/v2\/product_cat?post=17310"},{"taxonomy":"product_tag","embeddable":true,"href":"https:\/\/easypath.com.br\/es\/wp-json\/wp\/v2\/product_tag?post=17310"}],"curies":[{"name":"wp","href":"https:\/\/api.w.org\/{rel}","templated":true}]}}