{"id":17405,"date":"2025-08-21T23:13:08","date_gmt":"2025-08-22T02:13:08","guid":{"rendered":"https:\/\/easypath.com.br\/loja\/sin categor\u00eda\/oncotrace-plap-clon-qr084\/"},"modified":"2026-04-20T17:56:30","modified_gmt":"2026-04-20T20:56:30","slug":"oncotrace-plap-clon-qr084","status":"publish","type":"product","link":"https:\/\/easypath.com.br\/es\/loja\/inmunohistoquimica-e-hibridacion\/anticuerpos\/oncotrace-anticuerpos-recombinantes\/oncotrace-plap-clon-qr084\/","title":{"rendered":"Oncotrace PLAP, Clon QR084"},"content":{"rendered":"<h1>OncoTrace\u2122 PLAP (QR084) &#8211; Anticuerpo recombinante para el diagn\u00f3stico de tumores de c\u00e9lulas germinales<\/h1>\n<h2>Precisi\u00f3n de la detecci\u00f3n de PLAP en los tumores trofobl\u00e1sticos y germinales<\/h2>\n<p><strong>OncoTrace\u2122 PLAP (clon QR084)<\/strong> es un <strong>anticuerpo monoclonal recombinante de conejo (IgG)<\/strong> desarrollado para la <strong>detecci\u00f3n de la fosfatasa alcalina placentaria (PLAP<\/strong> ) en tejidos <strong>FFPE<\/strong>. Este biomarcador es esencial para <strong>identificar tumores de c\u00e9lulas germinales<\/strong> y evaluar <strong>enfermedades trofobl\u00e1sticas gestacionales<\/strong>, as\u00ed como para mostrar reactividad en neoplasias som\u00e1ticas como los c\u00e1nceres de mama, pr\u00f3stata, gastrointestinales y del tracto urinario. <\/p>\n<h2>\u00bfPor qu\u00e9 elegir OncoTrace\u2122 PLAP?<\/h2>\n<ul>\n<li><strong>Marcador esencial:<\/strong> El PLAP se utiliza ampliamente para diferenciar <strong>los tumores de c\u00e9lulas germinales<\/strong> de otras neoplasias.<\/li>\n<li><strong>Versatilidad diagn\u00f3stica:<\/strong> \u00datil en la evaluaci\u00f3n de <strong>la enfermedad trofobl\u00e1stica gestacional<\/strong> y de tumores som\u00e1ticos seleccionados.<\/li>\n<li><strong>Alta especificidad:<\/strong> Proporciona una clara tinci\u00f3n citoplasm\u00e1tica y de membrana en los tejidos positivos.<\/li>\n<li><strong>Producci\u00f3n recombinante:<\/strong> Garantiza resultados consistentes, eliminando las variaciones de los hibridomas tradicionales.<\/li>\n<li><strong>Compatibilidad universal:<\/strong> validada para protocolos manuales y <strong>plataformas IHQ automatizadas<\/strong>.<\/li>\n<li><strong>Sin crueldad:<\/strong> Producci\u00f3n in vitro sin utilizar animales.<\/li>\n<\/ul>\n<h2>Aplicaciones diagn\u00f3sticas<\/h2>\n<p><strong>OncoTrace\u2122 PLAP<\/strong> ayuda a los pat\u00f3logos a <strong>identificar tumores de c\u00e9lulas germinales y trofobl\u00e1sticos<\/strong>, y tiene aplicaciones en carcinomas de mama, tracto gastrointestinal, pr\u00f3stata y vejiga. Su interpretaci\u00f3n debe ser realizada por especialistas, siempre en el contexto cl\u00ednico del paciente. <\/p>\n<h2>Comparaci\u00f3n: recombinante frente a hibridoma<\/h2>\n<table style=\"border-collapse: collapse; border: 1px solid black;\" border=\"1\">\n<thead>\n<tr>\n<th>Caracter\u00edsticas<\/th>\n<th>OncoTrace\u2122 Recombinante<\/th>\n<th>Hibridoma tradicional<\/th>\n<\/tr>\n<\/thead>\n<tbody>\n<tr>\n<td>\n  <strong>Origen<\/strong>\n<\/td>\n<td>Producido in vitro (sin animales)<\/td>\n<td>Producido en ratones<\/td>\n<\/tr>\n<tr>\n<td>\n  <strong>Fiabilidad<\/strong>\n<\/td>\n<td>Rendimiento id\u00e9ntico entre lotes<\/td>\n<td>Variaci\u00f3n frecuente<\/td>\n<\/tr>\n<tr>\n<td>\n  <strong>Especificidad<\/strong>\n<\/td>\n<td>Alta afinidad, fondo m\u00ednimo<\/td>\n<td>Riesgo de reactividad cruzada<\/td>\n<\/tr>\n<tr>\n<td>\n  <strong>Normalizaci\u00f3n<\/strong>\n<\/td>\n<td>Totalmente controlada<\/td>\n<td>Sujeto a deriva gen\u00e9tica<\/td>\n<\/tr>\n<\/tbody>\n<\/table>\n<h2>Especificaciones T\u00e9cnicas<\/h2>\n<ul>\n<li><strong>Clon:<\/strong> QR084<\/li>\n<li><strong>Hu\u00e9sped:<\/strong> Conejo (IgG)<\/li>\n<li><strong>Inmun\u00f3geno:<\/strong> P\u00e9ptido proteico humano sint\u00e9tico PLAP<\/li>\n<li><strong>Aplicaci\u00f3n:<\/strong> Inmunohistoqu\u00edmica (IHC) en tejidos FFPE<\/li>\n<li><strong>Localizaci\u00f3n celular:<\/strong> Citoplasm\u00e1tica y membranosa<\/li>\n<li><strong>Diluci\u00f3n recomendada (Concentrado):<\/strong> 1:100 &#8211; 1:200<\/li>\n<li><strong>Control positivo:<\/strong> Placenta o tumor de c\u00e9lulas germinales<\/li>\n<li><strong>Vol\u00famenes disponibles:<\/strong>\n<ul>\n<li>Concentrado: 0,1 ml, 1 ml<\/li>\n<li>Listo para usar: 1ml, 6ml<\/li>\n<\/ul>\n<\/li>\n<li><strong>Conservaci\u00f3n:<\/strong> 2\u00b0C &#8211; 8\u00b0C (estable hasta la fecha de caducidad)<\/li>\n<\/ul>\n<h2>Preguntas m\u00e1s frecuentes (FAQ)<\/h2>\n<h3>\u00bfPara qu\u00e9 se utiliza el anticuerpo OncoTrace\u2122 PLAP?<\/h3>\n<p>Se utiliza para detectar <strong>tumores de c\u00e9lulas germinales y enfermedades trofobl\u00e1sticas gestacionales<\/strong>, as\u00ed como para ayudar al diagn\u00f3stico diferencial en c\u00e1nceres som\u00e1ticos.<\/p>\n<h3>\u00bfCu\u00e1les son las ventajas del formato recombinante?<\/h3>\n<p>El formato recombinante garantiza <strong>la m\u00e1xima normalizaci\u00f3n y consistencia entre lotes<\/strong>, reduciendo los fallos y optimizando las validaciones de laboratorio.<\/p>\n<h3>\u00bfEl producto es compatible con la automatizaci\u00f3n?<\/h3>\n<p>S\u00ed. OncoTrace\u2122 PLAP est\u00e1 validado tanto para <strong>plataformas automatizadas<\/strong> como para protocolos manuales IHQ. <\/p>\n<h3>\u00bfC\u00f3mo guardarlo?<\/h3>\n<p>Conservar entre 2\u00b0C y 8\u00b0C. Producto estable hasta la fecha de caducidad, incluso despu\u00e9s de abierto. <\/p>\n<h2>Fiabilidad para diagn\u00f3sticos oncol\u00f3gicos de alta complejidad<\/h2>\n<p><strong>Invierte en tecnolog\u00eda recombinante para obtener precisi\u00f3n diagn\u00f3stica.<\/strong> Pide un presupuesto o solicita una muestra de <strong>OncoTrace\u2122 PLAP (QR084)<\/strong> ahora.<\/p>\n","protected":false},"excerpt":{"rendered":"<p>OncoTrace\u2122 PLAP (QR084) &#8211; Anticuerpo recombinante para el diagn\u00f3stico de tumores de c\u00e9lulas germinales Precisi\u00f3n de la detecci\u00f3n de PLAP en los tumores trofobl\u00e1sticos y germinales OncoTrace\u2122 PLAP (clon QR084) es un anticuerpo monoclonal recombinante de conejo (IgG) desarrollado para la detecci\u00f3n de la fosfatasa alcalina placentaria (PLAP ) en tejidos FFPE. Este biomarcador es&hellip;<\/p>\n","protected":false},"featured_media":16526,"comment_status":"open","ping_status":"closed","template":"","meta":[],"product_brand":[],"product_cat":[776],"product_tag":[761,779,454,456,455,780,778,777],"class_list":{"0":"post-17405","1":"product","2":"type-product","3":"status-publish","4":"has-post-thumbnail","6":"product_cat-oncotrace-anticuerpos-recombinantes","7":"product_tag-anticuerpo","8":"product_tag-clonar","9":"product_tag-easypath-es","10":"product_tag-ihq-es","11":"product_tag-inmunohistoquimica","12":"product_tag-oncologia-es","13":"product_tag-oncotrace-es","14":"product_tag-recombinante-es","16":"first","17":"instock","18":"shipping-taxable","19":"purchasable","20":"product-type-variable","21":"col-xs-6 col-sm-4","22":"col-md-3 col-lg-2","23":"un-6-cols"},"_links":{"self":[{"href":"https:\/\/easypath.com.br\/es\/wp-json\/wp\/v2\/product\/17405","targetHints":{"allow":["GET"]}}],"collection":[{"href":"https:\/\/easypath.com.br\/es\/wp-json\/wp\/v2\/product"}],"about":[{"href":"https:\/\/easypath.com.br\/es\/wp-json\/wp\/v2\/types\/product"}],"replies":[{"embeddable":true,"href":"https:\/\/easypath.com.br\/es\/wp-json\/wp\/v2\/comments?post=17405"}],"version-history":[{"count":0,"href":"https:\/\/easypath.com.br\/es\/wp-json\/wp\/v2\/product\/17405\/revisions"}],"wp:featuredmedia":[{"embeddable":true,"href":"https:\/\/easypath.com.br\/es\/wp-json\/wp\/v2\/media\/16526"}],"wp:attachment":[{"href":"https:\/\/easypath.com.br\/es\/wp-json\/wp\/v2\/media?parent=17405"}],"wp:term":[{"taxonomy":"product_brand","embeddable":true,"href":"https:\/\/easypath.com.br\/es\/wp-json\/wp\/v2\/product_brand?post=17405"},{"taxonomy":"product_cat","embeddable":true,"href":"https:\/\/easypath.com.br\/es\/wp-json\/wp\/v2\/product_cat?post=17405"},{"taxonomy":"product_tag","embeddable":true,"href":"https:\/\/easypath.com.br\/es\/wp-json\/wp\/v2\/product_tag?post=17405"}],"curies":[{"name":"wp","href":"https:\/\/api.w.org\/{rel}","templated":true}]}}