{"id":17595,"date":"2024-09-22T20:24:10","date_gmt":"2024-09-22T23:24:10","guid":{"rendered":"https:\/\/easypath.com.br\/loja\/sin categor\u00eda\/muscae-plus-camara-presurizada-para-ihq\/"},"modified":"2024-09-22T20:24:10","modified_gmt":"2024-09-22T23:24:10","slug":"muscae-plus-camara-presurizada-para-ihq","status":"publish","type":"product","link":"https:\/\/easypath.com.br\/es\/loja\/inmunohistoquimica-e-hibridacion\/instrumentos\/equipos-para-ihq\/muscae-plus-camara-presurizada-para-ihq\/","title":{"rendered":"Muscae Plus &#8211; C\u00e1mara presurizada para IHQ"},"content":{"rendered":"<h1>Muscae Plus &#8211; C\u00e1mara presurizada para inmunohistoqu\u00edmica &#8211; Precisi\u00f3n y eficacia en los ensayos<\/h1>\n<h2>Tecnolog\u00eda de presurizaci\u00f3n para inmunohistoqu\u00edmica con resultados fiables y estandarizados<\/h2>\n<p><strong>Muscae Plus<\/strong> es una c\u00e1mara presurizada avanzada especialmente desarrollada para t\u00e9cnicas de <strong>inmunohistoqu\u00edmica<\/strong> (IHQ) que requieren precisi\u00f3n, control y alta calidad en los procesos de laboratorio. Dise\u00f1ado para optimizar la recuperaci\u00f3n de ant\u00edgenos y la preparaci\u00f3n de muestras, Muscae Plus es una opci\u00f3n ideal para los laboratorios que buscan resultados precisos y uniformes en ensayos de inmunohistoqu\u00edmica, <strong>CISH<\/strong> y <strong>FISH<\/strong>.<\/p>\n<h2>Estructura de acero inoxidable robusta y eficaz<\/h2>\n<p>Con una estructura externa <strong>de acero inoxidable<\/strong>, Muscae Plus ofrece durabilidad y resistencia a los entornos de laboratorio. El revestimiento interno de material antiadherente negro facilita el mantenimiento y la limpieza, adem\u00e1s de contribuir a una mayor eficiencia t\u00e9rmica durante el procesamiento.<\/p>\n<h2>Dise\u00f1o de capacidad y versatilidad<\/h2>\n<p>Con una c\u00e1mara interna de <strong>6 litros<\/strong>, el Muscae Plus est\u00e1 equipado para alojar hasta <strong>4 cubas de muestras<\/strong> al mismo tiempo, lo que permite distintos procesos de recuperaci\u00f3n de ant\u00edgenos simult\u00e1neamente. Este innovador dise\u00f1o incluye tres dep\u00f3sitos laterales y un dep\u00f3sito central, compatible con el <strong>dep\u00f3sito Coplin<\/strong>, lo que hace que el equipo se adapte a m\u00faltiples t\u00e9cnicas y configuraciones.<\/p>\n<h2>19 programas avanzados para un control total<\/h2>\n<p>Muscae Plus ofrece <strong>19 ajustes programables<\/strong>, 14 para su uso en modo presurizado y 5 para su uso como ba\u00f1o de agua, ajust\u00e1ndose a las necesidades espec\u00edficas de cada ensayo. Con tres opciones de temperatura <strong>-alta (120\u00b0C), media (115\u00b0C) y baja (110\u00b0C<\/strong> )-, el equipo es ideal para una gran variedad de protocolos de laboratorio.<\/p>\n<h2>Interfaz intuitiva y segura con panel LED<\/h2>\n<p>El panel LED frontal permite un control visual claro del tiempo, la temperatura y los programas, proporcionando informaci\u00f3n en tiempo real para una supervisi\u00f3n precisa del proceso. Muscae Plus tambi\u00e9n tiene un <strong>sistema de desconexi\u00f3n autom\u00e1tica<\/strong>, que proporciona seguridad y ahorro de energ\u00eda.<\/p>\n<h2>Seguridad excepcional con 10 dispositivos de protecci\u00f3n<\/h2>\n<p>Con 10 dispositivos de seguridad, incluida una alarma ac\u00fastica y visual, un fusible t\u00e9rmico y un termostato de control de la temperatura, Muscae Plus ofrece un funcionamiento seguro y fiable. La tapa tiene una v\u00e1lvula de alivio de presi\u00f3n y un sistema de cierre autom\u00e1tico o manual, que garantiza un sellado eficaz durante el uso a presi\u00f3n.<\/p>\n<h2>Caracter\u00edsticas t\u00e9cnicas<\/h2>\n<p><strong>Tensi\u00f3n:<\/strong> 110 V (50\/60 Hz)<br \/>\n<strong>Dimensiones:<\/strong> 320 mm (longitud) x 310 mm (ancho) x 305 mm (profundidad)<br \/>\n<strong>Capacidad:<\/strong> 6 litros<br \/>\n<strong>Temperaturas de funcionamiento:<\/strong> Alta (120\u00b0C), Media (115\u00b0C), Baja (110\u00b0C)<br \/>\n<strong>Control del tiempo:<\/strong> Ajustable para cada programa<\/p>\n<h2>Accesorios incluidos<\/h2>\n<ul>\n<li><strong>Rejilla interna<\/strong> para alojar 3 cubas de muestras y 1 tarro Coplin<\/li>\n<li><strong>3 dep\u00f3sitos de nylon<\/strong> con una capacidad de 250 ml cada uno<\/li>\n<li><strong>3 cunas de nylon<\/strong> para hasta 25 cuchillas cada una<\/li>\n<li><strong>1 tarro Coplin<\/strong> para mayor comodidad y practicidad al manipular las muestras<\/li>\n<\/ul>\n<h2>Ventajas de la C\u00e1mara Presurizada Muscae Plus para Inmunohistoqu\u00edmica<\/h2>\n<h3>Optimizaci\u00f3n de la preparaci\u00f3n de la muestra<\/h3>\n<p>Muscae Plus ofrece un sistema avanzado de control de la temperatura y la presi\u00f3n, esencial para las t\u00e9cnicas de inmunohistoqu\u00edmica que requieren precisi\u00f3n en la recuperaci\u00f3n de ant\u00edgenos. Sus opciones de uso como ba\u00f1o mar\u00eda o a alta presi\u00f3n hacen que la preparaci\u00f3n de muestras sea m\u00e1s eficaz y con resultados m\u00e1s consistentes.<\/p>\n<h3>Gran capacidad y flexibilidad<\/h3>\n<p>Con capacidad para cuatro tipos distintos de cubas simult\u00e1neamente, Muscae Plus es una soluci\u00f3n ideal para laboratorios que trabajan con distintos procesos al mismo tiempo, agilizando el flujo de trabajo y optimizando el uso del espacio de la mesa.<\/p>\n<h3>Sistema de seguridad completo<\/h3>\n<p>El sistema de seguridad con 10 dispositivos, incluidas alarmas visuales y ac\u00fasticas, garantiza un entorno de trabajo seguro. Los sistemas de bloqueo y la v\u00e1lvula limitadora de presi\u00f3n garantizan un funcionamiento seguro a altas temperaturas y presiones.<\/p>\n<h3>Interfaz f\u00e1cil de usar con control y programaci\u00f3n precisos<\/h3>\n<p>El panel frontal LED permite un control total de los par\u00e1metros, supervisando el progreso en tiempo real y facilitando la repetici\u00f3n exacta de los procedimientos estandarizados.<\/p>\n","protected":false},"excerpt":{"rendered":"<ul>\n<li><strong>Precisi\u00f3n y control:<\/strong> panel LED con control de tiempo, temperatura y programa, que facilita el control en tiempo real.<\/li>\n<li><strong>Capacidad de 6 litros:<\/strong> Estructura interna dise\u00f1ada para albergar hasta 4 procesos simult\u00e1neos, aumentando la productividad.<\/li>\n<li><strong>Programaci\u00f3n flexible:<\/strong> 19 ajustes, incluidos 14 para usar a presi\u00f3n y 5 como ba\u00f1o mar\u00eda.<\/li>\n<li><strong>Alta seguridad:<\/strong> 10 dispositivos de protecci\u00f3n, incluyendo alarma, fusible t\u00e9rmico y bloqueo autom\u00e1tico.<\/li>\n<li><strong>Alta resistencia:<\/strong> Estructura de acero inoxidable y revestimiento interior antiadherente para facilitar la limpieza y el mantenimiento.<\/li>\n<\/ul>\n","protected":false},"featured_media":5755,"comment_status":"open","ping_status":"closed","template":"","meta":[],"product_brand":[],"product_cat":[409],"product_tag":[],"class_list":{"0":"post-17595","1":"product","2":"type-product","3":"status-publish","4":"has-post-thumbnail","6":"product_cat-equipos-para-ihq","8":"first","9":"instock","10":"shipping-taxable","11":"purchasable","12":"product-type-simple","13":"col-xs-6 col-sm-4","14":"col-md-3 col-lg-2","15":"un-6-cols"},"_links":{"self":[{"href":"https:\/\/easypath.com.br\/es\/wp-json\/wp\/v2\/product\/17595","targetHints":{"allow":["GET"]}}],"collection":[{"href":"https:\/\/easypath.com.br\/es\/wp-json\/wp\/v2\/product"}],"about":[{"href":"https:\/\/easypath.com.br\/es\/wp-json\/wp\/v2\/types\/product"}],"replies":[{"embeddable":true,"href":"https:\/\/easypath.com.br\/es\/wp-json\/wp\/v2\/comments?post=17595"}],"version-history":[{"count":0,"href":"https:\/\/easypath.com.br\/es\/wp-json\/wp\/v2\/product\/17595\/revisions"}],"wp:featuredmedia":[{"embeddable":true,"href":"https:\/\/easypath.com.br\/es\/wp-json\/wp\/v2\/media\/5755"}],"wp:attachment":[{"href":"https:\/\/easypath.com.br\/es\/wp-json\/wp\/v2\/media?parent=17595"}],"wp:term":[{"taxonomy":"product_brand","embeddable":true,"href":"https:\/\/easypath.com.br\/es\/wp-json\/wp\/v2\/product_brand?post=17595"},{"taxonomy":"product_cat","embeddable":true,"href":"https:\/\/easypath.com.br\/es\/wp-json\/wp\/v2\/product_cat?post=17595"},{"taxonomy":"product_tag","embeddable":true,"href":"https:\/\/easypath.com.br\/es\/wp-json\/wp\/v2\/product_tag?post=17595"}],"curies":[{"name":"wp","href":"https:\/\/api.w.org\/{rel}","templated":true}]}}