{"id":8265,"date":"2024-09-29T01:37:56","date_gmt":"2024-09-29T04:37:56","guid":{"rendered":"https:\/\/easypath.com.br\/product\/molde-de-inclusion-de-acero-inoxidable-para-histologia\/"},"modified":"2025-07-21T09:49:46","modified_gmt":"2025-07-21T12:49:46","slug":"molde-de-inclusion-de-acero-inoxidable-para-histologia","status":"publish","type":"product","link":"https:\/\/easypath.com.br\/es\/loja\/consumibles\/preparacion-de-tejidos\/moldes-para-la-inclusion\/molde-de-inclusion-de-acero-inoxidable-para-histologia\/","title":{"rendered":"Molde de Inclusi\u00f3n de Acero Inoxidable para Histolog\u00eda"},"content":{"rendered":"<h1>Molde de inclusi\u00f3n de acero inoxidable &#8211; Alto rendimiento para el procesamiento de biopsias<\/h1>\n<h2>Eficacia y Fiabilidad en Histolog\u00eda<\/h2>\n<p>El <strong>molde de inclusi\u00f3n de<\/strong> acero inoxidable de <strong>EasyPath<\/strong> es la elecci\u00f3n perfecta para los laboratorios que buscan <strong>eficacia<\/strong> y <strong>fiabilidad<\/strong> en el procesamiento de biopsias. Este molde ligero est\u00e1 dise\u00f1ado para proporcionar <strong>un enfriamiento r\u00e1pido de la parafina<\/strong>, garantizando una incrustaci\u00f3n precisa y eficaz.<\/p>\n<h2>Dimensiones vers\u00e1tiles<\/h2>\n<p>Disponible en varios tama\u00f1os, el molde se adapta a las distintas necesidades de inclusi\u00f3n:<\/p>\n<ul>\n<li>7x7x5mm<\/li>\n<li>15x15x5mm<\/li>\n<li>24x24x5mm<\/li>\n<li>30x24x5mm<\/li>\n<li>33x24x12mm<\/li>\n<li>37x24x5mm<\/li>\n<\/ul>\n<p>Esta flexibilidad es fundamental para incluir <strong>biopsias peque\u00f1as<\/strong>, garantizando que cada muestra se trate con el cuidado que merece.<\/p>\n<h2>Construcci\u00f3n de acero inoxidable<\/h2>\n<p>La construcci\u00f3n de acero inoxidable no s\u00f3lo ofrece durabilidad y resistencia, sino que tambi\u00e9n garantiza que el molde permanezca libre de contaminaci\u00f3n. La ligereza del material facilita su manipulaci\u00f3n y uso diario en el laboratorio.<\/p>\n<h2>Proceso de inclusi\u00f3n eficiente<\/h2>\n<p>El dise\u00f1o optimizado del molde garantiza un enfriamiento r\u00e1pido de las muestras, preservando su morfolog\u00eda y aumentando la calidad final de los portaobjetos histol\u00f3gicos. Este molde es ideal para su uso en casetes de procesado, favoreciendo una integraci\u00f3n eficaz en el flujo de trabajo.<\/p>\n<h2>Aumenta la calidad de tus an\u00e1lisis histol\u00f3gicos<\/h2>\n<p>Elige el <strong>molde de inclusi\u00f3n de<\/strong> acero inoxidable de <strong>EasyPath<\/strong> y lleva tus an\u00e1lisis histol\u00f3gicos al siguiente nivel. Con su calidad superior y su innovaci\u00f3n, este producto se ha convertido en una herramienta esencial para los laboratorios que buscan la excelencia.<\/p>\n","protected":false},"excerpt":{"rendered":"<ul>\n<li>Enfriamiento r\u00e1pido de la parafina, garantizando una mejor conservaci\u00f3n de las muestras.<\/li>\n<li>Disponible en varios tama\u00f1os para satisfacer diferentes necesidades de inclusi\u00f3n.<\/li>\n<li>Material de acero inoxidable ligero y resistente, ideal para un uso prolongado.<\/li>\n<li>Compatible con casetes de procesamiento, lo que facilita el flujo de trabajo.<\/li>\n<li>Preserva la morfolog\u00eda de las muestras, aumentando la calidad de las preparaciones histol\u00f3gicas.<\/li>\n<\/ul>\n","protected":false},"featured_media":8029,"comment_status":"open","ping_status":"closed","template":"","meta":[],"product_brand":[],"product_cat":[275],"product_tag":[276,277,278,279,280],"class_list":{"0":"post-8265","1":"product","2":"type-product","3":"status-publish","4":"has-post-thumbnail","6":"product_cat-moldes-para-la-inclusion","7":"product_tag-acero-inoxidable","8":"product_tag-casete","9":"product_tag-histologia-es","10":"product_tag-molde-de-inclusion","11":"product_tag-parafina-es","13":"first","14":"instock","15":"shipping-taxable","16":"purchasable","17":"product-type-variable","18":"col-xs-6 col-sm-4","19":"col-md-3 col-lg-2","20":"un-6-cols"},"_links":{"self":[{"href":"https:\/\/easypath.com.br\/es\/wp-json\/wp\/v2\/product\/8265","targetHints":{"allow":["GET"]}}],"collection":[{"href":"https:\/\/easypath.com.br\/es\/wp-json\/wp\/v2\/product"}],"about":[{"href":"https:\/\/easypath.com.br\/es\/wp-json\/wp\/v2\/types\/product"}],"replies":[{"embeddable":true,"href":"https:\/\/easypath.com.br\/es\/wp-json\/wp\/v2\/comments?post=8265"}],"version-history":[{"count":1,"href":"https:\/\/easypath.com.br\/es\/wp-json\/wp\/v2\/product\/8265\/revisions"}],"predecessor-version":[{"id":9117,"href":"https:\/\/easypath.com.br\/es\/wp-json\/wp\/v2\/product\/8265\/revisions\/9117"}],"wp:featuredmedia":[{"embeddable":true,"href":"https:\/\/easypath.com.br\/es\/wp-json\/wp\/v2\/media\/8029"}],"wp:attachment":[{"href":"https:\/\/easypath.com.br\/es\/wp-json\/wp\/v2\/media?parent=8265"}],"wp:term":[{"taxonomy":"product_brand","embeddable":true,"href":"https:\/\/easypath.com.br\/es\/wp-json\/wp\/v2\/product_brand?post=8265"},{"taxonomy":"product_cat","embeddable":true,"href":"https:\/\/easypath.com.br\/es\/wp-json\/wp\/v2\/product_cat?post=8265"},{"taxonomy":"product_tag","embeddable":true,"href":"https:\/\/easypath.com.br\/es\/wp-json\/wp\/v2\/product_tag?post=8265"}],"curies":[{"name":"wp","href":"https:\/\/api.w.org\/{rel}","templated":true}]}}