{"id":9107,"date":"2024-09-22T20:17:35","date_gmt":"2024-09-22T23:17:35","guid":{"rendered":"https:\/\/easypath.com.br\/product\/balsamo-de-canada-sintetico\/"},"modified":"2025-05-27T17:30:45","modified_gmt":"2025-05-27T20:30:45","slug":"balsamo-de-canada-sintetico","status":"publish","type":"product","link":"https:\/\/easypath.com.br\/es\/loja\/consumibles\/preparacion-de-tejidos\/medios-de-montaje-e-inclusion\/balsamo-de-canada-sintetico\/","title":{"rendered":"B\u00e1lsamo de Canad\u00e1 (sint\u00e9tico)"},"content":{"rendered":"<h1>B\u00e1lsamo de Canad\u00e1 (sint\u00e9tico) &#8211; Soluci\u00f3n ideal para el montaje histol\u00f3gico<\/h1>\n<h2>Excelencia en el montaje de cuchillas<\/h2>\n<p><strong>El B\u00e1lsamo de Canad\u00e1 (Sint\u00e9tico<\/strong> ) es un <strong>medio de montaje<\/strong> de alta calidad formulado para ofrecer resultados superiores en <strong>histolog\u00eda<\/strong>. Con un volumen de <strong>100 ml<\/strong>, este b\u00e1lsamo es ideal para el <strong>acabado de portaobjetos<\/strong>, proporcionando una transparencia y durabilidad excepcionales, esenciales para un an\u00e1lisis histol\u00f3gico preciso. <\/p>\n<h2>Caracter\u00edsticas del producto<\/h2>\n<p>Este b\u00e1lsamo es conocido por su excelente <strong>adherencia<\/strong> y <strong>estabilidad<\/strong>, que garantiza la fijaci\u00f3n y protecci\u00f3n de las muestras a lo largo del tiempo. Su f\u00f3rmula sint\u00e9tica se ha desarrollado para eliminar las imperfecciones que suelen presentar los b\u00e1lsamos naturales, como las variaciones de viscosidad y la presencia de impurezas, lo que da como resultado un <strong>acabado<\/strong> limpio y eficaz <strong>de la cuchilla<\/strong>. <\/p>\n<h2>Ventajas de uso<\/h2>\n<p>El uso del <strong>b\u00e1lsamo de<\/strong> Canad\u00e1 es muy recomendable para los laboratorios que deseen optimizar sus procesos de montaje. Su compatibilidad con distintos tipos de muestras lo convierte en un aliado indispensable en la rutina de <strong>preparaci\u00f3n histol\u00f3gica<\/strong>. <\/p>\n<h2>Elige calidad con EasyPath<\/h2>\n<p>Invierte en un producto que garantice calidad y durabilidad. <strong>B\u00e1lsamo de Canad\u00e1 (Sint\u00e9tico<\/strong> ) es la elecci\u00f3n adecuada para los profesionales que exigen lo mejor en su trabajo de <strong>histolog\u00eda<\/strong> y an\u00e1lisis de portaobjetos. <\/p>\n","protected":false},"excerpt":{"rendered":"<ul>\n<li>Medio de montaje sint\u00e9tico, ideal para finalizar portaobjetos histol\u00f3gicos.<\/li>\n<li>Transparencia excepcional, que garantiza la visibilidad de las muestras.<\/li>\n<li>Excelente adherencia y estabilidad, que sujeta las muestras con seguridad.<\/li>\n<li>Elimina las imperfecciones habituales de los b\u00e1lsamos naturales.<\/li>\n<li>Compatible con distintos tipos de muestras, lo que lo hace vers\u00e1til para los laboratorios.<\/li>\n<\/ul>\n","protected":false},"featured_media":7785,"comment_status":"open","ping_status":"closed","template":"","meta":[],"product_brand":[],"product_cat":[302],"product_tag":[],"class_list":{"0":"post-9107","1":"product","2":"type-product","3":"status-publish","4":"has-post-thumbnail","6":"product_cat-medios-de-montaje-e-inclusion","8":"first","9":"instock","10":"shipping-taxable","11":"purchasable","12":"product-type-simple","13":"col-xs-6 col-sm-4","14":"col-md-3 col-lg-2","15":"un-6-cols"},"_links":{"self":[{"href":"https:\/\/easypath.com.br\/es\/wp-json\/wp\/v2\/product\/9107","targetHints":{"allow":["GET"]}}],"collection":[{"href":"https:\/\/easypath.com.br\/es\/wp-json\/wp\/v2\/product"}],"about":[{"href":"https:\/\/easypath.com.br\/es\/wp-json\/wp\/v2\/types\/product"}],"replies":[{"embeddable":true,"href":"https:\/\/easypath.com.br\/es\/wp-json\/wp\/v2\/comments?post=9107"}],"version-history":[{"count":1,"href":"https:\/\/easypath.com.br\/es\/wp-json\/wp\/v2\/product\/9107\/revisions"}],"predecessor-version":[{"id":9108,"href":"https:\/\/easypath.com.br\/es\/wp-json\/wp\/v2\/product\/9107\/revisions\/9108"}],"wp:featuredmedia":[{"embeddable":true,"href":"https:\/\/easypath.com.br\/es\/wp-json\/wp\/v2\/media\/7785"}],"wp:attachment":[{"href":"https:\/\/easypath.com.br\/es\/wp-json\/wp\/v2\/media?parent=9107"}],"wp:term":[{"taxonomy":"product_brand","embeddable":true,"href":"https:\/\/easypath.com.br\/es\/wp-json\/wp\/v2\/product_brand?post=9107"},{"taxonomy":"product_cat","embeddable":true,"href":"https:\/\/easypath.com.br\/es\/wp-json\/wp\/v2\/product_cat?post=9107"},{"taxonomy":"product_tag","embeddable":true,"href":"https:\/\/easypath.com.br\/es\/wp-json\/wp\/v2\/product_tag?post=9107"}],"curies":[{"name":"wp","href":"https:\/\/api.w.org\/{rel}","templated":true}]}}