{"id":9110,"date":"2024-09-29T01:37:55","date_gmt":"2024-09-29T04:37:55","guid":{"rendered":"https:\/\/easypath.com.br\/product\/erv-mount-medio-de-montaje-sintetico-para-laminas\/"},"modified":"2026-04-15T15:46:38","modified_gmt":"2026-04-15T18:46:38","slug":"erv-mount-medio-de-montaje-sintetico-para-laminas","status":"publish","type":"product","link":"https:\/\/easypath.com.br\/es\/loja\/consumibles\/preparacion-de-tejidos\/medios-de-montaje-e-inclusion\/erv-mount-medio-de-montaje-sintetico-para-laminas\/","title":{"rendered":"Erv-Mount &#8211; Medio de montaje sint\u00e9tico para L\u00e1minas"},"content":{"rendered":"<h1>Erv-Mount &#8211; Medio de Montaje Sint\u00e9tico para Histolog\u00eda y Citolog\u00eda<\/h1>\n<h2>Excelencia en el Montaje de Muestras<\/h2>\n<p><strong>Erv-Mount<\/strong> es un <strong>medio de montaje<\/strong> a base de pol\u00edmeros <strong>sint\u00e9ticos<\/strong> especialmente desarrollado para su uso en <strong>histolog\u00eda<\/strong> y <strong>citolog\u00eda<\/strong>. Este producto es ideal para aplicaciones <strong>de inmunohistoqu\u00edmica<\/strong>, ya que ofrece resultados superiores y duraderos.<\/p>\n<h2>Funciones avanzadas<\/h2>\n<p>Con su f\u00f3rmula <strong>transparente<\/strong> e <strong>insoluble en agua<\/strong>, Erv-Mount garantiza un <strong>secado r\u00e1pido<\/strong> y eficaz, eliminando la formaci\u00f3n de burbujas durante el proceso de montaje. Esto es esencial para garantizar la calidad de los portaobjetos y la visibilidad de las muestras.<\/p>\n<h2>Durabilidad y estabilidad<\/h2>\n<p>Una de las principales ventajas de la montura Erv es su excepcional estabilidad en diversas condiciones. Tras su aplicaci\u00f3n, permanece inalterable durante al menos <strong>15 a\u00f1os<\/strong>, resistiendo la luz, el calor, la humedad y los rayos UV. Esto garantiza que las muestras est\u00e9n siempre protegidas y disponibles para an\u00e1lisis a largo plazo.<\/p>\n<h2>Opciones de tama\u00f1o<\/h2>\n<p>Erv-Mount est\u00e1 disponible en botellas de <strong>100 ml<\/strong> y <strong>500 ml<\/strong>, lo que ofrece flexibilidad para satisfacer las distintas demandas de los laboratorios de histolog\u00eda y citolog\u00eda.<\/p>\n<h2>Utilizado por muchos laboratorios de Brasil<\/h2>\n<p>Elige <strong>Erv-Mount<\/strong> para tus necesidades de histolog\u00eda y citolog\u00eda y experimenta la combinaci\u00f3n perfecta de calidad, durabilidad y practicidad. Con la fiabilidad de <strong>EasyPath<\/strong>, puedes garantizar resultados excepcionales en tus an\u00e1lisis.<\/p>\n","protected":false},"excerpt":{"rendered":"<ul>\n<li>Medio de montaje a base de pol\u00edmeros, ideal para inmunohistoqu\u00edmica.<\/li>\n<li>Transparente e insoluble en agua, garantiza una visualizaci\u00f3n clara de las muestras.<\/li>\n<li>Secado r\u00e1pido que evita la formaci\u00f3n de burbujas, esenciales para la calidad de las cuchillas.<\/li>\n<li>Durabilidad excepcional, permanece estable durante al menos 15 a\u00f1os bajo la luz, el calor, la humedad y los rayos UV.<\/li>\n<li>Disponible en botellas de 100 ml y 500 ml, lo que proporciona flexibilidad de uso.<\/li>\n<\/ul>\n","protected":false},"featured_media":7947,"comment_status":"open","ping_status":"closed","template":"","meta":[],"product_brand":[],"product_cat":[302],"product_tag":[337,335,338,336],"class_list":{"0":"post-9110","1":"product","2":"type-product","3":"status-publish","4":"has-post-thumbnail","6":"product_cat-medios-de-montaje-e-inclusion","7":"product_tag-erv-mount-es","8":"product_tag-medio-de-montaje","9":"product_tag-portaobjetos-de-microscopio","10":"product_tag-sintetico-es","12":"first","13":"instock","14":"shipping-taxable","15":"purchasable","16":"product-type-variable","17":"col-xs-6 col-sm-4","18":"col-md-3 col-lg-2","19":"un-6-cols"},"_links":{"self":[{"href":"https:\/\/easypath.com.br\/es\/wp-json\/wp\/v2\/product\/9110","targetHints":{"allow":["GET"]}}],"collection":[{"href":"https:\/\/easypath.com.br\/es\/wp-json\/wp\/v2\/product"}],"about":[{"href":"https:\/\/easypath.com.br\/es\/wp-json\/wp\/v2\/types\/product"}],"replies":[{"embeddable":true,"href":"https:\/\/easypath.com.br\/es\/wp-json\/wp\/v2\/comments?post=9110"}],"version-history":[{"count":0,"href":"https:\/\/easypath.com.br\/es\/wp-json\/wp\/v2\/product\/9110\/revisions"}],"wp:featuredmedia":[{"embeddable":true,"href":"https:\/\/easypath.com.br\/es\/wp-json\/wp\/v2\/media\/7947"}],"wp:attachment":[{"href":"https:\/\/easypath.com.br\/es\/wp-json\/wp\/v2\/media?parent=9110"}],"wp:term":[{"taxonomy":"product_brand","embeddable":true,"href":"https:\/\/easypath.com.br\/es\/wp-json\/wp\/v2\/product_brand?post=9110"},{"taxonomy":"product_cat","embeddable":true,"href":"https:\/\/easypath.com.br\/es\/wp-json\/wp\/v2\/product_cat?post=9110"},{"taxonomy":"product_tag","embeddable":true,"href":"https:\/\/easypath.com.br\/es\/wp-json\/wp\/v2\/product_tag?post=9110"}],"curies":[{"name":"wp","href":"https:\/\/api.w.org\/{rel}","templated":true}]}}