{"id":9114,"date":"2024-09-22T20:17:31","date_gmt":"2024-09-22T23:17:31","guid":{"rendered":"https:\/\/easypath.com.br\/product\/killik-medio-de-inclusion-para-criostato-congelacion\/"},"modified":"2025-05-27T17:30:45","modified_gmt":"2025-05-27T20:30:45","slug":"killik-medio-de-inclusion-para-criostato-congelacion","status":"publish","type":"product","link":"https:\/\/easypath.com.br\/es\/loja\/consumibles\/preparacion-de-tejidos\/medios-de-montaje-e-inclusion\/killik-medio-de-inclusion-para-criostato-congelacion\/","title":{"rendered":"Killik &#8211; Medio de inclusi\u00f3n para criostato\/congelaci\u00f3n"},"content":{"rendered":"<h1>Killik &#8211; Medio de inclusi\u00f3n para la congelaci\u00f3n<\/h1>\n<h2>Avances en la inclusi\u00f3n histol\u00f3gica<\/h2>\n<p><strong>Killik<\/strong> es un <strong>medio de inclusi\u00f3n de congelaci\u00f3n<\/strong> dise\u00f1ado para su uso en <strong>criostatos<\/strong>, que garantiza resultados de alta calidad en los procedimientos histol\u00f3gicos. Con un volumen de <strong>100 ml<\/strong>, este producto hidrosoluble favorece una <strong>inclusi\u00f3n<\/strong> eficaz y mejora la adherencia de los tejidos, algo esencial para realizar an\u00e1lisis precisos.<\/p>\n<h2>Caracter\u00edsticas del medio de inclusi\u00f3n Killik<\/h2>\n<p>Este <strong>medio de inclusi\u00f3n<\/strong> destaca por su capacidad para no dejar residuos, lo que permite procesar las muestras de forma limpia y eficaz. El dosificador largo facilita la aplicaci\u00f3n, proporcionando un uso m\u00e1s seguro y controlado, ideal para laboratorios que requieren precisi\u00f3n.<\/p>\n<h2>Ventajas de utilizar Killik en tu rutina histol\u00f3gica<\/h2>\n<p>La f\u00f3rmula innovadora de <strong>Killik<\/strong> es ideal para los laboratorios que buscan optimizar sus procesos de inclusi\u00f3n, garantizando fiabilidad y practicidad. Gracias a su f\u00e1cil solubilidad en agua, su limpieza y manipulaci\u00f3n resultan a\u00fan m\u00e1s pr\u00e1cticas, lo que la convierte en una opci\u00f3n indispensable para los profesionales de la histolog\u00eda y la citolog\u00eda.<\/p>\n<h2>Garantiza la calidad de tus inclusiones histol\u00f3gicas<\/h2>\n<p>Elige <strong>Killik<\/strong> y experimenta la excelencia en tus inclusiones con este <strong>medio de inclusi\u00f3n por congelaci\u00f3n<\/strong>. Perfecciona la preparaci\u00f3n de tus muestras y obt\u00e9n resultados superiores en todos tus procedimientos histol\u00f3gicos.<\/p>\n","protected":false},"excerpt":{"rendered":"<ul>\n<li>Mejora la adherencia del tejido, esencial para obtener inclusiones de calidad.<\/li>\n<li>F\u00f3rmula soluble en agua, por lo que es f\u00e1cil de manipular y limpiar.<\/li>\n<li>No deja residuos, lo que garantiza muestras limpias listas para el an\u00e1lisis.<\/li>\n<li>Dosificador largo para una aplicaci\u00f3n controlada y segura.<\/li>\n<li>Ideal para su uso en criostatos, optimizando el proceso de inclusi\u00f3n.<\/li>\n<\/ul>\n","protected":false},"featured_media":7541,"comment_status":"open","ping_status":"closed","template":"","meta":[],"product_brand":[],"product_cat":[302],"product_tag":[],"class_list":{"0":"post-9114","1":"product","2":"type-product","3":"status-publish","4":"has-post-thumbnail","6":"product_cat-medios-de-montaje-e-inclusion","8":"first","9":"instock","10":"shipping-taxable","11":"purchasable","12":"product-type-simple","13":"col-xs-6 col-sm-4","14":"col-md-3 col-lg-2","15":"un-6-cols"},"_links":{"self":[{"href":"https:\/\/easypath.com.br\/es\/wp-json\/wp\/v2\/product\/9114","targetHints":{"allow":["GET"]}}],"collection":[{"href":"https:\/\/easypath.com.br\/es\/wp-json\/wp\/v2\/product"}],"about":[{"href":"https:\/\/easypath.com.br\/es\/wp-json\/wp\/v2\/types\/product"}],"replies":[{"embeddable":true,"href":"https:\/\/easypath.com.br\/es\/wp-json\/wp\/v2\/comments?post=9114"}],"version-history":[{"count":1,"href":"https:\/\/easypath.com.br\/es\/wp-json\/wp\/v2\/product\/9114\/revisions"}],"predecessor-version":[{"id":9116,"href":"https:\/\/easypath.com.br\/es\/wp-json\/wp\/v2\/product\/9114\/revisions\/9116"}],"wp:featuredmedia":[{"embeddable":true,"href":"https:\/\/easypath.com.br\/es\/wp-json\/wp\/v2\/media\/7541"}],"wp:attachment":[{"href":"https:\/\/easypath.com.br\/es\/wp-json\/wp\/v2\/media?parent=9114"}],"wp:term":[{"taxonomy":"product_brand","embeddable":true,"href":"https:\/\/easypath.com.br\/es\/wp-json\/wp\/v2\/product_brand?post=9114"},{"taxonomy":"product_cat","embeddable":true,"href":"https:\/\/easypath.com.br\/es\/wp-json\/wp\/v2\/product_cat?post=9114"},{"taxonomy":"product_tag","embeddable":true,"href":"https:\/\/easypath.com.br\/es\/wp-json\/wp\/v2\/product_tag?post=9114"}],"curies":[{"name":"wp","href":"https:\/\/api.w.org\/{rel}","templated":true}]}}