{"id":9127,"date":"2024-09-22T20:16:55","date_gmt":"2024-09-22T23:16:55","guid":{"rendered":"https:\/\/easypath.com.br\/product\/rotulador-permanente-resistente-a-los-disolventes\/"},"modified":"2025-10-09T13:13:15","modified_gmt":"2025-10-09T16:13:15","slug":"rotulador-permanente-resistente-a-los-disolventes","status":"publish","type":"product","link":"https:\/\/easypath.com.br\/es\/loja\/consumibles\/identificacion-y-marcacion\/boligrafos-y-marcadores\/rotulador-permanente-resistente-a-los-disolventes\/","title":{"rendered":"Rotulador permanente resistente a los disolventes"},"content":{"rendered":"<h1>Rotulador permanente resistente a los disolventes &#8211; Precisi\u00f3n y durabilidad<\/h1>\n<h2>Gran resistencia y versatilidad<\/h2>\n<p>El <strong>rotulador permanente resistente a los disolventes<\/strong> est\u00e1 especialmente dise\u00f1ado para escribir sobre pl\u00e1stico, cristal, metal, cer\u00e1mica, madera y otras superficies. Tiene una punta fina de fieltro, que ofrece precisi\u00f3n y claridad en la escritura. Tras el secado, la escritura resiste a los principales disolventes, como el alcohol y el xileno, as\u00ed como a la esterilizaci\u00f3n en autoclave a 121\u00baC y a bajas temperaturas de hasta -70\u00baC.<\/p>\n<h2>Caracter\u00edsticas del bol\u00edgrafo resistente a disolventes<\/h2>\n<p>El bol\u00edgrafo tiene un capuch\u00f3n de pl\u00e1stico con clips para sujetarlo al bolsillo, lo que lo hace pr\u00e1ctico y f\u00e1cil de llevar a todas partes. Su resistencia y durabilidad lo hacen ideal para el marcado de campo en portaobjetos, su uso en casetes y portaobjetos histol\u00f3gicos, garantizando que el marcado permanezca intacto durante todo el proceso de laboratorio.<\/p>\n<h2>Aplicaciones y beneficios<\/h2>\n<p>Este <strong>rotulador de laboratorio<\/strong> es esencial para los profesionales que necesitan una herramienta fiable para marcar de forma permanente. Ya sea para histolog\u00eda, citolog\u00eda o trabajos rutinarios de laboratorio, la pluma EasyPath ofrece resultados precisos y duraderos.<\/p>\n<h2>Especificaciones T\u00e9cnicas<\/h2>\n<ul>\n<li>Material: Resistente a los disolventes<\/li>\n<li>Consejo: Fieltro fino<\/li>\n<li>Color: Negro<\/li>\n<li>Cantidad: 1 unidad<\/li>\n<li>Marca: EasyPath<\/li>\n<\/ul>\n<h2>Durabilidad y fiabilidad<\/h2>\n<p>El <strong>rotulador permanente resistente a los disolventes<\/strong> de EasyPath, el m\u00e1s utilizado por los laboratorios de todo el pa\u00eds, es una soluci\u00f3n pr\u00e1ctica y eficaz para los laboratorios que buscan precisi\u00f3n y durabilidad a la hora de marcar las muestras. Gracias a su resistencia a los disolventes y a las temperaturas extremas, ofrece un marcado seguro y duradero.<\/p>\n","protected":false},"excerpt":{"rendered":"<ul>\n<li><strong>Resistencia<\/strong> a disolventes como el alcohol y el xileno.<\/li>\n<li><strong>Durabilidad<\/strong> en autoclave a 121\u00baC y bajas temperaturas hasta -70\u00baC.<\/li>\n<li><strong>Versatilidad<\/strong> para escribir en varias superficies.<\/li>\n<li><strong>Precisi\u00f3n<\/strong> con punta de fieltro fina.<\/li>\n<li><strong>Pr\u00e1ctico<\/strong> con funda de pl\u00e1stico y clips para sujetarlo a los bolsillos.<\/li>\n<\/ul>\n","protected":false},"featured_media":7487,"comment_status":"open","ping_status":"closed","template":"","meta":[],"product_brand":[],"product_cat":[331],"product_tag":[],"class_list":{"0":"post-9127","1":"product","2":"type-product","3":"status-publish","4":"has-post-thumbnail","6":"product_cat-boligrafos-y-marcadores","8":"first","9":"instock","10":"shipping-taxable","11":"purchasable","12":"product-type-simple","13":"col-xs-6 col-sm-4","14":"col-md-3 col-lg-2","15":"un-6-cols"},"_links":{"self":[{"href":"https:\/\/easypath.com.br\/es\/wp-json\/wp\/v2\/product\/9127","targetHints":{"allow":["GET"]}}],"collection":[{"href":"https:\/\/easypath.com.br\/es\/wp-json\/wp\/v2\/product"}],"about":[{"href":"https:\/\/easypath.com.br\/es\/wp-json\/wp\/v2\/types\/product"}],"replies":[{"embeddable":true,"href":"https:\/\/easypath.com.br\/es\/wp-json\/wp\/v2\/comments?post=9127"}],"version-history":[{"count":1,"href":"https:\/\/easypath.com.br\/es\/wp-json\/wp\/v2\/product\/9127\/revisions"}],"predecessor-version":[{"id":17628,"href":"https:\/\/easypath.com.br\/es\/wp-json\/wp\/v2\/product\/9127\/revisions\/17628"}],"wp:featuredmedia":[{"embeddable":true,"href":"https:\/\/easypath.com.br\/es\/wp-json\/wp\/v2\/media\/7487"}],"wp:attachment":[{"href":"https:\/\/easypath.com.br\/es\/wp-json\/wp\/v2\/media?parent=9127"}],"wp:term":[{"taxonomy":"product_brand","embeddable":true,"href":"https:\/\/easypath.com.br\/es\/wp-json\/wp\/v2\/product_brand?post=9127"},{"taxonomy":"product_cat","embeddable":true,"href":"https:\/\/easypath.com.br\/es\/wp-json\/wp\/v2\/product_cat?post=9127"},{"taxonomy":"product_tag","embeddable":true,"href":"https:\/\/easypath.com.br\/es\/wp-json\/wp\/v2\/product_tag?post=9127"}],"curies":[{"name":"wp","href":"https:\/\/api.w.org\/{rel}","templated":true}]}}