{"id":9129,"date":"2024-09-22T20:17:12","date_gmt":"2024-09-22T23:17:12","guid":{"rendered":"https:\/\/easypath.com.br\/product\/duraedge-navaja-desechable-para-microtomo-de-alto-perfil\/"},"modified":"2025-11-14T11:22:27","modified_gmt":"2025-11-14T14:22:27","slug":"duraedge-navaja-desechable-para-microtomo-de-alto-perfil","status":"publish","type":"product","link":"https:\/\/easypath.com.br\/es\/produto\/duraedge-navaja-desechable-para-microtomo-de-alto-perfil\/","title":{"rendered":"DuraEdge &#8211; Navaja Desechable para Microtomo de Alto Perfil"},"content":{"rendered":"<h1>Cuchilla de Microtomo de Alto Perfil DuraEdge \u2013 Precisi\u00f3n y Eficacia para la Microtom\u00eda<\/h1>\n<h2>Navaja de perfil alto con gran calidad y rendimiento superior<\/h2>\n<p>La <strong>cuchilla de micr\u00f3tomo de perfil alto<\/strong> DuraEdge est\u00e1 hecha de acero inoxidable especial, endurecido y fabricado seg\u00fan <strong>los m\u00e1s altos est\u00e1ndares de microtom\u00eda<\/strong>. Con un filo recubierto de PTFE, ofrece cortes precisos, reduciendo la fricci\u00f3n y eliminando las estr\u00edas en la superficie, garantizando la calidad y la consistencia en las secciones histol\u00f3gicas.<\/p>\n<h2>Caracter\u00edsticas avanzadas de la navaja DuraEdge High Profile<\/h2>\n<p>Estas cuchillas est\u00e1n dise\u00f1adas para seccionar tejido para biopsias en secciones ultrafinas. Con un tama\u00f1o de 77 x 14 mm, el modelo DuraEdgeEasyPath se presenta en una caja que contiene 50 unidades. Son desechables, lo que ofrece practicidad y seguridad en el laboratorio.<\/p>\n<h3>Ventajas del revestimiento de PTFE<\/h3>\n<p>El revestimiento de PTFE de las cuchillas DuraEdge reduce la compresi\u00f3n de las secciones y elimina las estr\u00edas superficiales, proporcionando un corte m\u00e1s suave y preciso. Esto es esencial para obtener resultados coherentes en las secciones histol\u00f3gicas.<\/p>\n<h2>Especificaciones T\u00e9cnicas<\/h2>\n<ul>\n<li>Material: Acero inoxidable especial<\/li>\n<li>Tama\u00f1o: 77 x 14 mm<\/li>\n<li>Revestimiento: PTFE<\/li>\n<li>Cantidad: Caja de 50<\/li>\n<li>Marca: DuraEdge\/EasyPath<\/li>\n<\/ul>\n<h2>Preciso y fiable para histolog\u00eda<\/h2>\n<p>Las cuchillas DuraEdge son esenciales para los laboratorios de histolog\u00eda, ya que proporcionan una precisi\u00f3n sin igual en la microtom\u00eda. Son especialmente eficaces para cortes finos y ultrafinos, lo que las convierte en una opci\u00f3n excelente para los profesionales que buscan calidad y consistencia.<\/p>\n","protected":false},"excerpt":{"rendered":"<ul>\n<li>Alta precisi\u00f3n en cortes histol\u00f3gicos.<\/li>\n<li>Reducci\u00f3n de la fricci\u00f3n y eliminaci\u00f3n de las estr\u00edas con el revestimiento de PTFE.<\/li>\n<li>Durabilidad y consistencia gracias al acero inoxidable especial.<\/li>\n<li>Practicidad y seguridad con las maquinillas desechables.<\/li>\n<li>Adecuado para secciones de biopsia ultrafinas.<\/li>\n<\/ul>\n","protected":false},"featured_media":7509,"comment_status":"open","ping_status":"closed","template":"","meta":[],"product_brand":[],"product_cat":[307],"product_tag":[855,853,852,856,781,854],"class_list":{"0":"post-9129","1":"product","2":"type-product","3":"status-publish","4":"has-post-thumbnail","6":"product_cat-navajas-para-microtomo","7":"product_tag-alto-perfil-es","8":"product_tag-corte-es","9":"product_tag-cuchillas","10":"product_tag-microtomo","11":"product_tag-navaja","12":"product_tag-tejido","14":"first","15":"instock","16":"shipping-taxable","17":"purchasable","18":"product-type-simple","19":"col-xs-6 col-sm-4","20":"col-md-3 col-lg-2","21":"un-6-cols"},"_links":{"self":[{"href":"https:\/\/easypath.com.br\/es\/wp-json\/wp\/v2\/product\/9129","targetHints":{"allow":["GET"]}}],"collection":[{"href":"https:\/\/easypath.com.br\/es\/wp-json\/wp\/v2\/product"}],"about":[{"href":"https:\/\/easypath.com.br\/es\/wp-json\/wp\/v2\/types\/product"}],"replies":[{"embeddable":true,"href":"https:\/\/easypath.com.br\/es\/wp-json\/wp\/v2\/comments?post=9129"}],"version-history":[{"count":1,"href":"https:\/\/easypath.com.br\/es\/wp-json\/wp\/v2\/product\/9129\/revisions"}],"predecessor-version":[{"id":17618,"href":"https:\/\/easypath.com.br\/es\/wp-json\/wp\/v2\/product\/9129\/revisions\/17618"}],"wp:featuredmedia":[{"embeddable":true,"href":"https:\/\/easypath.com.br\/es\/wp-json\/wp\/v2\/media\/7509"}],"wp:attachment":[{"href":"https:\/\/easypath.com.br\/es\/wp-json\/wp\/v2\/media?parent=9129"}],"wp:term":[{"taxonomy":"product_brand","embeddable":true,"href":"https:\/\/easypath.com.br\/es\/wp-json\/wp\/v2\/product_brand?post=9129"},{"taxonomy":"product_cat","embeddable":true,"href":"https:\/\/easypath.com.br\/es\/wp-json\/wp\/v2\/product_cat?post=9129"},{"taxonomy":"product_tag","embeddable":true,"href":"https:\/\/easypath.com.br\/es\/wp-json\/wp\/v2\/product_tag?post=9129"}],"curies":[{"name":"wp","href":"https:\/\/api.w.org\/{rel}","templated":true}]}}