{"id":9136,"date":"2024-09-22T20:17:28","date_gmt":"2024-09-22T23:17:28","guid":{"rendered":"https:\/\/easypath.com.br\/product\/microblade-cuchilla-desechable-de-perfil-bajo-para-microtomos\/"},"modified":"2025-05-27T17:30:46","modified_gmt":"2025-05-27T20:30:46","slug":"microblade-cuchilla-desechable-de-perfil-bajo-para-microtomos","status":"publish","type":"product","link":"https:\/\/easypath.com.br\/es\/produto\/microblade-cuchilla-desechable-de-perfil-bajo-para-microtomos\/","title":{"rendered":"MicroBlade &#8211; Cuchilla desechable de perfil bajo para microtomos"},"content":{"rendered":"<h2>MICROBLADE \u2013 Cuchilla de Microtomo Desechable de Bajo Perfil con Tecnolog\u00eda Avanzada<\/h2>\n<p>La <strong>MICROBLADE<\/strong> de <strong>EasyPath<\/strong> es la<strong> cuchilla de perfil bajo<\/strong> dise\u00f1ada para microtomos que redefine la precisi\u00f3n y la durabilidad en el corte histol\u00f3gico. Su robusta construcci\u00f3n <strong>de acero inoxidable<\/strong> se complementa con una innovadora tecnolog\u00eda de recubrimiento, que garantiza cortes suaves y uniformes que cumplen los requisitos de histot\u00e9cnicos y pat\u00f3logos.<\/p>\n<h2>Innovaci\u00f3n en el dise\u00f1o con la tecnolog\u00eda Chromatex<\/h2>\n<p>La <strong>MICROBLADE<\/strong> presenta un dise\u00f1o <strong>de perfil bajo<\/strong>, que proporciona mayor comodidad y manejo durante su uso. Con un <strong>triple revestimiento<\/strong> de iones de plasma, aleaci\u00f3n de cromo y PTFE, la cuchilla maximiza la durabilidad y minimiza las asperezas, lo que da como resultado cortes precisos y sin esfuerzo con un bajo riesgo de errores. La capa de PTFE es especialmente eficaz para reducir la adherencia de residuos, favoreciendo cortes continuos e impecables.<\/p>\n<h2>Garantizar una alta durabilidad y eficacia<\/h2>\n<p>La <strong>navaja de perfil bajo<\/strong> MICROBLADE es ideal para laboratorios de alta exigencia, ya que ofrece una durabilidad excepcional. Con unas medidas est\u00e1ndar de <strong>77 mm (ancho) x 8 mm (alto)<\/strong>, la MICROBLADE es compatible con la mayor\u00eda de los micr\u00f3tomos y garantiza una longevidad que supera a la de las cuchillas tradicionales. Su <strong>envase de 50 unidades<\/strong> optimiza las rutinas de laboratorio al reducir la necesidad de cambios frecuentes.<\/p>\n<h2>Cortes histol\u00f3gicos precisos para diagn\u00f3sticos fiables<\/h2>\n<p>La precisi\u00f3n de los cortes es crucial en histolog\u00eda, ya que la calidad del corte repercute directamente en el an\u00e1lisis y el diagn\u00f3stico. La <strong>MICROBLADE<\/strong> destaca por su capacidad para realizar cortes finos y uniformes, preservando la integridad de las muestras y garantizando una excelente definici\u00f3n de los tejidos, factor esencial en el trabajo de histot\u00e9cnicos y pat\u00f3logos.<\/p>\n<h2>Rendimiento insuperable para microtomos<\/h2>\n<p>Con un dise\u00f1o ergon\u00f3mico que ofrece seguridad y control, la <strong>MICROBLADE<\/strong> es perfecta para la microtom\u00eda rutinaria. Su robusta estructura y su avanzada tecnolog\u00eda proporcionan un bajo coeficiente de fricci\u00f3n y un mayor control, evitando errores y promoviendo cortes consistentes y fiables.<\/p>\n<h2>Caracter\u00edsticas t\u00e9cnicas de la maquinilla de afeitar de perfil bajo MICROBLADE<\/h2>\n<ul>\n<li><strong>Triple revestimiento:<\/strong> iones de plasma, aleaci\u00f3n de cromo y PTFE para una mayor durabilidad y precisi\u00f3n.<\/li>\n<li><strong>Dimensiones:<\/strong> 77 mm (ancho) x 8 mm (alto) \u2013 perfil bajo est\u00e1ndar, compatible con la mayor\u00eda de los microtomos.<\/li>\n<li><strong>Baja fricci\u00f3n:<\/strong> Superficie lisa que reduce la adherencia de residuos y favorece cortes suaves y precisos.<\/li>\n<li><strong>Paquete de 50:<\/strong> Ideal para laboratorios con gran demanda, optimizando la rutina y minimizando los cambios frecuentes.<\/li>\n<li><strong>Marca:<\/strong> EasyPath \u2013 la referencia en innovaci\u00f3n y calidad para productos de laboratorio.<\/li>\n<\/ul>\n","protected":false},"excerpt":{"rendered":"<ul>\n<li>Cortes de alta precisi\u00f3n, que garantizan resultados uniformes y fiables.<\/li>\n<li>Durabilidad superior, reduciendo la necesidad de cambios frecuentes.<\/li>\n<li>Dise\u00f1o de perfil bajo para mayor comodidad y manejo durante el uso.<\/li>\n<li>Menos fricci\u00f3n durante los cortes, lo que se traduce en una experiencia de corte m\u00e1s suave.<\/li>\n<li>Ideal para histot\u00e9cnicos y pat\u00f3logos que buscan calidad e innovaci\u00f3n.<\/li>\n<\/ul>\n","protected":false},"featured_media":7127,"comment_status":"open","ping_status":"closed","template":"","meta":[],"product_brand":[],"product_cat":[307],"product_tag":[],"class_list":{"0":"post-9136","1":"product","2":"type-product","3":"status-publish","4":"has-post-thumbnail","6":"product_cat-navajas-para-microtomo","8":"first","9":"instock","10":"shipping-taxable","11":"purchasable","12":"product-type-simple","13":"col-xs-6 col-sm-4","14":"col-md-3 col-lg-2","15":"un-6-cols"},"_links":{"self":[{"href":"https:\/\/easypath.com.br\/es\/wp-json\/wp\/v2\/product\/9136","targetHints":{"allow":["GET"]}}],"collection":[{"href":"https:\/\/easypath.com.br\/es\/wp-json\/wp\/v2\/product"}],"about":[{"href":"https:\/\/easypath.com.br\/es\/wp-json\/wp\/v2\/types\/product"}],"replies":[{"embeddable":true,"href":"https:\/\/easypath.com.br\/es\/wp-json\/wp\/v2\/comments?post=9136"}],"version-history":[{"count":1,"href":"https:\/\/easypath.com.br\/es\/wp-json\/wp\/v2\/product\/9136\/revisions"}],"predecessor-version":[{"id":9137,"href":"https:\/\/easypath.com.br\/es\/wp-json\/wp\/v2\/product\/9136\/revisions\/9137"}],"wp:featuredmedia":[{"embeddable":true,"href":"https:\/\/easypath.com.br\/es\/wp-json\/wp\/v2\/media\/7127"}],"wp:attachment":[{"href":"https:\/\/easypath.com.br\/es\/wp-json\/wp\/v2\/media?parent=9136"}],"wp:term":[{"taxonomy":"product_brand","embeddable":true,"href":"https:\/\/easypath.com.br\/es\/wp-json\/wp\/v2\/product_brand?post=9136"},{"taxonomy":"product_cat","embeddable":true,"href":"https:\/\/easypath.com.br\/es\/wp-json\/wp\/v2\/product_cat?post=9136"},{"taxonomy":"product_tag","embeddable":true,"href":"https:\/\/easypath.com.br\/es\/wp-json\/wp\/v2\/product_tag?post=9136"}],"curies":[{"name":"wp","href":"https:\/\/api.w.org\/{rel}","templated":true}]}}