{"id":9159,"date":"2024-12-10T12:42:19","date_gmt":"2024-12-10T15:42:19","guid":{"rendered":"https:\/\/easypath.com.br\/product\/actina-del-musculo-liso-sma-clon-1a4\/"},"modified":"2025-05-27T17:31:01","modified_gmt":"2025-05-27T20:31:01","slug":"actina-del-musculo-liso-sma-clon-1a4","status":"publish","type":"product","link":"https:\/\/easypath.com.br\/es\/produto\/actina-del-musculo-liso-sma-clon-1a4\/","title":{"rendered":"Actina del m\u00fasculo liso (SMA), clon 1A4"},"content":{"rendered":"<p>Actina del M\u00fasculo Liso (SMA), Monoclonal de rat\u00f3n, clon (1A4), vial con 0,1ml y 1ml (Concentrado) o 1ml y 6ml (Listo para usar), para tejidos incluidos en parafina, marca EasyPath \u2013 RUO (Investigaci\u00f3n o procedimiento IN HOUSE).<\/p>\n","protected":false},"excerpt":{"rendered":"<p>Actina del M\u00fasculo Liso (SMA), Monoclonal de rat\u00f3n, clon (1A4), vial con 0,1ml y 1ml (Concentrado) o 1ml y 6ml (Listo para usar), para tejidos incluidos en parafina, marca EasyPath \u2013 RUO (Investigaci\u00f3n o procedimiento IN HOUSE).<\/p>\n","protected":false},"featured_media":8943,"comment_status":"open","ping_status":"closed","template":"","meta":[],"product_brand":[],"product_cat":[15],"product_tag":[],"class_list":{"0":"post-9159","1":"product","2":"type-product","3":"status-publish","4":"has-post-thumbnail","6":"product_cat-uncategorized","8":"first","9":"instock","10":"shipping-taxable","11":"purchasable","12":"product-type-variable","13":"col-xs-6 col-sm-4","14":"col-md-3 col-lg-2","15":"un-6-cols"},"_links":{"self":[{"href":"https:\/\/easypath.com.br\/es\/wp-json\/wp\/v2\/product\/9159","targetHints":{"allow":["GET"]}}],"collection":[{"href":"https:\/\/easypath.com.br\/es\/wp-json\/wp\/v2\/product"}],"about":[{"href":"https:\/\/easypath.com.br\/es\/wp-json\/wp\/v2\/types\/product"}],"replies":[{"embeddable":true,"href":"https:\/\/easypath.com.br\/es\/wp-json\/wp\/v2\/comments?post=9159"}],"version-history":[{"count":0,"href":"https:\/\/easypath.com.br\/es\/wp-json\/wp\/v2\/product\/9159\/revisions"}],"wp:featuredmedia":[{"embeddable":true,"href":"https:\/\/easypath.com.br\/es\/wp-json\/wp\/v2\/media\/8943"}],"wp:attachment":[{"href":"https:\/\/easypath.com.br\/es\/wp-json\/wp\/v2\/media?parent=9159"}],"wp:term":[{"taxonomy":"product_brand","embeddable":true,"href":"https:\/\/easypath.com.br\/es\/wp-json\/wp\/v2\/product_brand?post=9159"},{"taxonomy":"product_cat","embeddable":true,"href":"https:\/\/easypath.com.br\/es\/wp-json\/wp\/v2\/product_cat?post=9159"},{"taxonomy":"product_tag","embeddable":true,"href":"https:\/\/easypath.com.br\/es\/wp-json\/wp\/v2\/product_tag?post=9159"}],"curies":[{"name":"wp","href":"https:\/\/api.w.org\/{rel}","templated":true}]}}