{"id":9179,"date":"2024-09-22T20:24:16","date_gmt":"2024-09-22T23:24:16","guid":{"rendered":"https:\/\/easypath.com.br\/product\/ara-sistema-de-hibridacion-in-situ\/"},"modified":"2025-05-27T17:30:17","modified_gmt":"2025-05-27T20:30:17","slug":"ara-sistema-de-hibridacion-in-situ","status":"publish","type":"product","link":"https:\/\/easypath.com.br\/es\/loja\/sistema-de-hibridacion\/ara-sistema-de-hibridacion-in-situ\/","title":{"rendered":"ARA &#8211; Sistema de hibridaci\u00f3n in situ"},"content":{"rendered":"<h1>ARA &#8211; Hibridador autom\u00e1tico para hibridaci\u00f3n <em>in<\/em> situ CISH y FISH<\/h1>\n<h2>Equipos de alta precisi\u00f3n y control para la hibridaci\u00f3n <em>in situ<\/em><\/h2>\n<p><strong>El Hibridador ARA<\/strong> de EasyPath es un dispositivo autom\u00e1tico avanzado dise\u00f1ado para realizar <strong>hibridaciones <em>in situ en las<\/em><\/strong> t\u00e9cnicas CISH y FISH. Con controles de temperatura y tiempo <strong>de gran precisi\u00f3n<\/strong>, el ARA ofrece una fiabilidad esencial para obtener resultados constantes y de alta calidad. Cada proceso se supervisa y controla totalmente mediante un panel <strong>de pantalla t\u00e1ctil<\/strong>, con posibilidad de exportar informes a trav\u00e9s de una memoria USB, ideal para entornos de laboratorio de alta exigencia.<\/p>\n<h2>Capacidad y control preciso de la temperatura y el tiempo<\/h2>\n<p>Con capacidad para procesar hasta <strong>12 l\u00e1minas<\/strong> a la vez, el Hibridador ARA ofrece un control preciso de la temperatura, de <strong>5\u00b0C<\/strong> a 100\u00b0C, con ajustes regulables de 0\u00b0C a 100\u00b0C y una precisi\u00f3n de +\/- 1\u00b0C. La uniformidad t\u00e9rmica tambi\u00e9n se mantiene en +\/- 1 \u00b0C, lo que garantiza <strong>una distribuci\u00f3n uniforme del calor<\/strong> en todas las l\u00e1minas para obtener resultados m\u00e1s fiables.<\/p>\n<h2>Versatilidad de programaci\u00f3n y control de procesos<\/h2>\n<p>El ARA tiene tres modos de programaci\u00f3n personalizables:<\/p>\n<ul>\n<li><strong>Desnaturalizaci\u00f3n e hibridaci\u00f3n:<\/strong> procesos completos para la m\u00e1xima eficacia.<\/li>\n<li><strong>Hibridaci\u00f3n:<\/strong> Programaci\u00f3n dedicada \u00fanicamente al ciclo de hibridaci\u00f3n.<\/li>\n<li><strong>M\u00faltiples pasos editables:<\/strong> Flexibilidad para personalizar varios pasos seg\u00fan las necesidades del protocolo.<\/li>\n<\/ul>\n<h2>R\u00e1pido rendimiento en calefacci\u00f3n y refrigeraci\u00f3n<\/h2>\n<p>El tiempo que se tarda <strong>en calentar<\/strong> el ARA de 37\u00b0C a 95\u00b0C es de aproximadamente <strong>2 minutos<\/strong>, mientras que el tiempo que se tarda en enfriarlo de 95\u00b0C a 45\u00b0C es de unos <strong>6 minutos<\/strong>, lo que optimiza el flujo de trabajo y garantiza la agilidad en los procesos de hibridaci\u00f3n.<\/p>\n<h2>Especificaciones T\u00e9cnicas<\/h2>\n<p><strong>Dimensiones:<\/strong> 440 x 220 x 120 cm<br \/>\n<strong>Peso:<\/strong> 4,8 kg<br \/>\n<strong>Sistema:<\/strong> Electr\u00f3nico<br \/>\n<strong>Tensi\u00f3n:<\/strong> 220V \/ 60Hz<br \/>\n<strong>Potencia:<\/strong> 350 W<\/p>\n<h2>Interfaz moderna y f\u00e1cil de usar<\/h2>\n<p>El ARA dispone de un <strong>panel t\u00e1ctil<\/strong> de alta sensibilidad que permite la supervisi\u00f3n gr\u00e1fica en tiempo real de cada etapa del proceso. Este control visual es una ventaja para optimizar y comprobar cada paso de la hibridaci\u00f3n <em>in situ<\/em>, aumentando la precisi\u00f3n y la eficacia de los an\u00e1lisis.<\/p>\n","protected":false},"excerpt":{"rendered":"<ul>\n<li><strong>Control de temperatura y tiempo de alta precisi\u00f3n:<\/strong> Ofrece una precisi\u00f3n de +\/- 1\u00b0C y uniformidad t\u00e9rmica para obtener resultados uniformes.<\/li>\n<li><strong>Capacidad para 12 porta<\/strong> objetos<strong>:<\/strong> Procesa hasta 12 portaobjetos a la vez, ideal para laboratorios de alta demanda.<\/li>\n<li><strong>Programaci\u00f3n vers\u00e1til:<\/strong> Tres modos de programaci\u00f3n, incluidos ciclos completos de hibridaci\u00f3n y pasos editables.<\/li>\n<li><strong>Calentamiento y enfriamiento r\u00e1pidos:<\/strong> Optimiza el flujo de trabajo con tiempos cortos para los cambios de temperatura.<\/li>\n<li><strong>Interfaz de pantalla t\u00e1ctil intuitiva:<\/strong> Supervisi\u00f3n gr\u00e1fica en tiempo real y control sencillo de todos los pasos del proceso.<\/li>\n<\/ul>\n","protected":false},"featured_media":8073,"comment_status":"open","ping_status":"closed","template":"","meta":[],"product_brand":[],"product_cat":[410],"product_tag":[],"class_list":{"0":"post-9179","1":"product","2":"type-product","3":"status-publish","4":"has-post-thumbnail","6":"product_cat-sistema-de-hibridacion","8":"first","9":"instock","10":"shipping-taxable","11":"purchasable","12":"product-type-simple","13":"col-xs-6 col-sm-4","14":"col-md-3 col-lg-2","15":"un-6-cols"},"_links":{"self":[{"href":"https:\/\/easypath.com.br\/es\/wp-json\/wp\/v2\/product\/9179","targetHints":{"allow":["GET"]}}],"collection":[{"href":"https:\/\/easypath.com.br\/es\/wp-json\/wp\/v2\/product"}],"about":[{"href":"https:\/\/easypath.com.br\/es\/wp-json\/wp\/v2\/types\/product"}],"replies":[{"embeddable":true,"href":"https:\/\/easypath.com.br\/es\/wp-json\/wp\/v2\/comments?post=9179"}],"version-history":[{"count":0,"href":"https:\/\/easypath.com.br\/es\/wp-json\/wp\/v2\/product\/9179\/revisions"}],"wp:featuredmedia":[{"embeddable":true,"href":"https:\/\/easypath.com.br\/es\/wp-json\/wp\/v2\/media\/8073"}],"wp:attachment":[{"href":"https:\/\/easypath.com.br\/es\/wp-json\/wp\/v2\/media?parent=9179"}],"wp:term":[{"taxonomy":"product_brand","embeddable":true,"href":"https:\/\/easypath.com.br\/es\/wp-json\/wp\/v2\/product_brand?post=9179"},{"taxonomy":"product_cat","embeddable":true,"href":"https:\/\/easypath.com.br\/es\/wp-json\/wp\/v2\/product_cat?post=9179"},{"taxonomy":"product_tag","embeddable":true,"href":"https:\/\/easypath.com.br\/es\/wp-json\/wp\/v2\/product_tag?post=9179"}],"curies":[{"name":"wp","href":"https:\/\/api.w.org\/{rel}","templated":true}]}}