{"id":9181,"date":"2024-09-22T20:24:00","date_gmt":"2024-09-22T23:24:00","guid":{"rendered":"https:\/\/easypath.com.br\/product\/bandeja-de-tincion-para-portaobjetos-ihq\/"},"modified":"2025-05-27T17:30:18","modified_gmt":"2025-05-27T20:30:18","slug":"bandeja-de-tincion-para-portaobjetos-ihq","status":"publish","type":"product","link":"https:\/\/easypath.com.br\/es\/produto\/bandeja-de-tincion-para-portaobjetos-ihq\/","title":{"rendered":"Bandeja de tinci\u00f3n para portaobjetos IHQ"},"content":{"rendered":"<h1>Bandeja para colorear IHQ \u2013 Capacidad para 24 l\u00e1minas<\/h1>\n<h2>Una soluci\u00f3n pr\u00e1ctica para la Inmunohistoqu\u00edmica (IHC)<\/h2>\n<p>La <strong>bandeja de tinci\u00f3n de inmunohistoqu\u00edmica (IHQ<\/strong> ) EasyPath es un equipo esencial para los laboratorios que buscan precisi\u00f3n y calidad en sus procesos de tinci\u00f3n. Con capacidad para hasta 24 portaobjetos, esta bandeja est\u00e1 dise\u00f1ada para optimizar el flujo de trabajo durante las t\u00e9cnicas IHQ.<\/p>\n<h2>Caracter\u00edsticas t\u00e9cnicas<\/h2>\n<ul>\n<li><strong>Capacidad:<\/strong> admite hasta 24 l\u00e1minas.<\/li>\n<li><strong>Dimensiones:<\/strong> 205 mm x 395 mm x 19 mm.<\/li>\n<li><strong>Altura para l\u00edquidos:<\/strong> s\u00f3lo 1 cm, ideal para reducir el consumo de reactivos.<\/li>\n<li><strong>Material:<\/strong> acr\u00edlico oscuro para proteger de la luz.<\/li>\n<li><strong>Dise\u00f1o:<\/strong> Tiene ranuras que evitan que las l\u00e1minas resbalen.<\/li>\n<li><strong>Funda incluida:<\/strong> Protege las muestras durante el proceso de coloraci\u00f3n.<\/li>\n<li><strong>Bandejas superpuestas:<\/strong> ahorran espacio y organizan el laboratorio.<\/li>\n<\/ul>\n<h2>Ventajas de la bandeja para colorear IHQ<\/h2>\n<p>La bandeja de tinci\u00f3n ofrece varias ventajas que la convierten en una elecci\u00f3n indispensable para los procedimientos IHQ:<\/p>\n<ul>\n<li><strong>Ambiente controlado:<\/strong> La tapa de la bandeja crea un ambiente h\u00famedo, esencial para una coloraci\u00f3n eficaz.<\/li>\n<li><strong>Minimizaci\u00f3n de las interferencias:<\/strong> El material acr\u00edlico oscuro impide que la luz interfiera en los resultados, garantizando que las muestras se traten en condiciones ideales.<\/li>\n<li><strong>Dise\u00f1o funcional:<\/strong> las bandejas pueden superponerse, lo que facilita su manejo y organizaci\u00f3n en el espacio de trabajo.<\/li>\n<li><strong>Seguridad de la l\u00e1mina:<\/strong> Los accesorios de la l\u00e1mina mantienen las muestras estables, reduciendo el riesgo de deslizamiento.<\/li>\n<li><strong>Versatilidad:<\/strong> Ideal para diversas aplicaciones de laboratorio, incluidas las t\u00e9cnicas de tinci\u00f3n y la preparaci\u00f3n de muestras.<\/li>\n<\/ul>\n<h2>Haz mucho m\u00e1s con la bandeja para colorear EasyPath IHQ<\/h2>\n<p>La <strong>bandeja de tinci\u00f3n<\/strong> EasyPath <strong>IHQ<\/strong> es una herramienta fiable y eficaz para los laboratorios de investigaci\u00f3n y diagn\u00f3stico. Su robusta construcci\u00f3n y pr\u00e1ctico dise\u00f1o garantizan que los profesionales puedan realizar sus an\u00e1lisis con seguridad y precisi\u00f3n, aumentando la calidad de los resultados obtenidos.<\/p>\n","protected":false},"excerpt":{"rendered":"<ul>\n<li><strong>Ambiente controlado:<\/strong> La tapa de la bandeja crea un ambiente h\u00famedo, esencial para una coloraci\u00f3n eficaz.<\/li>\n<li><strong>Minimizaci\u00f3n de las interferencias:<\/strong> El material acr\u00edlico oscuro impide que la luz interfiera en los resultados, garantizando que las muestras se traten en condiciones ideales.<\/li>\n<li><strong>Dise\u00f1o funcional:<\/strong> las bandejas pueden superponerse, lo que facilita su manejo y organizaci\u00f3n en el espacio de trabajo.<\/li>\n<li><strong>Seguridad de la l\u00e1mina:<\/strong> Los accesorios de la l\u00e1mina mantienen las muestras estables, reduciendo el riesgo de deslizamiento.<\/li>\n<li><strong>Versatilidad:<\/strong> Ideal para diversas aplicaciones de laboratorio, incluidas las t\u00e9cnicas de tinci\u00f3n y la preparaci\u00f3n de muestras.<\/li>\n<\/ul>\n","protected":false},"featured_media":7167,"comment_status":"open","ping_status":"closed","template":"","meta":[],"product_brand":[],"product_cat":[412],"product_tag":[],"class_list":{"0":"post-9181","1":"product","2":"type-product","3":"status-publish","4":"has-post-thumbnail","6":"product_cat-accesorios-para-ihq","8":"first","9":"instock","10":"shipping-taxable","11":"purchasable","12":"product-type-simple","13":"col-xs-6 col-sm-4","14":"col-md-3 col-lg-2","15":"un-6-cols"},"_links":{"self":[{"href":"https:\/\/easypath.com.br\/es\/wp-json\/wp\/v2\/product\/9181","targetHints":{"allow":["GET"]}}],"collection":[{"href":"https:\/\/easypath.com.br\/es\/wp-json\/wp\/v2\/product"}],"about":[{"href":"https:\/\/easypath.com.br\/es\/wp-json\/wp\/v2\/types\/product"}],"replies":[{"embeddable":true,"href":"https:\/\/easypath.com.br\/es\/wp-json\/wp\/v2\/comments?post=9181"}],"version-history":[{"count":0,"href":"https:\/\/easypath.com.br\/es\/wp-json\/wp\/v2\/product\/9181\/revisions"}],"wp:featuredmedia":[{"embeddable":true,"href":"https:\/\/easypath.com.br\/es\/wp-json\/wp\/v2\/media\/7167"}],"wp:attachment":[{"href":"https:\/\/easypath.com.br\/es\/wp-json\/wp\/v2\/media?parent=9181"}],"wp:term":[{"taxonomy":"product_brand","embeddable":true,"href":"https:\/\/easypath.com.br\/es\/wp-json\/wp\/v2\/product_brand?post=9181"},{"taxonomy":"product_cat","embeddable":true,"href":"https:\/\/easypath.com.br\/es\/wp-json\/wp\/v2\/product_cat?post=9181"},{"taxonomy":"product_tag","embeddable":true,"href":"https:\/\/easypath.com.br\/es\/wp-json\/wp\/v2\/product_tag?post=9181"}],"curies":[{"name":"wp","href":"https:\/\/api.w.org\/{rel}","templated":true}]}}