{"id":9449,"date":"2024-09-29T01:38:33","date_gmt":"2024-09-29T04:38:33","guid":{"rendered":"https:\/\/easypath.com.br\/loja\/sin categor\u00eda\/easylink-duo-sistema-de-deteccion-para-ihq\/"},"modified":"2026-04-20T18:05:38","modified_gmt":"2026-04-20T21:05:38","slug":"easylink-duo-sistema-de-deteccion-para-ihq","status":"publish","type":"product","link":"https:\/\/easypath.com.br\/es\/loja\/inmunohistoquimica-e-hibridacion\/sistema-de-deteccion\/easylink-duo-es\/easylink-duo-sistema-de-deteccion-para-ihq\/","title":{"rendered":"EasyLink DUO &#8211; Sistema de Detecci\u00f3n para IHQ"},"content":{"rendered":"<h1 style=\"text-align: left;\">EasyLink Duo: Sistema de detecci\u00f3n universal con pol\u00edmero-HRP para inmunohistoqu\u00edmica<\/h1>\n<h2 style=\"text-align: left;\">Eficacia y versatilidad para la inmunohistoqu\u00edmica avanzada<\/h2>\n<p style=\"text-align: left;\"><strong>EasyLink Duo<\/strong> es un kit completo <strong>de sistema de detecci\u00f3n<\/strong> con pol\u00edmero-HRP universal, dise\u00f1ado para simplificar y acelerar los procesos de <strong>inmunohistoqu\u00edmica<\/strong> (IHQ). Desarrollado por EasyPath, este innovador kit es compatible con anticuerpos primarios de <strong>conejo<\/strong> y <strong>rat\u00f3n<\/strong>, lo que permite utilizarlo en <strong>tejidos embebidos en parafina<\/strong> sin necesidad de enlazadores independientes. Su versatilidad lo convierte en una herramienta ideal para los laboratorios que buscan reducir pasos y optimizar el flujo de trabajo con gran precisi\u00f3n.  <\/p>\n<h2 style=\"text-align: left;\">Tecnolog\u00eda de s\u00edntesis avanzada<\/h2>\n<p style=\"text-align: left;\">Con una nueva tecnolog\u00eda de s\u00edntesis, <strong>EasyLink Duo<\/strong> integra un amplificador de anticuerpos y el pol\u00edmero PolyFusion-HRP, proporcionando una uni\u00f3n m\u00e1s fuerte y estable de las enzimas conjugadas con el <strong>anticuerpo secundario<\/strong>. El resultado es un etiquetado de ant\u00edgenos m\u00e1s preciso y consistente, que ofrece resultados de alta calidad en una amplia gama de muestras de tejidos. <\/p>\n<h2 style=\"text-align: left;\">PolyFusion-HRP: El pol\u00edmero de nueva generaci\u00f3n<\/h2>\n<p style=\"text-align: left;\">El pol\u00edmero PolyFusion-HRP incluido en el kit tiene un <strong>tama\u00f1o molecular extremadamente peque\u00f1o<\/strong>, lo que permite una penetraci\u00f3n eficaz en las capas m\u00e1s profundas del tejido. Este avanzado pol\u00edmero elimina la necesidad de bloqueadores prote\u00ednicos, aumentando la comodidad y reduciendo el tiempo necesario para cada marcaje. <strong>PolyFusion<\/strong> tambi\u00e9n tiene un inhibidor de prote\u00ednas, lo que hace que el proceso sea m\u00e1s eficaz y seguro, adem\u00e1s de garantizar un marcaje claro y fiable.  <\/p>\n<h2 style=\"text-align: left;\">Composici\u00f3n del sistema de detecci\u00f3n EasyLink Duo Kit<\/h2>\n<p style=\"text-align: left;\">El kit <strong>EasyLink Duo<\/strong> incluye todos los reactivos necesarios para un etiquetado inmunohistoqu\u00edmico completo, con una combinaci\u00f3n exclusiva de elementos que elimina los procesos intermedios. Cada kit consta de: <\/p>\n<ul style=\"text-align: left;\">\n<li><strong>Bloqueador de peroxidasas:<\/strong> 25 ml o 125 ml<\/li>\n<li><strong>Amplificador de anticuerpos:<\/strong> 25 ml o 125 ml<\/li>\n<li><strong>Pol\u00edmero PolyFusion-HRP:<\/strong> 25 ml o 125 ml<\/li>\n<li><strong>Sistema DAB:<\/strong> 25 ml o 125 ml<\/li>\n<li><strong>Potenciador del color DAB:<\/strong> 25 ml o 125 ml<\/li>\n<\/ul>\n<p style=\"text-align: left;\">Estas cantidades permiten realizar hasta 250 \u00f3 1250 pruebas, seg\u00fan el kit, utilizando 100\u00b5l por prueba.<\/p>\n<h2 style=\"text-align: left;\">Compatibilidad y comodidad<\/h2>\n<p style=\"text-align: left;\">Ideal para anticuerpos producidos en conejos y ratones, <strong>EasyLink Duo<\/strong> elimina la necesidad de reactivos enlazadores, simplificando el protocolo y haci\u00e9ndolo m\u00e1s econ\u00f3mico. Su avanzada tecnolog\u00eda de enlace garantiza que el pol\u00edmero permanezca estable y seguro durante todas las fases de preparaci\u00f3n, evitando la necesidad de correcciones de \u00faltima hora y proporcionando tranquilidad. <\/p>\n<h2 style=\"text-align: left;\">Resultados superiores con la intensificaci\u00f3n DAB<\/h2>\n<p style=\"text-align: left;\">Para una visualizaci\u00f3n m\u00e1s clara de los ant\u00edgenos, el <strong>EasyLink Duo<\/strong> incluye un potenciador DAB, que mejora la tinci\u00f3n de los tejidos para un an\u00e1lisis visual m\u00e1s preciso y detallado. Con este potenciador, las tinciones se vuelven m\u00e1s oscuras y prominentes, lo que facilita la lectura de los resultados y aumenta la fiabilidad del diagn\u00f3stico. <\/p>\n<h2 style=\"text-align: left;\">Normativa y seguridad<\/h2>\n<p style=\"text-align: left;\">Desarrollado por EasyPath, <strong>EasyLink Duo<\/strong> est\u00e1 registrado en Anvisa con el n\u00famero MS 10039370003, cumpliendo las normas m\u00e1s estrictas de seguridad y calidad para su uso en diagn\u00f3sticos de laboratorio.<\/p>\n<h2 style=\"text-align: left;\">Supera los l\u00edmites del etiquetado inmunohistoqu\u00edmico con EasyLink DUO<\/h2>\n<p style=\"text-align: left;\">En resumen, <strong>EasyLink Duo<\/strong> es un sistema de <strong>detecci\u00f3n<\/strong> de alto rendimiento que combina practicidad, eficacia y precisi\u00f3n. Con un pol\u00edmero de \u00faltima generaci\u00f3n y un protocolo optimizado, el kit es ideal para los profesionales de laboratorio que buscan resultados fiables y un proceso de trabajo m\u00e1s r\u00e1pido y \u00e1gil. <\/p>\n","protected":false},"excerpt":{"rendered":"<ul>\n<li><strong>Universalidad y rendimiento:<\/strong> Compatible con anticuerpos primarios de conejo y rat\u00f3n, EasyLink Duo elimina la necesidad de utilizar enlazadores por separado, reduciendo tiempo y costes.<\/li>\n<li><strong>Alta sensibilidad: La<\/strong> avanzada tecnolog\u00eda de uni\u00f3n garantiza un etiquetado inmunohistoqu\u00edmico claro y preciso en una amplia variedad de muestras de tejidos.<\/li>\n<li><strong>Reducci\u00f3n de pasos:<\/strong> Al eliminar el uso de bloqueadores de prote\u00ednas y pasos adicionales, EasyLink Duo simplifica el proceso y aumenta la eficacia del laboratorio.<\/li>\n<li><strong>Intensificador DAB:<\/strong> La coloraci\u00f3n m\u00e1s intensa y resaltada facilita la visualizaci\u00f3n de los resultados, mejorando la interpretaci\u00f3n diagn\u00f3stica.<\/li>\n<li><strong>Gran capacidad de pruebas:<\/strong> Con opciones para 250 y 1250 pruebas, el kit ofrece un gran rendimiento y practicidad para laboratorios de cualquier tama\u00f1o.<\/li>\n<\/ul>\n","protected":false},"featured_media":7701,"comment_status":"open","ping_status":"closed","template":"","meta":[],"product_brand":[],"product_cat":[407],"product_tag":[479,481,454,456,455,482,480],"class_list":{"0":"post-9449","1":"product","2":"type-product","3":"status-publish","4":"has-post-thumbnail","6":"product_cat-easylink-duo-es","7":"product_tag-deteccion","8":"product_tag-easylink-es","9":"product_tag-easypath-es","10":"product_tag-ihq-es","11":"product_tag-inmunohistoquimica","12":"product_tag-marcadores-es","13":"product_tag-polimero-es","15":"first","16":"instock","17":"shipping-taxable","18":"purchasable","19":"product-type-variable","20":"col-xs-6 col-sm-4","21":"col-md-3 col-lg-2","22":"un-6-cols"},"_links":{"self":[{"href":"https:\/\/easypath.com.br\/es\/wp-json\/wp\/v2\/product\/9449","targetHints":{"allow":["GET"]}}],"collection":[{"href":"https:\/\/easypath.com.br\/es\/wp-json\/wp\/v2\/product"}],"about":[{"href":"https:\/\/easypath.com.br\/es\/wp-json\/wp\/v2\/types\/product"}],"replies":[{"embeddable":true,"href":"https:\/\/easypath.com.br\/es\/wp-json\/wp\/v2\/comments?post=9449"}],"version-history":[{"count":0,"href":"https:\/\/easypath.com.br\/es\/wp-json\/wp\/v2\/product\/9449\/revisions"}],"wp:featuredmedia":[{"embeddable":true,"href":"https:\/\/easypath.com.br\/es\/wp-json\/wp\/v2\/media\/7701"}],"wp:attachment":[{"href":"https:\/\/easypath.com.br\/es\/wp-json\/wp\/v2\/media?parent=9449"}],"wp:term":[{"taxonomy":"product_brand","embeddable":true,"href":"https:\/\/easypath.com.br\/es\/wp-json\/wp\/v2\/product_brand?post=9449"},{"taxonomy":"product_cat","embeddable":true,"href":"https:\/\/easypath.com.br\/es\/wp-json\/wp\/v2\/product_cat?post=9449"},{"taxonomy":"product_tag","embeddable":true,"href":"https:\/\/easypath.com.br\/es\/wp-json\/wp\/v2\/product_tag?post=9449"}],"curies":[{"name":"wp","href":"https:\/\/api.w.org\/{rel}","templated":true}]}}