{"id":9676,"date":"2024-09-29T01:38:13","date_gmt":"2024-09-29T04:38:13","guid":{"rendered":"https:\/\/easypath.com.br\/loja\/sin categor\u00eda\/acido-oxalico-cristalino-2h2o-pa-acs\/"},"modified":"2026-04-20T18:06:28","modified_gmt":"2026-04-20T21:06:28","slug":"acido-oxalico-cristalino-2h2o-pa-acs","status":"publish","type":"product","link":"https:\/\/easypath.com.br\/es\/loja\/histologia-es\/tinciones-nucleares\/reactivos-quimicos\/acido-oxalico-cristalino-2h2o-pa-acs\/","title":{"rendered":"\u00c1cido ox\u00e1lico cristalino (2H2O) PA ACS"},"content":{"rendered":"<h1>\u00c1cido ox\u00e1lico cristal PA ACS (2H\u2082O) &#8211; 500g<\/h1>\n<h2>\u00bfQu\u00e9 es el \u00e1cido ox\u00e1lico cristalino y para qu\u00e9 se utiliza?<\/h2>\n<p><strong>El \u00c1cido Ox\u00e1lico Cristal PA ACS (2H\u2082O)<\/strong> es un \u00e1cido dicarbox\u00edlico fuerte muy utilizado en la industria qu\u00edmica y de laboratorio. Con sus propiedades altamente solubles en agua, este reactivo es esencial para muchas aplicaciones, como la dosificaci\u00f3n de calcio en los an\u00e1lisis qu\u00edmicos y la purificaci\u00f3n de sustancias. El \u00e1cido ox\u00e1lico es especialmente eficaz para eliminar manchas y limpiar superficies met\u00e1licas y textiles, por lo que es una elecci\u00f3n popular en los procesos de limpieza industrial y en la qu\u00edmica anal\u00edtica.  <\/p>\n<h2>Caracter\u00edsticas del \u00c1cido Ox\u00e1lico Cristal PA ACS (2H\u2082O)<\/h2>\n<p>El <strong>\u00c1cido Ox\u00e1lico Cristalino PA ACS (2H\u2082O<\/strong> ) de EasyPath se presenta en botellas de 500 g y 1000 g, garantizando practicidad y versatilidad para laboratorios e industrias. Por su gran pureza y calidad, este \u00e1cido es ideal para aplicaciones en qu\u00edmica anal\u00edtica y procesos industriales. <\/p>\n<h3>Beneficios del \u00e1cido ox\u00e1lico cristal PA ACS (2H\u2082O)<\/h3>\n<ul>\n<li><strong>Alto grado de pureza:<\/strong> certificado PA (Pure Analysed) para garantizar resultados fiables en los an\u00e1lisis qu\u00edmicos.<\/li>\n<li><strong>Versatilidad:<\/strong> Se utiliza en una amplia gama de aplicaciones, desde la industria textil hasta la purificaci\u00f3n de sustancias qu\u00edmicas.<\/li>\n<li><strong>Propiedades limpiadoras:<\/strong> Eficaz para eliminar manchas y abrillantar superficies met\u00e1licas.<\/li>\n<li><strong>F\u00e1cil manejo:<\/strong> Disponible en botellas de 500 g y 1000 g, ideales para distintos vol\u00famenes de uso.<\/li>\n<li><strong>Aplicaciones en qu\u00edmica anal\u00edtica:<\/strong> Fundamental para la medici\u00f3n del calcio y otros an\u00e1lisis en laboratorios.<\/li>\n<\/ul>\n","protected":false},"excerpt":{"rendered":"<ul>\n<li><strong>Forma cristalina:<\/strong> Se presenta como cristales hidratados, aumentando la solubilidad.<\/li>\n<li><strong>Alta pureza:<\/strong> clasificaci\u00f3n PA ACS, que garantiza una calidad superior para uso en laboratorio.<\/li>\n<li><strong>Polivalente:<\/strong> Diversas aplicaciones en la industria y la qu\u00edmica anal\u00edtica.<\/li>\n<li><strong>Disponible en distintos vol\u00famenes:<\/strong> tarros de 500 g y 1000 g para satisfacer distintas demandas.<\/li>\n<li><strong>Agente limpiador:<\/strong> Eficaz para eliminar manchas y abrillantar superficies.<\/li>\n<\/ul>\n","protected":false},"featured_media":7749,"comment_status":"open","ping_status":"closed","template":"","meta":[],"product_brand":[],"product_cat":[366],"product_tag":[491,278,391,390,389],"class_list":{"0":"post-9676","1":"product","2":"type-product","3":"status-publish","4":"has-post-thumbnail","6":"product_cat-reactivos-quimicos","7":"product_tag-acido-oxalico-cristalino","8":"product_tag-histologia-es","9":"product_tag-reactivo","10":"product_tag-reactivo-quimico","11":"product_tag-tincion","13":"first","14":"instock","15":"shipping-taxable","16":"purchasable","17":"product-type-variable","18":"col-xs-6 col-sm-4","19":"col-md-3 col-lg-2","20":"un-6-cols"},"_links":{"self":[{"href":"https:\/\/easypath.com.br\/es\/wp-json\/wp\/v2\/product\/9676","targetHints":{"allow":["GET"]}}],"collection":[{"href":"https:\/\/easypath.com.br\/es\/wp-json\/wp\/v2\/product"}],"about":[{"href":"https:\/\/easypath.com.br\/es\/wp-json\/wp\/v2\/types\/product"}],"replies":[{"embeddable":true,"href":"https:\/\/easypath.com.br\/es\/wp-json\/wp\/v2\/comments?post=9676"}],"version-history":[{"count":0,"href":"https:\/\/easypath.com.br\/es\/wp-json\/wp\/v2\/product\/9676\/revisions"}],"wp:featuredmedia":[{"embeddable":true,"href":"https:\/\/easypath.com.br\/es\/wp-json\/wp\/v2\/media\/7749"}],"wp:attachment":[{"href":"https:\/\/easypath.com.br\/es\/wp-json\/wp\/v2\/media?parent=9676"}],"wp:term":[{"taxonomy":"product_brand","embeddable":true,"href":"https:\/\/easypath.com.br\/es\/wp-json\/wp\/v2\/product_brand?post=9676"},{"taxonomy":"product_cat","embeddable":true,"href":"https:\/\/easypath.com.br\/es\/wp-json\/wp\/v2\/product_cat?post=9676"},{"taxonomy":"product_tag","embeddable":true,"href":"https:\/\/easypath.com.br\/es\/wp-json\/wp\/v2\/product_tag?post=9676"}],"curies":[{"name":"wp","href":"https:\/\/api.w.org\/{rel}","templated":true}]}}