{"id":9718,"date":"2024-09-22T20:19:15","date_gmt":"2024-09-22T23:19:15","guid":{"rendered":"https:\/\/easypath.com.br\/loja\/sin categor\u00eda\/azul-de-toluidina-ci-52040-25g\/"},"modified":"2025-05-27T17:30:38","modified_gmt":"2025-05-27T20:30:38","slug":"azul-de-toluidina-ci-52040-25g","status":"publish","type":"product","link":"https:\/\/easypath.com.br\/es\/loja\/histologia-es\/tinciones-nucleares\/reactivos-quimicos\/azul-de-toluidina-ci-52040-25g\/","title":{"rendered":"Azul de toluidina (CI. 52040) &#8211; 25g"},"content":{"rendered":"<br \/>\n<h1>Azul de toluidina &#8211; 25 g<\/h1>\n<h2>\u00bfQu\u00e9 es el azul de toluidina y para qu\u00e9 se utiliza?<\/h2>\n<p><strong>El azul de toluidina<\/strong> (CI 52040) es un colorante muy utilizado para te\u00f1ir tejidos y microorganismos en histolog\u00eda y microbiolog\u00eda. Este colorante es conocido por su capacidad para resaltar las estructuras celulares, lo que facilita la visualizaci\u00f3n de las c\u00e9lulas en los portaobjetos de microscop\u00eda. El azul de toluidina tambi\u00e9n se utiliza como indicador en an\u00e1lisis qu\u00edmicos.  <\/p>\n<h2>Caracter\u00edsticas del azul de toluidina<\/h2>\n<p>El <strong>Azul de Toluidina<\/strong> EasyPath est\u00e1 disponible en viales de 25 g, lo que supone una opci\u00f3n pr\u00e1ctica para los laboratorios que buscan calidad y eficacia en la tinci\u00f3n.<\/p>\n<h3>Beneficios del azul de toluidina<\/h3>\n<ul>\n<li><strong>Versatilidad:<\/strong> Ideal para tinciones histol\u00f3gicas y microbiol\u00f3gicas.<\/li>\n<li><strong>Visualizaci\u00f3n n\u00edtida:<\/strong> Proporciona tinciones n\u00edtidas, facilitando la identificaci\u00f3n de las estructuras celulares.<\/li>\n<li><strong>F\u00e1cil manejo:<\/strong> Disponible en frascos de 25 g, perfectos para laboratorios peque\u00f1os y medianos.<\/li>\n<li><strong>Seguridad:<\/strong> Aprobado para uso en laboratorio, con propiedades de bajo riesgo.<\/li>\n<li><strong>Resultados fiables:<\/strong> Consistencia y calidad garantizadas en los an\u00e1lisis y diagn\u00f3sticos.<\/li>\n<\/ul>\n","protected":false},"excerpt":{"rendered":"<ul>\n<li>Colorante vers\u00e1til utilizado en tinci\u00f3n histol\u00f3gica y microbiol\u00f3gica.<\/li>\n<li>Muestra claramente las estructuras celulares y los microorganismos.<\/li>\n<li>F\u00e1cil de aplicar a portaobjetos de microscop\u00eda.<\/li>\n<li>Se utiliza como antis\u00e9ptico en algunas aplicaciones m\u00e9dicas.<\/li>\n<li>Disponible en frascos de 25 g, ideal para laboratorios peque\u00f1os y medianos.<\/li>\n<\/ul>\n","protected":false},"featured_media":7809,"comment_status":"open","ping_status":"closed","template":"","meta":[],"product_brand":[],"product_cat":[366],"product_tag":[],"class_list":{"0":"post-9718","1":"product","2":"type-product","3":"status-publish","4":"has-post-thumbnail","6":"product_cat-reactivos-quimicos","8":"first","9":"instock","10":"shipping-taxable","11":"purchasable","12":"product-type-simple","13":"col-xs-6 col-sm-4","14":"col-md-3 col-lg-2","15":"un-6-cols"},"_links":{"self":[{"href":"https:\/\/easypath.com.br\/es\/wp-json\/wp\/v2\/product\/9718","targetHints":{"allow":["GET"]}}],"collection":[{"href":"https:\/\/easypath.com.br\/es\/wp-json\/wp\/v2\/product"}],"about":[{"href":"https:\/\/easypath.com.br\/es\/wp-json\/wp\/v2\/types\/product"}],"replies":[{"embeddable":true,"href":"https:\/\/easypath.com.br\/es\/wp-json\/wp\/v2\/comments?post=9718"}],"version-history":[{"count":0,"href":"https:\/\/easypath.com.br\/es\/wp-json\/wp\/v2\/product\/9718\/revisions"}],"wp:featuredmedia":[{"embeddable":true,"href":"https:\/\/easypath.com.br\/es\/wp-json\/wp\/v2\/media\/7809"}],"wp:attachment":[{"href":"https:\/\/easypath.com.br\/es\/wp-json\/wp\/v2\/media?parent=9718"}],"wp:term":[{"taxonomy":"product_brand","embeddable":true,"href":"https:\/\/easypath.com.br\/es\/wp-json\/wp\/v2\/product_brand?post=9718"},{"taxonomy":"product_cat","embeddable":true,"href":"https:\/\/easypath.com.br\/es\/wp-json\/wp\/v2\/product_cat?post=9718"},{"taxonomy":"product_tag","embeddable":true,"href":"https:\/\/easypath.com.br\/es\/wp-json\/wp\/v2\/product_tag?post=9718"}],"curies":[{"name":"wp","href":"https:\/\/api.w.org\/{rel}","templated":true}]}}