{"id":9835,"date":"2024-09-22T20:20:48","date_gmt":"2024-09-22T23:20:48","guid":{"rendered":"https:\/\/easypath.com.br\/loja\/sin categor\u00eda\/glicerina-pa-acs-1250-g-1000-ml\/"},"modified":"2025-05-27T17:30:32","modified_gmt":"2025-05-27T20:30:32","slug":"glicerina-pa-acs-1250-g-1000-ml","status":"publish","type":"product","link":"https:\/\/easypath.com.br\/es\/loja\/histologia-es\/tinciones-nucleares\/reactivos-quimicos\/glicerina-pa-acs-1250-g-1000-ml\/","title":{"rendered":"Glicerina PA ACS (1250 g) &#8211; 1000 ml"},"content":{"rendered":"<h1>Glicerina PA ACS &#8211; 1000ml<\/h1>\n<h2>\u00bfQu\u00e9 es la ACS Glicerina PA y para qu\u00e9 se utiliza?<\/h2>\n<p><strong>La glicerina PA ACS<\/strong> es un l\u00edquido viscoso e incoloro muy utilizado como agente humectante, disolvente y en diversas f\u00f3rmulas farmac\u00e9uticas y cosm\u00e9ticas. No es t\u00f3xico y su uso es seguro en aplicaciones de laboratorio. <\/p>\n<h2>Caracter\u00edsticas de la glicerina PA ACS<\/h2>\n<ul>\n<li><strong>Pureza garantizada:<\/strong> Producido seg\u00fan las normas ACS, garantiza la calidad y la seguridad en las aplicaciones de laboratorio.<\/li>\n<li><strong>Versatilidad:<\/strong> Se utiliza en productos cosm\u00e9ticos, farmac\u00e9uticos y alimentarios como humectante y disolvente.<\/li>\n<li><strong>Estabilidad:<\/strong> Tiene una gran estabilidad qu\u00edmica y es resistente a la degradaci\u00f3n.<\/li>\n<li><strong>Biocompatibilidad:<\/strong> Ideal para formulaciones que requieren seguridad en contacto con la piel.<\/li>\n<li><strong>Facilidad de uso:<\/strong> Disponible en botellas de 1000 ml para facilitar su manejo y almacenamiento.<\/li>\n<\/ul>\n","protected":false},"excerpt":{"rendered":"<ul>\n<li>Alta pureza, ideal para aplicaciones precisas de laboratorio.<\/li>\n<li>Se utiliza como agente humectante y lubricante en diversos preparados.<\/li>\n<li>Recipiente de 1000 ml, pr\u00e1ctico para uso en laboratorio.<\/li>\n<li>Estable, con baja toxicidad, es seguro para diversos procesos de laboratorio.<\/li>\n<li>Viscosidad adecuada para su uso en f\u00f3rmulas farmac\u00e9uticas y cosm\u00e9ticas.<\/li>\n<\/ul>\n","protected":false},"featured_media":7849,"comment_status":"open","ping_status":"closed","template":"","meta":[],"product_brand":[],"product_cat":[366],"product_tag":[],"class_list":{"0":"post-9835","1":"product","2":"type-product","3":"status-publish","4":"has-post-thumbnail","6":"product_cat-reactivos-quimicos","8":"first","9":"instock","10":"shipping-taxable","11":"purchasable","12":"product-type-simple","13":"col-xs-6 col-sm-4","14":"col-md-3 col-lg-2","15":"un-6-cols"},"_links":{"self":[{"href":"https:\/\/easypath.com.br\/es\/wp-json\/wp\/v2\/product\/9835","targetHints":{"allow":["GET"]}}],"collection":[{"href":"https:\/\/easypath.com.br\/es\/wp-json\/wp\/v2\/product"}],"about":[{"href":"https:\/\/easypath.com.br\/es\/wp-json\/wp\/v2\/types\/product"}],"replies":[{"embeddable":true,"href":"https:\/\/easypath.com.br\/es\/wp-json\/wp\/v2\/comments?post=9835"}],"version-history":[{"count":0,"href":"https:\/\/easypath.com.br\/es\/wp-json\/wp\/v2\/product\/9835\/revisions"}],"wp:featuredmedia":[{"embeddable":true,"href":"https:\/\/easypath.com.br\/es\/wp-json\/wp\/v2\/media\/7849"}],"wp:attachment":[{"href":"https:\/\/easypath.com.br\/es\/wp-json\/wp\/v2\/media?parent=9835"}],"wp:term":[{"taxonomy":"product_brand","embeddable":true,"href":"https:\/\/easypath.com.br\/es\/wp-json\/wp\/v2\/product_brand?post=9835"},{"taxonomy":"product_cat","embeddable":true,"href":"https:\/\/easypath.com.br\/es\/wp-json\/wp\/v2\/product_cat?post=9835"},{"taxonomy":"product_tag","embeddable":true,"href":"https:\/\/easypath.com.br\/es\/wp-json\/wp\/v2\/product_tag?post=9835"}],"curies":[{"name":"wp","href":"https:\/\/api.w.org\/{rel}","templated":true}]}}