{"id":9896,"date":"2024-09-22T20:18:15","date_gmt":"2024-09-22T23:18:15","guid":{"rendered":"https:\/\/easypath.com.br\/loja\/sin categor\u00eda\/histokit-kit-de-tincion-especial-tricromico-de-masson\/"},"modified":"2025-05-27T17:30:42","modified_gmt":"2025-05-27T20:30:42","slug":"histokit-kit-de-tincion-especial-tricromico-de-masson","status":"publish","type":"product","link":"https:\/\/easypath.com.br\/es\/loja\/histologia-es\/tinciones-nucleares\/kits-de-coloracion-histokit\/histokit-kit-de-tincion-especial-tricromico-de-masson\/","title":{"rendered":"HistoKit Kit de tinci\u00f3n especial &#8211; Tricr\u00f3mico de Masson"},"content":{"rendered":"<h1>HistoKit Tricr\u00f3mico de Masson &#8211; Kit de tinci\u00f3n para diagn\u00f3sticos precisos<\/h1>\n<h2>\u00bfQu\u00e9 es la tinci\u00f3n Tricr\u00f3mica de Masson y para qu\u00e9 se utiliza?<\/h2>\n<p>La tinci\u00f3n <strong>Tricr\u00f3mica de Masson<\/strong> es una t\u00e9cnica utilizada en <strong>histopatolog\u00eda<\/strong> para diferenciar las fibras de col\u00e1geno de otras estructuras tisulares en muestras, con aplicaci\u00f3n esencial en el diagn\u00f3stico de enfermedades relacionadas con los tejidos conectivos. Mediante el uso de colorantes espec\u00edficos, el m\u00e9todo permite identificar los cambios en las fibras de col\u00e1geno y los tejidos conectivos, por lo que es ideal para el an\u00e1lisis de enfermedades hep\u00e1ticas, renales, card\u00edacas y musculares, en las que los cambios estructurales son visibles. Este m\u00e9todo resalta los componentes tisulares con gran contraste, proporcionando resultados muy distinguibles para diagnosticar enfermedades como la cirrosis y la fibrosis muscular.  <\/p>\n<h2>Kit de tinci\u00f3n con tricr\u00f3mico de Masson &#8211; HistoKit<\/h2>\n<p><strong>El HistoKit de Tricr\u00f3mico de Masson de<\/strong> EasyPath es un kit completo para tinciones especiales en procedimientos <strong>histopatol\u00f3gicos<\/strong>, que proporciona material suficiente para al menos 60 pruebas diagn\u00f3sticas. Con un tiempo de procedimiento r\u00e1pido de s\u00f3lo 30 minutos, el kit ofrece practicidad y eficacia. Viene con literatura t\u00e9cnica que te gu\u00eda en el m\u00e9todo de aplicaci\u00f3n, ayudando en los procedimientos cl\u00ednicos y de laboratorio de alta precisi\u00f3n.  <\/p>\n<h2>Caracter\u00edsticas del HistoKit Tricr\u00f3mico de Masson<\/h2>\n<ul>\n<li><strong>N\u00famero de pruebas:<\/strong> M\u00ednimo de 60 coloraciones garantizadas.<\/li>\n<li><strong>Tiempo del procedimiento:<\/strong> 30 minutos.<\/li>\n<li><strong>Finalidad:<\/strong> Utilizaci\u00f3n en procedimientos diagn\u00f3sticos.<\/li>\n<li><strong>Bibliograf\u00eda incluida:<\/strong> M\u00e9todo de procedimiento detallado.<\/li>\n<li><strong>Registro MS:<\/strong> 10039370005.<\/li>\n<\/ul>\n","protected":false},"excerpt":{"rendered":"<ul>\n<li><strong>Diagn\u00f3stico fiable:<\/strong> Proporciona tinci\u00f3n de alta definici\u00f3n para evaluar las alteraciones de los tejidos conectivos.<\/li>\n<li><strong>Eficacia:<\/strong> Procedimiento r\u00e1pido, completado en s\u00f3lo 30 minutos.<\/li>\n<li><strong>Practicidad:<\/strong> Kit completo con todos los reactivos e instrucciones detalladas.<\/li>\n<li><strong>Compatibilidad con distintas muestras:<\/strong> Ideal para tejidos hep\u00e1ticos, renales, card\u00edacos y musculares.<\/li>\n<li><strong>Resultados de alta precisi\u00f3n:<\/strong> Identificaci\u00f3n y diferenciaci\u00f3n exactas de las fibras de col\u00e1geno y otras estructuras tisulares.<\/li>\n<\/ul>\n","protected":false},"featured_media":7157,"comment_status":"open","ping_status":"closed","template":"","meta":[],"product_brand":[],"product_cat":[356],"product_tag":[],"class_list":{"0":"post-9896","1":"product","2":"type-product","3":"status-publish","4":"has-post-thumbnail","6":"product_cat-kits-de-coloracion-histokit","8":"first","9":"instock","10":"shipping-taxable","11":"purchasable","12":"product-type-simple","13":"col-xs-6 col-sm-4","14":"col-md-3 col-lg-2","15":"un-6-cols"},"_links":{"self":[{"href":"https:\/\/easypath.com.br\/es\/wp-json\/wp\/v2\/product\/9896","targetHints":{"allow":["GET"]}}],"collection":[{"href":"https:\/\/easypath.com.br\/es\/wp-json\/wp\/v2\/product"}],"about":[{"href":"https:\/\/easypath.com.br\/es\/wp-json\/wp\/v2\/types\/product"}],"replies":[{"embeddable":true,"href":"https:\/\/easypath.com.br\/es\/wp-json\/wp\/v2\/comments?post=9896"}],"version-history":[{"count":0,"href":"https:\/\/easypath.com.br\/es\/wp-json\/wp\/v2\/product\/9896\/revisions"}],"wp:featuredmedia":[{"embeddable":true,"href":"https:\/\/easypath.com.br\/es\/wp-json\/wp\/v2\/media\/7157"}],"wp:attachment":[{"href":"https:\/\/easypath.com.br\/es\/wp-json\/wp\/v2\/media?parent=9896"}],"wp:term":[{"taxonomy":"product_brand","embeddable":true,"href":"https:\/\/easypath.com.br\/es\/wp-json\/wp\/v2\/product_brand?post=9896"},{"taxonomy":"product_cat","embeddable":true,"href":"https:\/\/easypath.com.br\/es\/wp-json\/wp\/v2\/product_cat?post=9896"},{"taxonomy":"product_tag","embeddable":true,"href":"https:\/\/easypath.com.br\/es\/wp-json\/wp\/v2\/product_tag?post=9896"}],"curies":[{"name":"wp","href":"https:\/\/api.w.org\/{rel}","templated":true}]}}