{"id":9906,"date":"2024-09-22T20:21:23","date_gmt":"2024-09-22T23:21:23","guid":{"rendered":"https:\/\/easypath.com.br\/loja\/sin categor\u00eda\/metabisulfito-potasico-pa-500g\/"},"modified":"2025-05-27T17:30:29","modified_gmt":"2025-05-27T20:30:29","slug":"metabisulfito-potasico-pa-500g","status":"publish","type":"product","link":"https:\/\/easypath.com.br\/es\/loja\/histologia-es\/tinciones-nucleares\/reactivos-quimicos\/metabisulfito-potasico-pa-500g\/","title":{"rendered":"Metabisulfito pot\u00e1sico PA &#8211; 500g"},"content":{"rendered":"<h1>Metabisulfito pot\u00e1sico PA ACS &#8211; 500g<\/h1>\n<h2>\u00bfQu\u00e9 es el Metabisulfito pot\u00e1sico PA ACS y para qu\u00e9 se utiliza?<\/h2>\n<p><strong>El metabisulfito pot\u00e1sico PA ACS<\/strong> es una sal pot\u00e1sica muy utilizada como conservante y agente reductor en procesos qu\u00edmicos. Es esencial en la conservaci\u00f3n de alimentos y en la industria farmac\u00e9utica, adem\u00e1s de utilizarse en reacciones de decoloraci\u00f3n. <\/p>\n<h2>Caracter\u00edsticas del metabisulfito pot\u00e1sico PA ACS<\/h2>\n<ul>\n<li><strong>ACS de alta pureza:<\/strong> calidad y seguridad garantizadas para aplicaciones de laboratorio.<\/li>\n<li><strong>Conservante eficaz:<\/strong> Se utiliza para inhibir la oxidaci\u00f3n y prolongar la vida \u00fatil de los productos.<\/li>\n<li><strong>Pr\u00e1ctico envase:<\/strong> frasco de 500 g, ideal para su uso en laboratorios e industrias.<\/li>\n<li><strong>Versatilidad:<\/strong> Se utiliza en diversas aplicaciones, incluidos los procesos de vinificaci\u00f3n y el an\u00e1lisis qu\u00edmico.<\/li>\n<li><strong>F\u00e1cil de manejar:<\/strong> Soluble en agua, lo que facilita su aplicaci\u00f3n en diversas f\u00f3rmulas.<\/li>\n<\/ul>\n","protected":false},"excerpt":{"rendered":"<ul>\n<li>Tiene una elevada pureza ACS, lo que garantiza su calidad para uso en laboratorio.<\/li>\n<li>Muy utilizado como conservante y agente antioxidante en soluciones.<\/li>\n<li>Es un compuesto reductor, esencial en los procesos de decoloraci\u00f3n.<\/li>\n<li>Ideal para la industria alimentaria y de bebidas, especialmente en la producci\u00f3n de vino.<\/li>\n<li>Se suministra en un frasco de 500 g, pr\u00e1ctico para su manipulaci\u00f3n y almacenamiento.<\/li>\n<\/ul>\n","protected":false},"featured_media":7869,"comment_status":"open","ping_status":"closed","template":"","meta":[],"product_brand":[],"product_cat":[366],"product_tag":[],"class_list":{"0":"post-9906","1":"product","2":"type-product","3":"status-publish","4":"has-post-thumbnail","6":"product_cat-reactivos-quimicos","8":"first","9":"instock","10":"shipping-taxable","11":"purchasable","12":"product-type-simple","13":"col-xs-6 col-sm-4","14":"col-md-3 col-lg-2","15":"un-6-cols"},"_links":{"self":[{"href":"https:\/\/easypath.com.br\/es\/wp-json\/wp\/v2\/product\/9906","targetHints":{"allow":["GET"]}}],"collection":[{"href":"https:\/\/easypath.com.br\/es\/wp-json\/wp\/v2\/product"}],"about":[{"href":"https:\/\/easypath.com.br\/es\/wp-json\/wp\/v2\/types\/product"}],"replies":[{"embeddable":true,"href":"https:\/\/easypath.com.br\/es\/wp-json\/wp\/v2\/comments?post=9906"}],"version-history":[{"count":0,"href":"https:\/\/easypath.com.br\/es\/wp-json\/wp\/v2\/product\/9906\/revisions"}],"wp:featuredmedia":[{"embeddable":true,"href":"https:\/\/easypath.com.br\/es\/wp-json\/wp\/v2\/media\/7869"}],"wp:attachment":[{"href":"https:\/\/easypath.com.br\/es\/wp-json\/wp\/v2\/media?parent=9906"}],"wp:term":[{"taxonomy":"product_brand","embeddable":true,"href":"https:\/\/easypath.com.br\/es\/wp-json\/wp\/v2\/product_brand?post=9906"},{"taxonomy":"product_cat","embeddable":true,"href":"https:\/\/easypath.com.br\/es\/wp-json\/wp\/v2\/product_cat?post=9906"},{"taxonomy":"product_tag","embeddable":true,"href":"https:\/\/easypath.com.br\/es\/wp-json\/wp\/v2\/product_tag?post=9906"}],"curies":[{"name":"wp","href":"https:\/\/api.w.org\/{rel}","templated":true}]}}