{"id":9977,"date":"2024-09-22T20:22:37","date_gmt":"2024-09-22T23:22:37","guid":{"rendered":"https:\/\/easypath.com.br\/loja\/sin categor\u00eda\/verde-claro-verde-amarillento-claro-ci-42095-25g\/"},"modified":"2025-05-27T17:30:25","modified_gmt":"2025-05-27T20:30:25","slug":"verde-claro-verde-amarillento-claro-ci-42095-25g","status":"publish","type":"product","link":"https:\/\/easypath.com.br\/es\/loja\/histologia-es\/tinciones-nucleares\/reactivos-quimicos\/verde-claro-verde-amarillento-claro-ci-42095-25g\/","title":{"rendered":"Verde claro &#8211; Verde amarillento claro (CI. 42095) &#8211; 25g"},"content":{"rendered":"<h1>Verde claro &#8211; Verde amarillento claro (CI 42095), 25 g<\/h1>\n<h2>\u00bfQu\u00e9 es el Verde Claro y para qu\u00e9 se utiliza?<\/h2>\n<p><strong>El<\/strong> Verde Claro, tambi\u00e9n conocido como Verde Amarillo Claro (CI 42095), es un colorante utilizado habitualmente en biolog\u00eda e histolog\u00eda para te\u00f1ir estructuras celulares. Este colorante facilita la visualizaci\u00f3n de componentes espec\u00edficos en las muestras, por lo que el Verde Claro es una elecci\u00f3n popular en los an\u00e1lisis microsc\u00f3picos. El frasco contiene 25 g, ideal para su uso en laboratorios de diagn\u00f3stico e investigaci\u00f3n.  <\/p>\n<h2>Caracter\u00edsticas del verde claro &#8211; verde claro amarillento (CI 42095)<\/h2>\n<p>El <strong>Verde Claro<\/strong> de <strong>EasyPath<\/strong> es muy puro y adecuado para las t\u00e9cnicas de laboratorio que requieren precisi\u00f3n y un color duradero.<\/p>\n<h3>Beneficios del Verde claro &#8211; Verde claro amarillento (CI 42095)<\/h3>\n<ul>\n<li><strong>Colorante espec\u00edfico:<\/strong> Destinado a la tinci\u00f3n de estructuras celulares en histolog\u00eda.<\/li>\n<li><strong>Alta pureza:<\/strong> producto de calidad PA, que garantiza la precisi\u00f3n en los an\u00e1lisis microsc\u00f3picos.<\/li>\n<li><strong>Aplicaci\u00f3n vers\u00e1til:<\/strong> Adecuado para t\u00e9cnicas biol\u00f3gicas y estudios de tejidos.<\/li>\n<li><strong>Envase de 25 g:<\/strong> Cantidad ideal para aplicaciones de laboratorio.<\/li>\n<li><strong>Marca de confianza:<\/strong> EasyPath, sin\u00f3nimo de calidad en reactivos de laboratorio.<\/li>\n<\/ul>\n","protected":false},"excerpt":{"rendered":"<ul>\n<li>Colorante utilizado para colorear las estructuras celulares en histolog\u00eda.<\/li>\n<li>Ofrece un color amarillento claro, ideal para una visualizaci\u00f3n detallada.<\/li>\n<li>Producto de PA con una pureza adecuada para aplicaciones biol\u00f3gicas.<\/li>\n<li>Pr\u00e1ctico envase de 25 g, adecuado para su uso en peque\u00f1os experimentos.<\/li>\n<li>Fabricado por EasyPath, lo que garantiza la calidad en el proceso de coloraci\u00f3n.<\/li>\n<\/ul>\n","protected":false},"featured_media":7897,"comment_status":"open","ping_status":"closed","template":"","meta":[],"product_brand":[],"product_cat":[366],"product_tag":[],"class_list":{"0":"post-9977","1":"product","2":"type-product","3":"status-publish","4":"has-post-thumbnail","6":"product_cat-reactivos-quimicos","8":"first","9":"instock","10":"shipping-taxable","11":"purchasable","12":"product-type-simple","13":"col-xs-6 col-sm-4","14":"col-md-3 col-lg-2","15":"un-6-cols"},"_links":{"self":[{"href":"https:\/\/easypath.com.br\/es\/wp-json\/wp\/v2\/product\/9977","targetHints":{"allow":["GET"]}}],"collection":[{"href":"https:\/\/easypath.com.br\/es\/wp-json\/wp\/v2\/product"}],"about":[{"href":"https:\/\/easypath.com.br\/es\/wp-json\/wp\/v2\/types\/product"}],"replies":[{"embeddable":true,"href":"https:\/\/easypath.com.br\/es\/wp-json\/wp\/v2\/comments?post=9977"}],"version-history":[{"count":0,"href":"https:\/\/easypath.com.br\/es\/wp-json\/wp\/v2\/product\/9977\/revisions"}],"wp:featuredmedia":[{"embeddable":true,"href":"https:\/\/easypath.com.br\/es\/wp-json\/wp\/v2\/media\/7897"}],"wp:attachment":[{"href":"https:\/\/easypath.com.br\/es\/wp-json\/wp\/v2\/media?parent=9977"}],"wp:term":[{"taxonomy":"product_brand","embeddable":true,"href":"https:\/\/easypath.com.br\/es\/wp-json\/wp\/v2\/product_brand?post=9977"},{"taxonomy":"product_cat","embeddable":true,"href":"https:\/\/easypath.com.br\/es\/wp-json\/wp\/v2\/product_cat?post=9977"},{"taxonomy":"product_tag","embeddable":true,"href":"https:\/\/easypath.com.br\/es\/wp-json\/wp\/v2\/product_tag?post=9977"}],"curies":[{"name":"wp","href":"https:\/\/api.w.org\/{rel}","templated":true}]}}